{"id":631,"date":"2016-05-17T14:24:18","date_gmt":"2016-05-17T14:24:18","guid":{"rendered":"http:\/\/www.greenrio.com.br\/?page_id=631"},"modified":"2026-03-04T15:17:06","modified_gmt":"2026-03-04T15:17:06","slug":"informacoes-gerais","status":"publish","type":"page","link":"https:\/\/www.greenrio.com.br\/index.php\/informacoes-gerais\/","title":{"rendered":"Informa\u00e7\u00f5es Gerais"},"content":{"rendered":"<p>[et_pb_section fb_built=&#8221;1&#8243; admin_label=&#8221;section&#8221; _builder_version=&#8221;4.16&#8243; global_colors_info=&#8221;{}&#8221;][et_pb_row column_structure=&#8221;2_3,1_3&#8243; _builder_version=&#8221;4.27.0&#8243; background_size=&#8221;initial&#8221; background_position=&#8221;top_left&#8221; background_repeat=&#8221;repeat&#8221; custom_margin=&#8221;-20px||-65px||false|false&#8221; global_module=&#8221;12364&#8243; locked=&#8221;off&#8221; global_colors_info=&#8221;{}&#8221;][et_pb_column type=&#8221;2_3&#8243; _builder_version=&#8221;4.16&#8243; custom_padding=&#8221;|||&#8221; global_colors_info=&#8221;{}&#8221; custom_padding__hover=&#8221;|||&#8221;][et_pb_image src=&#8221;https:\/\/www.greenrio.com.br\/wp-content\/uploads\/Logo-Green-Rio-Tech-2026-px.jpg&#8221; url=&#8221;https:\/\/www.greenrio.com.br\/&#8221; align=&#8221;center&#8221; _builder_version=&#8221;4.27.0&#8243; vertical_offset_tablet=&#8221;0&#8243; horizontal_offset_tablet=&#8221;0&#8243; z_index_tablet=&#8221;0&#8243; box_shadow_horizontal_tablet=&#8221;0px&#8221; box_shadow_vertical_tablet=&#8221;0px&#8221; box_shadow_blur_tablet=&#8221;40px&#8221; box_shadow_spread_tablet=&#8221;0px&#8221; global_colors_info=&#8221;{}&#8221;][\/et_pb_image][\/et_pb_column][et_pb_column type=&#8221;1_3&#8243; _builder_version=&#8221;4.16&#8243; custom_padding=&#8221;|||&#8221; global_colors_info=&#8221;{}&#8221; custom_padding__hover=&#8221;|||&#8221;][et_pb_text _builder_version=&#8221;4.27.0&#8243; vertical_offset_tablet=&#8221;0&#8243; horizontal_offset_tablet=&#8221;0&#8243; width=&#8221;100%&#8221; max_width=&#8221;100%&#8221; module_alignment=&#8221;right&#8221; custom_margin=&#8221;||0px||false|false&#8221; custom_padding=&#8221;7px|||&#8221; z_index_tablet=&#8221;0&#8243; text_text_shadow_horizontal_length_tablet=&#8221;0px&#8221; text_text_shadow_vertical_length_tablet=&#8221;0px&#8221; text_text_shadow_blur_strength_tablet=&#8221;1px&#8221; link_text_shadow_horizontal_length_tablet=&#8221;0px&#8221; link_text_shadow_vertical_length_tablet=&#8221;0px&#8221; link_text_shadow_blur_strength_tablet=&#8221;1px&#8221; ul_text_shadow_horizontal_length_tablet=&#8221;0px&#8221; ul_text_shadow_vertical_length_tablet=&#8221;0px&#8221; ul_text_shadow_blur_strength_tablet=&#8221;1px&#8221; ol_text_shadow_horizontal_length_tablet=&#8221;0px&#8221; ol_text_shadow_vertical_length_tablet=&#8221;0px&#8221; ol_text_shadow_blur_strength_tablet=&#8221;1px&#8221; quote_text_shadow_horizontal_length_tablet=&#8221;0px&#8221; quote_text_shadow_vertical_length_tablet=&#8221;0px&#8221; quote_text_shadow_blur_strength_tablet=&#8221;1px&#8221; header_text_shadow_horizontal_length_tablet=&#8221;0px&#8221; header_text_shadow_vertical_length_tablet=&#8221;0px&#8221; header_text_shadow_blur_strength_tablet=&#8221;1px&#8221; header_2_text_shadow_horizontal_length_tablet=&#8221;0px&#8221; header_2_text_shadow_vertical_length_tablet=&#8221;0px&#8221; header_2_text_shadow_blur_strength_tablet=&#8221;1px&#8221; header_3_text_shadow_horizontal_length_tablet=&#8221;0px&#8221; header_3_text_shadow_vertical_length_tablet=&#8221;0px&#8221; header_3_text_shadow_blur_strength_tablet=&#8221;1px&#8221; header_4_text_shadow_horizontal_length_tablet=&#8221;0px&#8221; header_4_text_shadow_vertical_length_tablet=&#8221;0px&#8221; header_4_text_shadow_blur_strength_tablet=&#8221;1px&#8221; header_5_text_shadow_horizontal_length_tablet=&#8221;0px&#8221; header_5_text_shadow_vertical_length_tablet=&#8221;0px&#8221; header_5_text_shadow_blur_strength_tablet=&#8221;1px&#8221; header_6_text_shadow_horizontal_length_tablet=&#8221;0px&#8221; header_6_text_shadow_vertical_length_tablet=&#8221;0px&#8221; header_6_text_shadow_blur_strength_tablet=&#8221;1px&#8221; box_shadow_horizontal_tablet=&#8221;0px&#8221; box_shadow_vertical_tablet=&#8221;0px&#8221; box_shadow_blur_tablet=&#8221;40px&#8221; box_shadow_spread_tablet=&#8221;0px&#8221; global_colors_info=&#8221;{}&#8221;]<\/p>\n<p><a href=\"https:\/\/www.instagram.com\/greenrioplaneta\/\" target=\"_blank\" rel=\"noopener\"><img loading=\"lazy\" decoding=\"async\" class=\"alignnone wp-image-31047\" src=\"https:\/\/www.greenrio.com.br\/wp-content\/uploads\/instagram1-1.jpg\" alt=\"\" width=\"20\" height=\"20\" \/><\/a>\u00a0 \u00a0 <a href=\"https:\/\/www.facebook.com\/greenriobr#\" target=\"_blank\" rel=\"noopener\"><img loading=\"lazy\" decoding=\"async\" class=\"alignnone wp-image-31048\" src=\"https:\/\/www.greenrio.com.br\/wp-content\/uploads\/face-2.jpg\" alt=\"\" width=\"20\" height=\"20\" \/><\/a>\u00a0 \u00a0 <a href=\"https:\/\/www.linkedin.com\/company\/planeta-org-nico\/\" target=\"_blank\" rel=\"noopener\"><img loading=\"lazy\" decoding=\"async\" class=\"alignnone wp-image-31049\" src=\"https:\/\/www.greenrio.com.br\/wp-content\/uploads\/linkedin-1-1.png\" alt=\"\" width=\"20\" height=\"20\" \/><\/a>\u00a0 \u00a0 <a href=\"https:\/\/x.com\/planetaorganico\" target=\"_blank\" rel=\"noopener\"><img loading=\"lazy\" decoding=\"async\" class=\"alignnone wp-image-31045\" src=\"https:\/\/www.greenrio.com.br\/wp-content\/uploads\/RedeX.png\" alt=\"\" width=\"20\" height=\"20\" \/><\/a>\u00a0 \u00a0 <a href=\"https:\/\/www.youtube.com\/channel\/UCgHbUl62NXc625ClP360seQ\" target=\"_blank\" rel=\"noopener\"><img loading=\"lazy\" decoding=\"async\" class=\"alignnone wp-image-31050\" src=\"https:\/\/www.greenrio.com.br\/wp-content\/uploads\/youtube-1.jpg\" alt=\"\" width=\"20\" height=\"20\" \/><\/a>\u00a0 \u00a0 <a href=\"https:\/\/www.greenrio.com.br\/index.php\/green-rio-news\/\" target=\"_blank\" rel=\"noopener\"><img loading=\"lazy\" decoding=\"async\" class=\"alignnone wp-image-2616\" src=\"https:\/\/www.greenrio.com.br\/wp-content\/uploads\/newsletter.jpg\" alt=\"\" width=\"20\" height=\"20\" \/><\/a> <img loading=\"lazy\" decoding=\"async\" class=\"alignnone size-full wp-image-32799\" src=\"https:\/\/www.greenrio.com.br\/wp-content\/uploads\/Logo-home-26-pot.jpg\" alt=\"\" width=\"120\" height=\"51\" \/><\/p>\n<p>[\/et_pb_text][\/et_pb_column][\/et_pb_row][et_pb_row _builder_version=&#8221;4.27.0&#8243; _module_preset=&#8221;default&#8221; custom_padding=&#8221;64px||||false|false&#8221; global_colors_info=&#8221;{}&#8221; custom_padding__hover_enabled=&#8221;off|desktop&#8221;][et_pb_column type=&#8221;4_4&#8243; _builder_version=&#8221;4.27.0&#8243; _module_preset=&#8221;default&#8221; global_colors_info=&#8221;{}&#8221;][et_pb_divider _builder_version=&#8221;4.27.0&#8243; _module_preset=&#8221;default&#8221; global_colors_info=&#8221;{}&#8221;][\/et_pb_divider][\/et_pb_column][\/et_pb_row][et_pb_row column_structure=&#8221;3_5,2_5&#8243; admin_label=&#8221;row&#8221; _builder_version=&#8221;4.27.0&#8243; background_size=&#8221;initial&#8221; background_position=&#8221;top_left&#8221; background_repeat=&#8221;repeat&#8221; locked=&#8221;off&#8221; global_colors_info=&#8221;{}&#8221;][et_pb_column type=&#8221;3_5&#8243; _builder_version=&#8221;4.16&#8243; custom_padding=&#8221;|||&#8221; global_colors_info=&#8221;{}&#8221; custom_padding__hover=&#8221;|||&#8221;][et_pb_text admin_label=&#8221;Texto&#8221; _builder_version=&#8221;4.27.0&#8243; background_size=&#8221;initial&#8221; background_position=&#8221;top_left&#8221; background_repeat=&#8221;repeat&#8221; use_border_color=&#8221;off&#8221; border_color=&#8221;#ffffff&#8221; border_style=&#8221;solid&#8221; locked=&#8221;off&#8221; global_colors_info=&#8221;{}&#8221;]<\/p>\n<p><span style=\"font-family: Arial, Helvetica, sans-serif; font-size: 12pt;\"><strong>Data:<\/strong>\u00a029 e 30 de outubro de 2026<br \/><\/span><span style=\"font-family: Arial, Helvetica, sans-serif; font-size: 12pt;\"><\/span><span style=\"font-family: Arial, Helvetica, sans-serif; font-size: 12pt;\"><strong style=\"font-size: 12pt;\">Hor\u00e1rios:<\/strong><span style=\"font-size: 12pt;\">\u00a0<\/span><span style=\"font-size: 12pt;\">5\u00aa e 6\u00aa feira, das 10h \u00e0s 19h<br \/><\/span><strong>Local:<\/strong> Marina da Gl\u00f3ria | Rio de Janeiro<\/span><br \/><span style=\"font-family: Arial, Helvetica, sans-serif; font-size: 12pt;\">Av. Infante Dom Henrique S\/N, Gl\u00f3ria &#8211; Rio de Janeiro &#8211; RJ &#8211; Brasil<br \/><\/span><\/p>\n<p>&nbsp;<\/p>\n<p>[\/et_pb_text][\/et_pb_column][et_pb_column type=&#8221;2_5&#8243; _builder_version=&#8221;4.16&#8243; custom_padding=&#8221;|||&#8221; global_colors_info=&#8221;{}&#8221; custom_padding__hover=&#8221;|||&#8221;][\/et_pb_column][\/et_pb_row][et_pb_row admin_label=&#8221;row&#8221; _builder_version=&#8221;4.16&#8243; background_size=&#8221;initial&#8221; background_position=&#8221;top_left&#8221; background_repeat=&#8221;repeat&#8221; global_colors_info=&#8221;{}&#8221;][et_pb_column type=&#8221;4_4&#8243; _builder_version=&#8221;4.16&#8243; custom_padding=&#8221;|||&#8221; global_colors_info=&#8221;{}&#8221; custom_padding__hover=&#8221;|||&#8221;][et_pb_text admin_label=&#8221;Texto&#8221; _builder_version=&#8221;4.27.0&#8243; background_size=&#8221;initial&#8221; background_position=&#8221;top_left&#8221; background_repeat=&#8221;repeat&#8221; hover_enabled=&#8221;0&#8243; use_border_color=&#8221;off&#8221; border_color=&#8221;#ffffff&#8221; border_style=&#8221;solid&#8221; global_colors_info=&#8221;{}&#8221; sticky_enabled=&#8221;0&#8243;]<\/p>\n<table style=\"height: 5px; background-color: #2b660d;\" width=\"860\">\n<tbody>\n<tr>\n<td><span style=\"color: #ffffff;\"><strong><span style=\"font-family: Arial, Helvetica, sans-serif; font-size: 18pt;\">Informa\u00e7\u00f5es<\/span><\/strong><\/span><\/td>\n<\/tr>\n<\/tbody>\n<\/table>\n<p><strong><span style=\"font-family: Arial, Helvetica, sans-serif; font-size: 12pt;\"><span style=\"font-size: 14pt;\">Green Rio Tech \/ Blue Economy Rio 2026<\/span><\/span><\/strong><span style=\"font-size: 12pt; line-height: 1.7em;\"><br \/><\/span><\/p>\n<p><span style=\"font-size: 12pt;\"><strong>A Marina da Gl\u00f3ria est\u00e1 localizada no cora\u00e7\u00e3o da cidade do Rio de Janeiro<\/strong><\/span><\/p>\n<p><span style=\"font-size: 12pt;\">Pr\u00f3xima do centro da cidade do Rio de Janeiro e ao lado do Aeroporto Santos Dumont, a Marina da Gl\u00f3ria est\u00e1 totalmente integrada \u00e0 cidade e ao Parque do Flamengo, com f\u00e1cil acesso.<\/span><\/p>\n<p><span style=\"font-family: Arial, Helvetica, sans-serif; font-size: 12pt;\"><strong>De carro:<\/strong>\u00a0A Marina da Gl\u00f3ria possui estacionamento terceirizado ao lado do pavilh\u00e3o de exposi\u00e7\u00f5es. Acesso pela Av. Infante Don Henrique, no Aterro do Flamengo.\u00a0<\/span><span style=\"font-family: Arial, Helvetica, sans-serif; font-size: 12pt;\">Vindo do centro da cidade ou do Aeroporto Santos Dumont, fazer o contorno antes de chegar \u00e0 praia de Botafogo.<\/span><\/p>\n<p><span style=\"font-family: Arial, Helvetica, sans-serif; font-size: 12pt;\"><strong>De Metr\u00f4 (Esta\u00e7\u00e3o Gl\u00f3ria) + 10 minutos \u00e0 p\u00e9: <\/strong>a organiza\u00e7\u00e3o do Green Rio se reuniu com a Prefeitura do Rio de Janeiro e Guarda Municipal de forma a verificar o acesso sugerido entre o Metr\u00f4 Gl\u00f3ria e a Marina da Gl\u00f3ria. A imagem a seguir tem a descri\u00e7\u00e3o. O caminho a p\u00e9 entre o metr\u00f4 Gl\u00f3ria e a entrada da Marina da Gl\u00f3ria pode ser feito em dez minutos:<\/span><\/p>\n<p><img loading=\"lazy\" decoding=\"async\" class=\"size-full wp-image-3432 alignnone\" src=\"https:\/\/www.greenrio.com.br\/wp-content\/uploads\/MAPA-DE-LOCALIZACAO-GREEN-RIO.jpg\" alt=\"\" width=\"1100\" height=\"619\" srcset=\"https:\/\/www.greenrio.com.br\/wp-content\/uploads\/MAPA-DE-LOCALIZACAO-GREEN-RIO.jpg 1100w, https:\/\/www.greenrio.com.br\/wp-content\/uploads\/MAPA-DE-LOCALIZACAO-GREEN-RIO-300x169.jpg 300w, https:\/\/www.greenrio.com.br\/wp-content\/uploads\/MAPA-DE-LOCALIZACAO-GREEN-RIO-768x432.jpg 768w, https:\/\/www.greenrio.com.br\/wp-content\/uploads\/MAPA-DE-LOCALIZACAO-GREEN-RIO-1024x576.jpg 1024w, https:\/\/www.greenrio.com.br\/wp-content\/uploads\/MAPA-DE-LOCALIZACAO-GREEN-RIO-1080x608.jpg 1080w\" sizes=\"auto, (max-width: 1100px) 100vw, 1100px\" \/><\/p>\n<p><span style=\"font-size: 12pt;\"><strong>De barco:<\/strong> Contatar a marina (ECO 37) no VHF 68 ou 16 para informar a chegada.<\/span><\/p>\n<p><span style=\"font-family: Arial, Helvetica, sans-serif; font-size: 12pt;\"><strong>De avi\u00e3o ou helic\u00f3ptero:<\/strong> Aeroporto Santos Dumont<\/span><\/p>\n<p><span style=\"font-size: 12pt;\"><strong>E-mail para contato: <a href=\"mailto:fa**********@***il.com\" data-original-string=\"Xs1enVg+AWLjKOuQqcHrTA==9101yPEU\/h+uYMGxQcGmE9U0A5hUsZmu2rXKuxItowoaJA=\" title=\"This contact has been encoded by Anti-Spam by CleanTalk. Click to decode. To finish the decoding make sure that JavaScript is enabled in your browser.\" target=\"_blank\" rel=\"noopener noreferrer\"><span \n                data-original-string='5sogm6IOBUxpIhXM\/fi1Ew==9106xtMTIlxoZZQf6rCOU+XEm+dLpYiLsOO2+f+hh+6hp4='\n                class='apbct-email-encoder'\n                title='This contact has been encoded by Anti-Spam by CleanTalk. Click to decode. To finish the decoding make sure that JavaScript is enabled in your browser.'>fa<span class=\"apbct-blur\">**********<\/span>@<span class=\"apbct-blur\">***<\/span>il.com<\/span>\u00a0<\/a><\/strong><\/span><\/p>\n<p>[\/et_pb_text][et_pb_divider _builder_version=&#8221;4.16&#8243; _module_preset=&#8221;default&#8221; global_colors_info=&#8221;{}&#8221;][\/et_pb_divider][\/et_pb_column][\/et_pb_row][et_pb_row admin_label=&#8221;row&#8221; _builder_version=&#8221;4.16&#8243; background_size=&#8221;initial&#8221; background_position=&#8221;top_left&#8221; background_repeat=&#8221;repeat&#8221; global_colors_info=&#8221;{}&#8221;][et_pb_column type=&#8221;4_4&#8243; _builder_version=&#8221;4.16&#8243; custom_padding=&#8221;|||&#8221; global_colors_info=&#8221;{}&#8221; custom_padding__hover=&#8221;|||&#8221;][et_pb_text admin_label=&#8221;Texto&#8221; _builder_version=&#8221;4.16&#8243; background_size=&#8221;initial&#8221; background_position=&#8221;top_left&#8221; background_repeat=&#8221;repeat&#8221; use_border_color=&#8221;off&#8221; border_color=&#8221;#ffffff&#8221; border_style=&#8221;solid&#8221; global_colors_info=&#8221;{}&#8221;]<span style=\"font-size: 12pt;\"><strong><a href=\"mailto:fa**********@***il.com\" data-original-string=\"v7JGAs4SamVKDpmj9nYCtg==910TfGK0CGqiAwO9p6oM2kMWzIBEvIU6ip8ocgvVqL\/I+w=\" title=\"This contact has been encoded by Anti-Spam by CleanTalk. Click to decode. To finish the decoding make sure that JavaScript is enabled in your browser.\" target=\"_blank\" rel=\"noopener noreferrer\"><\/a><\/strong><\/span><\/p>\n<p><img loading=\"lazy\" decoding=\"async\" class=\"size-full wp-image-924\" src=\"https:\/\/www.greenrio.com.br\/wp-content\/uploads\/marinadagloria-greenrio.jpg\" alt=\"DCIM100GOPRO\" width=\"800\" height=\"421\" srcset=\"https:\/\/www.greenrio.com.br\/wp-content\/uploads\/marinadagloria-greenrio.jpg 800w, https:\/\/www.greenrio.com.br\/wp-content\/uploads\/marinadagloria-greenrio-300x158.jpg 300w\" sizes=\"auto, (max-width: 800px) 100vw, 800px\" \/>[\/et_pb_text][et_pb_divider _builder_version=&#8221;4.16&#8243; _module_preset=&#8221;default&#8221; global_colors_info=&#8221;{}&#8221;][\/et_pb_divider][\/et_pb_column][\/et_pb_row][et_pb_row _builder_version=&#8221;4.16&#8243; _module_preset=&#8221;default&#8221; locked=&#8221;off&#8221; global_colors_info=&#8221;{}&#8221;][et_pb_column type=&#8221;4_4&#8243; _builder_version=&#8221;4.16&#8243; _module_preset=&#8221;default&#8221; global_colors_info=&#8221;{}&#8221;][et_pb_image src=&#8221;https:\/\/www.greenrio.com.br\/wp-content\/uploads\/branco.png&#8221; title_text=&#8221;branco&#8221; align=&#8221;center&#8221; _builder_version=&#8221;4.27.0&#8243; vertical_offset_tablet=&#8221;0&#8243; horizontal_offset_tablet=&#8221;0&#8243; width=&#8221;100%&#8221; z_index_tablet=&#8221;0&#8243; box_shadow_horizontal_tablet=&#8221;0px&#8221; box_shadow_vertical_tablet=&#8221;0px&#8221; box_shadow_blur_tablet=&#8221;40px&#8221; box_shadow_spread_tablet=&#8221;0px&#8221; global_module=&#8221;14260&#8243; global_colors_info=&#8221;{}&#8221;]<\/p>\n<p>[\/et_pb_image][et_pb_image src=&#8221;https:\/\/www.greenrio.com.br\/wp-content\/uploads\/branco.png&#8221; align=&#8221;center&#8221; _builder_version=&#8221;4.5.2&#8243; vertical_offset_tablet=&#8221;0&#8243; horizontal_offset_tablet=&#8221;0&#8243; width=&#8221;100%&#8221; z_index_tablet=&#8221;0&#8243; box_shadow_horizontal_tablet=&#8221;0px&#8221; box_shadow_vertical_tablet=&#8221;0px&#8221; box_shadow_blur_tablet=&#8221;40px&#8221; box_shadow_spread_tablet=&#8221;0px&#8221; global_module=&#8221;14263&#8243; global_colors_info=&#8221;{}&#8221;][\/et_pb_image][\/et_pb_column][\/et_pb_row][et_pb_row padding_mobile=&#8221;off&#8221; column_padding_mobile=&#8221;on&#8221; admin_label=&#8221;Linha&#8221; module_class=&#8221; et_pb_row_fullwidth&#8221; _builder_version=&#8221;4.16&#8243; background_size=&#8221;initial&#8221; background_position=&#8221;top_left&#8221; background_repeat=&#8221;repeat&#8221; width=&#8221;94%&#8221; width_tablet=&#8221;80%&#8221; width_phone=&#8221;&#8221; width_last_edited=&#8221;on|desktop&#8221; max_width=&#8221;94%&#8221; max_width_tablet=&#8221;80%&#8221; max_width_phone=&#8221;&#8221; max_width_last_edited=&#8221;on|desktop&#8221; make_fullwidth=&#8221;on&#8221; use_custom_width=&#8221;off&#8221; width_unit=&#8221;on&#8221; global_colors_info=&#8221;{}&#8221;][et_pb_column type=&#8221;4_4&#8243; _builder_version=&#8221;4.16&#8243; custom_padding=&#8221;|||&#8221; global_colors_info=&#8221;{}&#8221; custom_padding__hover=&#8221;|||&#8221;][et_pb_text admin_label=&#8221;Texto&#8221; _builder_version=&#8221;4.16&#8243; background_size=&#8221;initial&#8221; background_position=&#8221;top_left&#8221; background_repeat=&#8221;repeat&#8221; use_border_color=&#8221;off&#8221; border_color=&#8221;#ffffff&#8221; border_style=&#8221;solid&#8221; global_colors_info=&#8221;{}&#8221;]<iframe loading=\"lazy\" style=\"border: 0;\" src=\"https:\/\/www.google.com\/maps\/embed?pb=!1m18!1m12!1m3!1d14699.36429436038!2d-43.18343424607932!3d-22.919232027249915!2m3!1f0!2f0!3f0!3m2!1i1024!2i768!4f13.1!3m3!1m2!1s0x0000000000000000%3A0xf1f26312e97db447!2sMarina+da+Gl%C3%B3ria!5e0!3m2!1spt-BR!2sbr!4v1447868491888\" width=\"1480\" height=\"450\" frameborder=\"0\" allowfullscreen=\"allowfullscreen\"><\/iframe><\/p>\n<p>&nbsp;<\/p>\n<hr \/>\n<p>&nbsp;<br \/>\n[\/et_pb_text][\/et_pb_column][\/et_pb_row][\/et_pb_section][et_pb_section fb_built=&#8221;1&#8243; _builder_version=&#8221;4.16&#8243; _module_preset=&#8221;default&#8221; locked=&#8221;off&#8221; global_colors_info=&#8221;{}&#8221;][et_pb_row _builder_version=&#8221;4.16&#8243; _module_preset=&#8221;default&#8221; global_colors_info=&#8221;{}&#8221;][et_pb_column type=&#8221;4_4&#8243; _builder_version=&#8221;4.16&#8243; _module_preset=&#8221;default&#8221; global_colors_info=&#8221;{}&#8221;][et_pb_text _builder_version=&#8221;4.27.0&#8243; vertical_offset_tablet=&#8221;0&#8243; horizontal_offset_tablet=&#8221;0&#8243; module_alignment=&#8221;right&#8221; z_index_tablet=&#8221;0&#8243; text_text_shadow_horizontal_length_tablet=&#8221;0px&#8221; text_text_shadow_vertical_length_tablet=&#8221;0px&#8221; text_text_shadow_blur_strength_tablet=&#8221;1px&#8221; link_text_shadow_horizontal_length_tablet=&#8221;0px&#8221; link_text_shadow_vertical_length_tablet=&#8221;0px&#8221; link_text_shadow_blur_strength_tablet=&#8221;1px&#8221; ul_text_shadow_horizontal_length_tablet=&#8221;0px&#8221; ul_text_shadow_vertical_length_tablet=&#8221;0px&#8221; ul_text_shadow_blur_strength_tablet=&#8221;1px&#8221; ol_text_shadow_horizontal_length_tablet=&#8221;0px&#8221; ol_text_shadow_vertical_length_tablet=&#8221;0px&#8221; ol_text_shadow_blur_strength_tablet=&#8221;1px&#8221; quote_text_shadow_horizontal_length_tablet=&#8221;0px&#8221; quote_text_shadow_vertical_length_tablet=&#8221;0px&#8221; quote_text_shadow_blur_strength_tablet=&#8221;1px&#8221; header_text_shadow_horizontal_length_tablet=&#8221;0px&#8221; header_text_shadow_vertical_length_tablet=&#8221;0px&#8221; header_text_shadow_blur_strength_tablet=&#8221;1px&#8221; header_2_text_shadow_horizontal_length_tablet=&#8221;0px&#8221; header_2_text_shadow_vertical_length_tablet=&#8221;0px&#8221; header_2_text_shadow_blur_strength_tablet=&#8221;1px&#8221; header_3_text_shadow_horizontal_length_tablet=&#8221;0px&#8221; header_3_text_shadow_vertical_length_tablet=&#8221;0px&#8221; header_3_text_shadow_blur_strength_tablet=&#8221;1px&#8221; header_4_text_shadow_horizontal_length_tablet=&#8221;0px&#8221; header_4_text_shadow_vertical_length_tablet=&#8221;0px&#8221; header_4_text_shadow_blur_strength_tablet=&#8221;1px&#8221; header_5_text_shadow_horizontal_length_tablet=&#8221;0px&#8221; header_5_text_shadow_vertical_length_tablet=&#8221;0px&#8221; header_5_text_shadow_blur_strength_tablet=&#8221;1px&#8221; header_6_text_shadow_horizontal_length_tablet=&#8221;0px&#8221; header_6_text_shadow_vertical_length_tablet=&#8221;0px&#8221; header_6_text_shadow_blur_strength_tablet=&#8221;1px&#8221; box_shadow_horizontal_tablet=&#8221;0px&#8221; box_shadow_vertical_tablet=&#8221;0px&#8221; box_shadow_blur_tablet=&#8221;40px&#8221; box_shadow_spread_tablet=&#8221;0px&#8221; global_module=&#8221;12643&#8243; global_colors_info=&#8221;{}&#8221;]<\/p>\n<p style=\"text-align: right;\"><em><span style=\"font-size: 12px;\"><a href=\"https:\/\/www.greenrio.com.br\/index.php\/termo-de-uso\/\" target=\"_blank\" rel=\"noopener noreferrer\">Termos de uso<\/a> e <a href=\"https:\/\/www.greenrio.com.br\/index.php\/politica-de-privacidade\/\" target=\"_blank\" rel=\"noopener noreferrer\">pol\u00edticas de privacidade<\/a> do Green Rio<\/span><\/em><\/p>\n<p>[\/et_pb_text][\/et_pb_column][\/et_pb_row][\/et_pb_section]<\/p>\n","protected":false},"excerpt":{"rendered":"<p>\u00a0 \u00a0 \u00a0 \u00a0 \u00a0 \u00a0 \u00a0 \u00a0 \u00a0 \u00a0 Data:\u00a029 e 30 de outubro de 2026Hor\u00e1rios:\u00a05\u00aa e 6\u00aa feira, das 10h \u00e0s 19hLocal: Marina da Gl\u00f3ria | Rio de JaneiroAv. Infante Dom Henrique S\/N, Gl\u00f3ria &#8211; Rio de Janeiro &#8211; RJ &#8211; Brasil &nbsp; Informa\u00e7\u00f5es Green Rio Tech \/ Blue Economy Rio 2026 A [&hellip;]<\/p>\n","protected":false},"author":1,"featured_media":0,"parent":0,"menu_order":0,"comment_status":"closed","ping_status":"open","template":"","meta":{"_et_pb_use_builder":"on","_et_pb_old_content":"<table style=\"height: 5px; background-color: #2b660d;\" width=\"860\"><tbody><tr><td><span style=\"color: #ffffff;\"><strong><span style=\"font-family: Arial, Helvetica, sans-serif; font-size: 18pt;\">Como chegar<\/span><\/strong><\/span><\/td><\/tr><\/tbody><\/table><p><span style=\"font-family: Arial, Helvetica, sans-serif; font-size: 12pt;\">Marina da Gl\u00f3ria<\/span><br \/><span style=\"font-family: Arial, Helvetica, sans-serif; font-size: 12pt;\"> Rio de Janeiro<\/span><br \/><span style=\"font-family: Arial, Helvetica, sans-serif; font-size: 12pt;\"> Av. Infante Dom Henrique S\/N, Gl\u00f3ria - Rio de Janeiro - RJ 20021-140 Brasil<\/span><\/p><p><span style=\"font-family: Arial, Helvetica, sans-serif; font-size: 12pt;\"><strong>A marina est\u00e1 localizada no cora\u00e7\u00e3o da cidade do Rio de Janeiro<br \/><\/strong><\/span><span style=\"font-family: Arial, Helvetica, sans-serif; font-size: 12pt;\">Pr\u00f3xima do centro da cidade do Rio de Janeiro e ao lado do Aeroporto Santos Dumont, a Marina da Gl\u00f3ria est\u00e1 totalmente integrada \u00e0 cidade e ao Parque do Flamengo, com f\u00e1cil acesso.<br \/><\/span><span style=\"font-family: Arial, Helvetica, sans-serif; font-size: 12pt;\"><strong>De carro:<\/strong> Acesso pela Av. Infante Don Henrique, no Aterro do Flamengo.<\/span><br \/><span style=\"font-family: Arial, Helvetica, sans-serif; font-size: 12pt;\"> Vindo do centro da cidade ou do Aeroporto Santos Dumont, fazer o contorno logo ap\u00f3s o Porc\u00e3o.<br \/><\/span><span style=\"font-family: Arial, Helvetica, sans-serif; font-size: 12pt;\"><strong>De barco:<\/strong> Contatar a marina (ECO 37) no VHF 68 ou 16 para informar a chegada.<br \/><\/span><span style=\"font-family: Arial, Helvetica, sans-serif; font-size: 12pt;\"><strong>De avi\u00e3o ou helic\u00f3ptero:<\/strong> Aeroporto Santos Dumont<\/span><\/p><p>\u00a0<\/p><p><img class=\"alignleft size-full wp-image-635\" src=\"http:\/\/www.greenrio.com.br\/wp-content\/uploads\/marinadagloriaben.jpg\" alt=\"marinadagloriaben\" width=\"690\" height=\"470\" \/><\/p><p>\u00a0<\/p><p>\u00a0<\/p><p>\u00a0<\/p><p>\u00a0<\/p><p><iframe style=\"border: 0;\" src=\"https:\/\/www.google.com\/maps\/embed?pb=!1m18!1m12!1m3!1d14699.36429436038!2d-43.18343424607932!3d-22.919232027249915!2m3!1f0!2f0!3f0!3m2!1i1024!2i768!4f13.1!3m3!1m2!1s0x0000000000000000%3A0xf1f26312e97db447!2sMarina+da+Gl%C3%B3ria!5e0!3m2!1spt-BR!2sbr!4v1447868491888\" width=\"800\" height=\"600\" frameborder=\"0\" allowfullscreen=\"allowfullscreen\"><\/iframe><\/p><hr \/><p>\u00a0<\/p>","_et_gb_content_width":"","footnotes":""},"class_list":["post-631","page","type-page","status-publish","hentry"],"_links":{"self":[{"href":"https:\/\/www.greenrio.com.br\/index.php\/wp-json\/wp\/v2\/pages\/631","targetHints":{"allow":["GET"]}}],"collection":[{"href":"https:\/\/www.greenrio.com.br\/index.php\/wp-json\/wp\/v2\/pages"}],"about":[{"href":"https:\/\/www.greenrio.com.br\/index.php\/wp-json\/wp\/v2\/types\/page"}],"author":[{"embeddable":true,"href":"https:\/\/www.greenrio.com.br\/index.php\/wp-json\/wp\/v2\/users\/1"}],"replies":[{"embeddable":true,"href":"https:\/\/www.greenrio.com.br\/index.php\/wp-json\/wp\/v2\/comments?post=631"}],"version-history":[{"count":96,"href":"https:\/\/www.greenrio.com.br\/index.php\/wp-json\/wp\/v2\/pages\/631\/revisions"}],"predecessor-version":[{"id":32803,"href":"https:\/\/www.greenrio.com.br\/index.php\/wp-json\/wp\/v2\/pages\/631\/revisions\/32803"}],"wp:attachment":[{"href":"https:\/\/www.greenrio.com.br\/index.php\/wp-json\/wp\/v2\/media?parent=631"}],"curies":[{"name":"wp","href":"https:\/\/api.w.org\/{rel}","templated":true}]}}