{"id":31218,"date":"2025-03-27T19:51:45","date_gmt":"2025-03-27T19:51:45","guid":{"rendered":"https:\/\/www.greenrio.com.br\/?page_id=31218"},"modified":"2025-03-31T17:24:18","modified_gmt":"2025-03-31T17:24:18","slug":"action-sociale-par-la-musique-au-bresil","status":"publish","type":"page","link":"https:\/\/www.greenrio.com.br\/index.php\/action-sociale-par-la-musique-au-bresil\/","title":{"rendered":"ACTION SOCIALE PAR LA MUSIQUE AU BR\u00c9SIL"},"content":{"rendered":"<p>[et_pb_section fb_built=&#8221;1&#8243; _builder_version=&#8221;4.27.0&#8243; _module_preset=&#8221;default&#8221; width=&#8221;100%&#8221; max_width=&#8221;1480px&#8221; module_alignment=&#8221;center&#8221; locked=&#8221;off&#8221; global_colors_info=&#8221;{}&#8221;][et_pb_row column_structure=&#8221;1_3,2_3&#8243; _builder_version=&#8221;4.27.0&#8243; _module_preset=&#8221;default&#8221; background_color=&#8221;#E02B20&#8243; global_colors_info=&#8221;{}&#8221;][et_pb_column type=&#8221;1_3&#8243; _builder_version=&#8221;4.27.0&#8243; _module_preset=&#8221;default&#8221; global_colors_info=&#8221;{}&#8221;][et_pb_image src=&#8221;https:\/\/www.greenrio.com.br\/wp-content\/uploads\/Logo-ASMB-fundo-branco_2.png&#8221; title_text=&#8221;Logo-ASMB-fundo-branco_2&#8243; align=&#8221;right&#8221; _builder_version=&#8221;4.27.0&#8243; _module_preset=&#8221;default&#8221; custom_padding=&#8221;|||34px|false|false&#8221; global_colors_info=&#8221;{}&#8221;][\/et_pb_image][\/et_pb_column][et_pb_column type=&#8221;2_3&#8243; _builder_version=&#8221;4.27.0&#8243; _module_preset=&#8221;default&#8221; global_colors_info=&#8221;{}&#8221;][et_pb_text _builder_version=&#8221;4.27.0&#8243; _module_preset=&#8221;default&#8221; text_font=&#8221;|700|||||||&#8221; text_text_color=&#8221;#FFFFFF&#8221; text_font_size=&#8221;26px&#8221; text_line_height=&#8221;1.3em&#8221; text_orientation=&#8221;center&#8221; custom_margin=&#8221;20px||||false|false&#8221; global_colors_info=&#8221;{}&#8221;]<\/p>\n<p>ACTION SOCIALE PAR LA MUSIQUE AU BR\u00c9SIL<br \/>A\u00e7\u00e3o Social pela M\u00fasica do Brasil<\/p>\n<p>[\/et_pb_text][et_pb_text _builder_version=&#8221;4.27.0&#8243; _module_preset=&#8221;default&#8221; text_font=&#8221;|700|||||||&#8221; text_text_color=&#8221;#FFFFFF&#8221; text_font_size=&#8221;26px&#8221; text_line_height=&#8221;1.3em&#8221; text_orientation=&#8221;center&#8221; custom_margin=&#8221;10px||10px||true|false&#8221; custom_padding=&#8221;13px||||false|false&#8221; global_colors_info=&#8221;{}&#8221;]<\/p>\n<p>CAMERATA DES JEUNES DE RIO DE JANEIRO<br \/>Camerata Jovem do Rio de Janeiro<\/p>\n<p>[\/et_pb_text][\/et_pb_column][\/et_pb_row][et_pb_row _builder_version=&#8221;4.27.0&#8243; _module_preset=&#8221;default&#8221; global_colors_info=&#8221;{}&#8221;][et_pb_column type=&#8221;4_4&#8243; _builder_version=&#8221;4.27.0&#8243; _module_preset=&#8221;default&#8221; global_colors_info=&#8221;{}&#8221;][et_pb_image src=&#8221;https:\/\/www.greenrio.com.br\/wp-content\/uploads\/Imag-Camerata-Municipal-scaled.jpg&#8221; title_text=&#8221;Imag-Camerata-Municipal&#8221; _builder_version=&#8221;4.27.0&#8243; _module_preset=&#8221;default&#8221; custom_margin=&#8221;-15px||||false|false&#8221; global_colors_info=&#8221;{}&#8221;][\/et_pb_image][\/et_pb_column][\/et_pb_row][et_pb_row _builder_version=&#8221;4.27.0&#8243; _module_preset=&#8221;default&#8221; background_color=&#8221;#E02B20&#8243; custom_margin=&#8221;-15px||||false|false&#8221; global_colors_info=&#8221;{}&#8221;][et_pb_column type=&#8221;4_4&#8243; _builder_version=&#8221;4.27.0&#8243; _module_preset=&#8221;default&#8221; global_colors_info=&#8221;{}&#8221;][et_pb_text _builder_version=&#8221;4.27.0&#8243; _module_preset=&#8221;default&#8221; text_font=&#8221;|700|||||||&#8221; text_text_color=&#8221;#FFFFFF&#8221; text_font_size=&#8221;18px&#8221; text_line_height=&#8221;1.4em&#8221; custom_padding=&#8221;|55px||55px|false|true&#8221; global_colors_info=&#8221;{}&#8221;]<\/p>\n<p>La Camerata des Jeunes de Rio de Janeiro se compose de 17 jeunes musiciens &#8221;cariocas&#8221; (c&#8217;est-\u00e0-dire originaires de Rio), \u00e2g\u00e9s de 18 \u00e0 25 ans, tous issus du projet Action Sociale par la Musique au Br\u00e9sil (ASMB). Ces jeunes proviennent de diff\u00e9rentes communaut\u00e9s d\u00e9favoris\u00e9es (favelas) de l&#8217;\u00c9tat de Rio de Janeiro. Leur trajectoire est le fruit d&#8217;un important mouvement de discrimination positive qui leur conf\u00e8re une grande visibilit\u00e9 et inspire les jeunes dans les m\u00eames conditions \u00e0 poursuivre ce chemin et \u00e0 r\u00e9aliser leurs r\u00eaves.<\/p>\n<p>[\/et_pb_text][\/et_pb_column][\/et_pb_row][et_pb_row _builder_version=&#8221;4.27.0&#8243; _module_preset=&#8221;default&#8221; global_colors_info=&#8221;{}&#8221;][et_pb_column type=&#8221;4_4&#8243; _builder_version=&#8221;4.27.0&#8243; _module_preset=&#8221;default&#8221; global_colors_info=&#8221;{}&#8221;][et_pb_text _builder_version=&#8221;4.27.0&#8243; _module_preset=&#8221;default&#8221; text_font=&#8221;|700|||||||&#8221; text_text_color=&#8221;#000000&#8243; text_font_size=&#8221;18px&#8221; text_line_height=&#8221;1.4em&#8221; custom_padding=&#8221;|55px||55px|false|true&#8221; global_colors_info=&#8221;{}&#8221;]<\/p>\n<p>Cr\u00e9\u00e9e il y a 8 ans \u00e0 peine, la Camerata s\u2019est d\u00e9j\u00e0 produite dans des lieux renomm\u00e9s de la musique classique au Br\u00e9sil, comme\u00a0: le Th\u00e9\u00e2tre Municipal de Rio de Janeiro (la principale salle de concert et d\u2019op\u00e9ra \u00e0 Rio), la Salle Cecilia Meireles, la Cit\u00e9 des Arts, le festival Rock in Rio, ainsi que d\u2019autres centres culturels. Ces jeunes musiciens ont eu l\u2019occasion de jouer aux c\u00f4t\u00e9s de musiciens renomm\u00e9s comme les pianistes Lang Lang et Arnaldo Cohen, le violoniste Koh Gabriel Kameda, le guitarist Yamandu Costa et le regrett\u00e9 violoncelliste Antonio Meneses.<\/p>\n<p>En 2017, ils ont effectu\u00e9 leur premi\u00e8re tourn\u00e9e en Europe (Allemagne et Pays-Bas) o\u00f9 ils ont jou\u00e9 dans de prestigieuses salles de concert comme le Concertgebouw d&#8217;Amsterdam. En 2018, la Camerata a \u00e9t\u00e9 de nouveau invit\u00e9e \u00e0 jouer \u00e0 l&#8217;\u00e9tranger, cette fois \u00e0 New York, o\u00f9 elle s&#8217;est produite \u00e0 l&#8217;ONU.<br \/>En ao\u00fbt 2019, la Camerata a entrepris sa deuxi\u00e8me tourn\u00e9e europ\u00e9enne, au cours de laquelle elle a jou\u00e9 pour de nombreux et larges publics en Allemagne et en Suisse.<\/p>\n<p>La Camerata des Jeunes de Rio de Janeiro (CJRJ) fera une tourn\u00e9e en Europe au mois de mai 2025! Notre programme comprend des pr\u00e9sentations exceptionnelles \u00e0 Paris, au siege de l&#8217;UNESCO, \u00e0 l&#8217;Eglise de St. Ignace, aux auditoriums de la Sorbonne Nouvelle et de la Sorbonne Universit\u00e9, ainsi qu&#8217;au Lyc\u00e9e International de l&#8217;Est Parisien (LIEP).<\/p>\n<p>[\/et_pb_text][\/et_pb_column][\/et_pb_row][et_pb_row _builder_version=&#8221;4.27.0&#8243; _module_preset=&#8221;default&#8221; background_color=&#8221;#E02B20&#8243; global_colors_info=&#8221;{}&#8221;][et_pb_column type=&#8221;4_4&#8243; _builder_version=&#8221;4.27.0&#8243; _module_preset=&#8221;default&#8221; global_colors_info=&#8221;{}&#8221;][et_pb_text _builder_version=&#8221;4.27.0&#8243; _module_preset=&#8221;default&#8221; text_font=&#8221;|700|||||||&#8221; text_text_color=&#8221;#FFFFFF&#8221; text_font_size=&#8221;18px&#8221; text_line_height=&#8221;1.4em&#8221; custom_padding=&#8221;|55px||55px|false|true&#8221; global_colors_info=&#8221;{}&#8221;]<\/p>\n<p>Le 22 mars, Jeudi, la Camerata donnera un concert \u00e0 la Sorbonne Nouvelle, \u00e0&#8230; heures. Veuillez cliquer sur le lien ci-dessous pour vous inscrire et s\u00e9curiser votre place. Ce sera un plaisir d&#8217;avoir votre pr\u00e9sence!<\/p>\n<p>[\/et_pb_text][\/et_pb_column][\/et_pb_row][et_pb_row column_structure=&#8221;1_4,1_2,1_4&#8243; _builder_version=&#8221;4.27.0&#8243; _module_preset=&#8221;default&#8221; border_width_all=&#8221;4px&#8221; border_color_all=&#8221;#000000&#8243; global_colors_info=&#8221;{}&#8221;][et_pb_column type=&#8221;1_4&#8243; _builder_version=&#8221;4.27.0&#8243; _module_preset=&#8221;default&#8221; global_colors_info=&#8221;{}&#8221;][\/et_pb_column][et_pb_column type=&#8221;1_2&#8243; _builder_version=&#8221;4.27.0&#8243; _module_preset=&#8221;default&#8221; global_colors_info=&#8221;{}&#8221;][et_pb_text _builder_version=&#8221;4.27.0&#8243; _module_preset=&#8221;default&#8221; text_font=&#8221;|700|on||||||&#8221; text_text_color=&#8221;#000000&#8243; text_font_size=&#8221;23px&#8221; text_orientation=&#8221;right&#8221; global_colors_info=&#8221;{}&#8221;]<\/p>\n<p>Cliquez s&#8217;il vous pla\u00eet sur le lien ci-dessous <br \/>pour vous inscrire<\/p>\n<p>[\/et_pb_text][\/et_pb_column][et_pb_column type=&#8221;1_4&#8243; _builder_version=&#8221;4.27.0&#8243; _module_preset=&#8221;default&#8221; global_colors_info=&#8221;{}&#8221;][\/et_pb_column][\/et_pb_row][et_pb_row admin_label=&#8221;Linha&#8221; _builder_version=&#8221;4.16&#8243; background_size=&#8221;initial&#8221; background_position=&#8221;top_left&#8221; background_repeat=&#8221;repeat&#8221; width=&#8221;95%&#8221; locked=&#8221;off&#8221; global_colors_info=&#8221;{}&#8221;][et_pb_column type=&#8221;4_4&#8243; _builder_version=&#8221;4.16&#8243; custom_padding=&#8221;|||&#8221; global_colors_info=&#8221;{}&#8221; custom_padding__hover=&#8221;|||&#8221;][et_pb_text admin_label=&#8221;Linha&#8221; _builder_version=&#8221;4.16&#8243; background_size=&#8221;initial&#8221; background_position=&#8221;top_left&#8221; background_repeat=&#8221;repeat&#8221; use_border_color=&#8221;off&#8221; border_color=&#8221;#ffffff&#8221; border_style=&#8221;solid&#8221; global_colors_info=&#8221;{}&#8221;]<\/p>\n<hr \/>\n<p>[\/et_pb_text][\/et_pb_column][\/et_pb_row][\/et_pb_section][et_pb_section fb_built=&#8221;1&#8243; _builder_version=&#8221;4.16&#8243; _module_preset=&#8221;default&#8221; locked=&#8221;off&#8221; global_colors_info=&#8221;{}&#8221;][et_pb_row _builder_version=&#8221;4.16&#8243; _module_preset=&#8221;default&#8221; global_colors_info=&#8221;{}&#8221;][et_pb_column type=&#8221;4_4&#8243; _builder_version=&#8221;4.16&#8243; _module_preset=&#8221;default&#8221; global_colors_info=&#8221;{}&#8221;][et_pb_text _builder_version=&#8221;4.5.2&#8243; vertical_offset_tablet=&#8221;0&#8243; horizontal_offset_tablet=&#8221;0&#8243; module_alignment=&#8221;right&#8221; z_index_tablet=&#8221;0&#8243; text_text_shadow_horizontal_length_tablet=&#8221;0px&#8221; text_text_shadow_vertical_length_tablet=&#8221;0px&#8221; text_text_shadow_blur_strength_tablet=&#8221;1px&#8221; link_text_shadow_horizontal_length_tablet=&#8221;0px&#8221; link_text_shadow_vertical_length_tablet=&#8221;0px&#8221; link_text_shadow_blur_strength_tablet=&#8221;1px&#8221; ul_text_shadow_horizontal_length_tablet=&#8221;0px&#8221; ul_text_shadow_vertical_length_tablet=&#8221;0px&#8221; ul_text_shadow_blur_strength_tablet=&#8221;1px&#8221; ol_text_shadow_horizontal_length_tablet=&#8221;0px&#8221; ol_text_shadow_vertical_length_tablet=&#8221;0px&#8221; ol_text_shadow_blur_strength_tablet=&#8221;1px&#8221; quote_text_shadow_horizontal_length_tablet=&#8221;0px&#8221; quote_text_shadow_vertical_length_tablet=&#8221;0px&#8221; quote_text_shadow_blur_strength_tablet=&#8221;1px&#8221; header_text_shadow_horizontal_length_tablet=&#8221;0px&#8221; header_text_shadow_vertical_length_tablet=&#8221;0px&#8221; header_text_shadow_blur_strength_tablet=&#8221;1px&#8221; header_2_text_shadow_horizontal_length_tablet=&#8221;0px&#8221; header_2_text_shadow_vertical_length_tablet=&#8221;0px&#8221; header_2_text_shadow_blur_strength_tablet=&#8221;1px&#8221; header_3_text_shadow_horizontal_length_tablet=&#8221;0px&#8221; header_3_text_shadow_vertical_length_tablet=&#8221;0px&#8221; header_3_text_shadow_blur_strength_tablet=&#8221;1px&#8221; header_4_text_shadow_horizontal_length_tablet=&#8221;0px&#8221; header_4_text_shadow_vertical_length_tablet=&#8221;0px&#8221; header_4_text_shadow_blur_strength_tablet=&#8221;1px&#8221; header_5_text_shadow_horizontal_length_tablet=&#8221;0px&#8221; header_5_text_shadow_vertical_length_tablet=&#8221;0px&#8221; header_5_text_shadow_blur_strength_tablet=&#8221;1px&#8221; header_6_text_shadow_horizontal_length_tablet=&#8221;0px&#8221; header_6_text_shadow_vertical_length_tablet=&#8221;0px&#8221; header_6_text_shadow_blur_strength_tablet=&#8221;1px&#8221; box_shadow_horizontal_tablet=&#8221;0px&#8221; box_shadow_vertical_tablet=&#8221;0px&#8221; box_shadow_blur_tablet=&#8221;40px&#8221; box_shadow_spread_tablet=&#8221;0px&#8221; global_module=&#8221;12896&#8243; global_colors_info=&#8221;{}&#8221;]<\/p>\n<p style=\"text-align: right;\"><em><span style=\"font-size: 12px;\">I agree to Green Rio <a href=\"https:\/\/www.greenrio.com.br\/index.php\/terms-of-use\" target=\"_blank\" rel=\"noopener noreferrer\">terms of use<\/a> and <a href=\"https:\/\/www.greenrio.com.br\/index.php\/privacy-policy-english\/\" target=\"_blank\" rel=\"noopener noreferrer\">privacy policies<\/a>\u00a0<\/span><\/em><\/p>\n<p>[\/et_pb_text][\/et_pb_column][\/et_pb_row][\/et_pb_section]<\/p>\n","protected":false},"excerpt":{"rendered":"<p>ACTION SOCIALE PAR LA MUSIQUE AU BR\u00c9SILA\u00e7\u00e3o Social pela M\u00fasica do BrasilCAMERATA DES JEUNES DE RIO DE JANEIROCamerata Jovem do Rio de JaneiroLa Camerata des Jeunes de Rio de Janeiro se compose de 17 jeunes musiciens &#8221;cariocas&#8221; (c&#8217;est-\u00e0-dire originaires de Rio), \u00e2g\u00e9s de 18 \u00e0 25 ans, tous issus du projet Action Sociale par la [&hellip;]<\/p>\n","protected":false},"author":1,"featured_media":0,"parent":0,"menu_order":0,"comment_status":"closed","ping_status":"open","template":"page-template-blank.php","meta":{"_et_pb_use_builder":"on","_et_pb_old_content":"","_et_gb_content_width":"","footnotes":""},"class_list":["post-31218","page","type-page","status-publish","hentry"],"_links":{"self":[{"href":"https:\/\/www.greenrio.com.br\/index.php\/wp-json\/wp\/v2\/pages\/31218","targetHints":{"allow":["GET"]}}],"collection":[{"href":"https:\/\/www.greenrio.com.br\/index.php\/wp-json\/wp\/v2\/pages"}],"about":[{"href":"https:\/\/www.greenrio.com.br\/index.php\/wp-json\/wp\/v2\/types\/page"}],"author":[{"embeddable":true,"href":"https:\/\/www.greenrio.com.br\/index.php\/wp-json\/wp\/v2\/users\/1"}],"replies":[{"embeddable":true,"href":"https:\/\/www.greenrio.com.br\/index.php\/wp-json\/wp\/v2\/comments?post=31218"}],"version-history":[{"count":7,"href":"https:\/\/www.greenrio.com.br\/index.php\/wp-json\/wp\/v2\/pages\/31218\/revisions"}],"predecessor-version":[{"id":31241,"href":"https:\/\/www.greenrio.com.br\/index.php\/wp-json\/wp\/v2\/pages\/31218\/revisions\/31241"}],"wp:attachment":[{"href":"https:\/\/www.greenrio.com.br\/index.php\/wp-json\/wp\/v2\/media?parent=31218"}],"curies":[{"name":"wp","href":"https:\/\/api.w.org\/{rel}","templated":true}]}}