{"id":25917,"date":"2024-04-11T18:00:02","date_gmt":"2024-04-11T18:00:02","guid":{"rendered":"https:\/\/www.greenrio.com.br\/?page_id=25917"},"modified":"2024-06-21T16:27:50","modified_gmt":"2024-06-21T16:27:50","slug":"programacion-mcif","status":"publish","type":"page","link":"https:\/\/www.greenrio.com.br\/index.php\/programacion-mcif\/","title":{"rendered":"Programaci\u00f3n &#8211; I Summit Cambios clim\u00e1ticos e incendios forestales"},"content":{"rendered":"<p>[et_pb_section fb_built=&#8221;1&#8243; _builder_version=&#8221;4.5.2&#8243; _module_preset=&#8221;default&#8221; background_color=&#8221;#006600&#8243; locked=&#8221;off&#8221;][et_pb_row column_structure=&#8221;3_4,1_4&#8243; _builder_version=&#8221;4.5.2&#8243; _module_preset=&#8221;default&#8221;][et_pb_column type=&#8221;3_4&#8243; _builder_version=&#8221;4.5.2&#8243; _module_preset=&#8221;default&#8221;][et_pb_menu menu_id=&#8221;33&#8243; active_link_color=&#8221;#e09900&#8243; logo=&#8221;https:\/\/www.greenrio.com.br\/wp-content\/uploads\/Logo_MCIF_Espanhol-140px30-04-2024.jpg&#8221; logo_url=&#8221;https:\/\/www.greenrio.com.br\/index.php\/cambio-climatico-e-incendios-forestales\/&#8221; _builder_version=&#8221;4.5.2&#8243; _module_preset=&#8221;default&#8221; menu_font=&#8221;|700|||||||&#8221; menu_text_color=&#8221;#ffffff&#8221; menu_font_size=&#8221;18px&#8221; background_color=&#8221;#006600&#8243; border_radii_image=&#8221;on|3px|3px|3px|3px&#8221;][\/et_pb_menu][\/et_pb_column][et_pb_column type=&#8221;1_4&#8243; _builder_version=&#8221;4.5.2&#8243; _module_preset=&#8221;default&#8221;][et_pb_text _builder_version=&#8221;4.5.2&#8243; _module_preset=&#8221;default&#8221; text_font=&#8221;|700|||||||&#8221; text_text_color=&#8221;#000000&#8243; text_font_size=&#8221;20px&#8221; text_line_height=&#8221;2.5em&#8221; background_color=&#8221;#ffffff&#8221; text_orientation=&#8221;center&#8221; width=&#8221;90%&#8221; custom_margin=&#8221;7px||||false|false&#8221; animation_style=&#8221;fade&#8221; link_option_url=&#8221;https:\/\/www.hbatools.com.br\/i-summit-mudancas-climaticas-e-incendios-florestais__1607&#8243; link_option_url_new_window=&#8221;on&#8221; border_radii=&#8221;on|5px|5px|5px|5px&#8221;]<\/p>\n<p>Registrar aqu\u00ed<\/p>\n<p>[\/et_pb_text][\/et_pb_column][\/et_pb_row][\/et_pb_section][et_pb_section fb_built=&#8221;1&#8243; fullwidth=&#8221;on&#8221; _builder_version=&#8221;4.5.2&#8243; _module_preset=&#8221;default&#8221;][et_pb_fullwidth_image src=&#8221;https:\/\/www.greenrio.com.br\/wp-content\/uploads\/Banner_MCIF-program-esp-30-04.jpg&#8221; title_text=&#8221;Banner_MCIF-program-esp-30-04&#8243; _builder_version=&#8221;4.5.2&#8243; _module_preset=&#8221;default&#8221;][\/et_pb_fullwidth_image][\/et_pb_section][et_pb_section fb_built=&#8221;1&#8243; _builder_version=&#8221;4.5.2&#8243; _module_preset=&#8221;default&#8221; locked=&#8221;off&#8221;][et_pb_row column_structure=&#8221;1_2,1_2&#8243; _builder_version=&#8221;4.5.2&#8243; _module_preset=&#8221;default&#8221; width=&#8221;100%&#8221; max_width=&#8221;1651px&#8221;][et_pb_column type=&#8221;1_2&#8243; _builder_version=&#8221;4.5.2&#8243; _module_preset=&#8221;default&#8221;][et_pb_image src=&#8221;https:\/\/www.greenrio.com.br\/wp-content\/uploads\/Logos-Esp-PPOA.jpg&#8221; title_text=&#8221;Logos-Esp-PPOA&#8221; url_new_window=&#8221;on&#8221; align=&#8221;center&#8221; _builder_version=&#8221;4.5.2&#8243; _module_preset=&#8221;default&#8221;][\/et_pb_image][\/et_pb_column][et_pb_column type=&#8221;1_2&#8243; _builder_version=&#8221;4.5.2&#8243; _module_preset=&#8221;default&#8221;][et_pb_image src=&#8221;https:\/\/www.greenrio.com.br\/wp-content\/uploads\/Logos-Esp-AAP.jpg&#8221; title_text=&#8221;Logos-Esp-AAP&#8221; url_new_window=&#8221;on&#8221; align=&#8221;center&#8221; _builder_version=&#8221;4.5.2&#8243; _module_preset=&#8221;default&#8221;][\/et_pb_image][\/et_pb_column][\/et_pb_row][\/et_pb_section][et_pb_section fb_built=&#8221;1&#8243; _builder_version=&#8221;4.5.2&#8243; _module_preset=&#8221;default&#8221; background_color=&#8221;#1B6600&#8243; custom_margin=&#8221;-17px||-2px||false|false&#8221; custom_padding=&#8221;15px||0px||false|false&#8221;][et_pb_row column_structure=&#8221;1_3,1_3,1_3&#8243; _builder_version=&#8221;4.5.2&#8243; _module_preset=&#8221;default&#8221;][et_pb_column type=&#8221;1_3&#8243; _builder_version=&#8221;4.5.2&#8243; _module_preset=&#8221;default&#8221;][et_pb_text _builder_version=&#8221;4.5.2&#8243; _module_preset=&#8221;default&#8221; text_font=&#8221;|600|||||||&#8221; text_text_color=&#8221;#ffffff&#8221; text_font_size=&#8221;28px&#8221; text_orientation=&#8221;right&#8221;]<\/p>\n<p>PROGRAMACI\u00d3N<\/p>\n<p>[\/et_pb_text][\/et_pb_column][et_pb_column type=&#8221;1_3&#8243; _builder_version=&#8221;4.5.2&#8243; _module_preset=&#8221;default&#8221;][\/et_pb_column][et_pb_column type=&#8221;1_3&#8243; _builder_version=&#8221;4.5.2&#8243; _module_preset=&#8221;default&#8221;][\/et_pb_column][\/et_pb_row][\/et_pb_section][et_pb_section fb_built=&#8221;1&#8243; _builder_version=&#8221;4.5.2&#8243; _module_preset=&#8221;default&#8221; background_color=&#8221;rgba(0,0,0,0)&#8221; locked=&#8221;off&#8221;][et_pb_row _builder_version=&#8221;4.5.2&#8243; _module_preset=&#8221;default&#8221; background_color=&#8221;#3A3C3E&#8221; width=&#8221;100%&#8221;][et_pb_column type=&#8221;4_4&#8243; _builder_version=&#8221;4.5.2&#8243; _module_preset=&#8221;default&#8221;][et_pb_text _builder_version=&#8221;4.5.2&#8243; _module_preset=&#8221;default&#8221; text_font=&#8221;|600|||||||&#8221; text_text_color=&#8221;#ffffff&#8221; text_font_size=&#8221;22px&#8221; custom_padding=&#8221;|45px||45px|false|true&#8221;]<\/p>\n<p>D\u00cdA 27 DE JUNIO (JUEVES)<\/p>\n<p>[\/et_pb_text][et_pb_text _builder_version=&#8221;4.5.2&#8243; _module_preset=&#8221;default&#8221; text_font=&#8221;||||||||&#8221; text_text_color=&#8221;#ffffff&#8221; text_font_size=&#8221;16px&#8221; custom_padding=&#8221;4px|||||&#8221;]<\/p>\n<table style=\"width: 90%; border-color: #fefefe; margin-left: auto; margin-right: auto;\" border=\"#FEFEFE\">\n<tbody>\n<tr style=\"height: 24px;\">\n<td style=\"width: 767.05px; height: 24px;\" colspan=\"2\"><strong>08:00 \/ 08:45 &#8211; Registro<\/strong><\/td>\n<\/tr>\n<tr style=\"height: 24px;\">\n<td style=\"width: 767.05px; height: 24px;\" colspan=\"2\"><strong>09:00 \/ 10:00 &#8211; Apertura<\/strong><\/td>\n<\/tr>\n<tr style=\"height: 24px;\">\n<td style=\"width: 767.05px; background-color: #9acd74; height: 24px;\" colspan=\"2\"><strong>Panel 1 &#8211; Visi\u00f3n Global del Incendio &#8211; Cooperaci\u00f3n Internacional<\/strong><\/td>\n<\/tr>\n<tr style=\"height: 96px;\">\n<td style=\"width: 767.05px; height: 96px;\" colspan=\"2\"><strong>10:00 \/ 10:30\u00a0 \u2022\u00a0 Conferencia Master<\/strong><br \/> <strong>Gobernanza Integrada del Manejo del Fuego en Paisajes Naturales y Culturales: Perspectivas Globales y Latinoamericanas<\/strong><br \/> &#8211; Prof. Johann Georg Goldammer (Centro Global de Monitoreo de Incendios \u2013 GFMC &#8211; Alemania)<\/td>\n<\/tr>\n<tr style=\"height: 96px;\">\n<td style=\"width: 767.05px; height: 96px;\" colspan=\"2\">\n<p><strong>10:30 \/ 11:00\u00a0 \u2022\u00a0 Cooperaci\u00f3n entre Portugal (AGIF) y Brasil (IBAMA) &#8211; Comprender la Realidad de los Incendios Tropicales y Mediterr\u00e1neos<\/strong><br \/> &#8211; Tiago Oliveira (AGIF)<br \/> &#8211; Fl\u00e1via Leite (IBAMA\/PREVFOGO)<br \/>&#8211; <em><strong>Moderador<\/strong><\/em> \u2013 Pieter van Lierop (FAO Am\u00e9rica Latina y el Caribe)<\/p>\n<\/td>\n<\/tr>\n<tr style=\"height: 96px;\">\n<td style=\"width: 767.05px; height: 96px;\" colspan=\"2\"><strong>11:00 \/ 11:50\u00a0\u00a0\u2022\u00a0 Apoyo al Manejo de Incendios Forestales en Am\u00e9rica Latina y el Caribe<\/strong><br \/> &#8211; Sr. Rolando Pardo Vergara (CONAF &#8211; Chile)<br \/> &#8211; Patricio Sanhueza (Organizador y Coordinador de las Conferencias Mundiales sobre Incendios Forestales en representaci\u00f3n de los pa\u00edses de Am\u00e9rica Latina &#8211; Chile)<br \/> &#8211; Mariana Senra de Oliveira (IBAMA\/PREVFOGO &#8211; Brasil)<br \/> &#8211; Guillermo Defoss\u00e9 (Secretaria de Ciencia y Tecnolog\u00eda de la provincia del Chubut)<\/td>\n<\/tr>\n<tr style=\"height: 72px;\">\n<td style=\"width: 767.05px; height: 72px;\" colspan=\"2\"><strong>11:50 \/ 12:20\u00a0 \u2022\u00a0 Centro de Monitoreo Ambiental y Manejo del Fuego \u2013 Regional Sudam\u00e9rica<\/strong><br \/> &#8211; Prof. Marcos Giongo (UFT\/CeMAF)<br \/> &#8211; Prof. Ant\u00f4nio Carlos Batista (UFPR\/Laboratorio del Fuego)<br \/>&#8211; <em><strong>Moderador<\/strong><\/em> \u2013 Domingos Xavier Viegas (Universidad de Coimbra)<\/td>\n<\/tr>\n<tr style=\"background-color: #9acd74; height: 24px;\">\n<td style=\"width: 767.05px; height: 24px;\" colspan=\"2\"><strong>12:20 \/ 13:10 &#8211; Panel 2 &#8211; Experiencias de Prevenci\u00f3n y Combate en Diversos Biomas &#8211; La Realidad Brasile\u00f1a<\/strong><\/td>\n<\/tr>\n<tr style=\"height: 48px;\">\n<td style=\"width: 767.05px; height: 48px;\" colspan=\"2\"><strong>\u2022 Incendios: La Amenaza al Bioma del Pantanal<\/strong><br \/> &#8211; Coronel Paulo Barroso (MS\/MT)<\/td>\n<\/tr>\n<tr style=\"height: 72px;\">\n<td style=\"width: 767.05px; height: 72px;\" colspan=\"2\"><strong>\u2022 Incendios en Parques Nacionales y Estatales<\/strong><br \/> &#8211; Jo\u00e3o Morita (ICM-Bio &#8211; Bras\u00edlia)<br \/> &#8211; Rodrigo Belo (IEF-MG &#8211; Belo Horizonte)<\/td>\n<\/tr>\n<tr style=\"height: 47.6px;\">\n<td style=\"width: 767.05px; height: 47.6px;\" colspan=\"2\"><strong>\u2022 Incendios en los Bosques Tropicales con Foco en el Bioma Amaz\u00f3nico<\/strong><br \/> &#8211; Ane Alencar (IPAM \u2013 Par\u00e1)<\/td>\n<\/tr>\n<tr style=\"background-color: #434647; height: 65px;\">\n<td style=\"width: 767.05px; text-align: center; height: 65px;\" colspan=\"2\">\n<h3 style=\"text-align: left;\"><span style=\"color: #9acd74;\"><strong>13:10 \/ 14:00 &#8211; Almuerzo<\/strong><\/span><\/h3>\n<\/td>\n<\/tr>\n<\/tbody>\n<\/table>\n<p>[\/et_pb_text][et_pb_text _builder_version=&#8221;4.5.2&#8243; _module_preset=&#8221;default&#8221; text_font=&#8221;||||||||&#8221; text_text_color=&#8221;#ffffff&#8221; text_font_size=&#8221;16px&#8221; custom_padding=&#8221;4px|||||&#8221; hover_enabled=&#8221;0&#8243;]<\/p>\n<p>&nbsp;<\/p>\n<table style=\"width: 90%; border-color: #fefefe; margin-left: auto; margin-right: auto;\" border=\"#FEFEFE\">\n<tbody>\n<tr style=\"height: 24px;\">\n<td style=\"width: 767.05px; background-color: #9acd74; height: 24px;\"><strong>14:10 \/ 14:50 &#8211; Panel 3 &#8211; La Relevancia del Sector Forestal en la Econom\u00eda<\/strong><\/td>\n<\/tr>\n<tr style=\"height: 48px;\">\n<td style=\"width: 767.05px; height: 48px;\"><strong>\u2022 Panorama del Sector Privado en Brasil <\/strong><br \/> &#8211; Embajador Jos\u00e9 Carlos da Fonseca Jr. \u2013 En representaci\u00f3n de IB\u00c1 \u2013 Asociaci\u00f3n Brasile\u00f1a de la Industria Arb\u00f3rea y de Envases de Papel de Brasil<\/td>\n<\/tr>\n<tr style=\"height: 72px;\">\n<td style=\"width: 767.05px; height: 72px;\"><strong>\u2022 La visi\u00f3n Europea: La Transformaci\u00f3n del Conocimiento en Valor: Un Nuevo Modelo de Interfaz entre la Academia y el Sector Privado<\/strong><br \/> &#8211; Carlos Fonseca &#8211; Forest Wise &#8211; Portugal<\/td>\n<\/tr>\n<tr style=\"background-color: #9acd74; height: 24px;\">\n<td style=\"width: 767.05px; height: 24px;\"><strong>14:50 \/ 15:30 &#8211; El Rol de las Empresas en la Preservaci\u00f3n de los Bosques Nativos y el Combate de Incendios<\/strong><\/td>\n<\/tr>\n<tr style=\"height: 96px;\">\n<td style=\"width: 767.05px; height: 96px;\"><strong>\u2022 Historias de \u00e9xito: La Contribuci\u00f3n a la Reducci\u00f3n de los Puntos Cr\u00edticos y el Trabajo con las Comunidades Locales<\/strong><br \/> &#8211;\u00a0Douglas Guedes de Oliveira (Suzano \u2013 Brasil)<br \/> &#8211; Jos\u00e9 Baptista (Eucatex \u2013 Brasil)<br \/> &#8211; Jozebio Gomes (Eldorado \u2013 MG)<\/td>\n<\/tr>\n<tr style=\"background-color: #9acd74; height: 48px;\">\n<td style=\"width: 767.05px; height: 48px;\"><strong>Panel 4 &#8211; La Importancia de la Cadena &#8211; Empresas Productoras de Equipos, Insumos, Monitoreo, Nuevas Tecnolog\u00edas y Capacitaci\u00f3n de Brigadas<\/strong><\/td>\n<\/tr>\n<tr style=\"height: 123px;\">\n<td style=\"width: 767.05px; height: 123px;\"><strong>15:30 \/ 16:20 \u2022\u00a0 Ind\u00fastria:<\/strong><br \/> &#8211; Supresores y Retardantes &#8211; Mark Siem (Perimeter, EUA) <em>Online<\/em><br \/> &#8211; Equipo de combate a incendios &#8211; C\u00e2ndido Sim\u00f5es,\u00a0Gerente Divisi\u00f3n Incendios Forestales Guarany<br \/> &#8211; Implementos y M\u00e1quinas &#8211; Humberto Eufrades (Impacto, Jau)<br \/> &#8211; Monitoreo de Precisi\u00f3n &#8211; Osmar Bambini (umgrauemeio, Piracicaba)<br \/> &#8211; <em><strong>Moderador<\/strong> <\/em>\u2013 Paulo Cardoso (Mais Florestas)<\/td>\n<\/tr>\n<tr style=\"height: 64.9875px;\">\n<td style=\"width: 767.05px; height: 64.9875px;\">\n<p><strong>16:20 \/ 17:20<\/strong><\/p>\n<p><strong>\u2022 La Importancia de la Ciencia Aplicada al Sector Farestal<\/strong><br \/> &#8211; Erich Gomes Schaitza (EMBRAPA Florestas)\u00a0<em>Online<\/em><br \/> &#8211; Jose Otavio Brito (Diretor Executivo do Instituto de Pesquisas e Estudos Florestais \u2013 IPEF)<strong><\/strong><\/p>\n<p><strong>\u2022\u00a0 Entrenamiento de Brigadas<\/strong><br \/> &#8211; Maria Luisa Alfaro (USAID \u2013 Costa Rica)<br \/> &#8211; Paulo Jos\u00e9 de Souza (DRMS &#8211; Brasil)<br \/> &#8211; S\u00e9rgio Delgado (Delace &#8211; Panam\u00e1)<\/p>\n<\/td>\n<\/tr>\n<tr style=\"height: 23px; background-color: #9acd74;\">\n<td style=\"width: 767.05px; height: 23px;\"><strong>17:20 \/ 18:30 &#8211; Conferencia de clausura<\/strong><\/td>\n<\/tr>\n<tr style=\"height: 19px;\">\n<td style=\"width: 767.05px; height: 19px;\"><strong>\u2022 ALa \u00cdntima Relaci\u00f3n entre el Cambio Clim\u00e1tico y los Incendios Forestales<\/strong><br \/> &#8211; Dra. Thelma Krug (OMM\/IPCC \u2013 Brasil) <em>Online<\/em><\/td>\n<\/tr>\n<tr style=\"height: 19px;\">\n<td style=\"width: 767.05px; height: 19px;\">\n<p style=\"text-align: left;\"><strong>18:00 \/ 18:30 &#8211; Cierre<\/strong><\/p>\n<p style=\"text-align: left;\"><strong>PPalabras finales de los presidente de mesa, autoridades\/oradores principales \u2013 Conclusiones<\/strong><\/p>\n<\/td>\n<\/tr>\n<\/tbody>\n<\/table>\n<p>[\/et_pb_text][et_pb_text _builder_version=&#8221;4.5.2&#8243; _module_preset=&#8221;default&#8221; text_font=&#8221;|600|||||||&#8221; text_text_color=&#8221;#ffffff&#8221; text_font_size=&#8221;22px&#8221; custom_padding=&#8221;|45px||45px|false|true&#8221;]<\/p>\n<p>D\u00cdA 28 DE JUNIO (VIERNES)<\/p>\n<p>[\/et_pb_text][et_pb_text _builder_version=&#8221;4.5.2&#8243; _module_preset=&#8221;default&#8221; text_font=&#8221;||||||||&#8221; text_text_color=&#8221;#ffffff&#8221; text_font_size=&#8221;16px&#8221; custom_padding=&#8221;4px|||||&#8221; locked=&#8221;off&#8221;]<\/p>\n<table style=\"width: 90%; border-color: #fefefe; margin-left: auto; margin-right: auto;\" border=\"#FEFEFE\">\n<tbody>\n<tr style=\"height: 24px;\">\n<td style=\"width: 767.05px; background-color: #9acd74; height: 24px;\"><strong>D\u00eda de Campo<\/strong><\/td>\n<\/tr>\n<tr style=\"height: 48px;\">\n<td style=\"width: 767.05px; height: 48px;\"><strong>\u2022 Visita a Eucatex restringida a invitados.<\/strong><br \/> &#8211; Una de las principales empresas de reforestaci\u00f3n considerada referencia<\/td>\n<\/tr>\n<tr style=\"background-color: #9acd74; height: 24px;\">\n<td style=\"width: 767.05px; height: 24px;\"><strong>Curso de Investigaci\u00f3n de Incendios Forestales<\/strong><\/td>\n<\/tr>\n<tr style=\"height: 24px;\">\n<td style=\"width: 767.05px; height: 24px;\">Inscripci\u00f3n limitadas<\/td>\n<\/tr>\n<tr style=\"height: 24px;\">\n<td style=\"width: 767.05px; height: 24px;\">\n<p>El curso de investigaci\u00f3n de incendios forestales abordar\u00e1, de manera integral, los principales aspectos de pericia relacionados con los casos de ocurrencia de incendios en la vegetaci\u00f3n, proporcionando a los participantes las habilidades y conocimientos necesarios para identificar el origen del incendio, sus posibles causas, adem\u00e1s de buscar comprender los elementos que influyen en su comportamiento.<\/p>\n<p>Conocer las caracter\u00edsticas de los combustibles forestales, los indicadores de quema, la zona de confusi\u00f3n y el procedimiento pericial para la inspecci\u00f3n de la zona quemada ser\u00e1n algunos de los aspectos que se tratar\u00e1n durante el curso.<\/p>\n<\/td>\n<\/tr>\n<\/tbody>\n<\/table>\n<p><em>\u00a0 \u00a0 \u00a0 \u00a0 \u00a0 \u00a0 \u00a0 \u00a0 \u00a0 \u00a0 \u00a0NOTA: Programaci\u00f3n sujeta a cambios<\/em><\/p>\n<p>[\/et_pb_text][\/et_pb_column][\/et_pb_row][\/et_pb_section][et_pb_section fb_built=&#8221;1&#8243; _builder_version=&#8221;4.5.2&#8243; _module_preset=&#8221;default&#8221; locked=&#8221;off&#8221;][et_pb_row _builder_version=&#8221;4.5.2&#8243; _module_preset=&#8221;default&#8221;][et_pb_column type=&#8221;4_4&#8243; _builder_version=&#8221;4.5.2&#8243; _module_preset=&#8221;default&#8221;][et_pb_text _builder_version=&#8221;4.5.2&#8243; _module_preset=&#8221;default&#8221;]<\/p>\n<p style=\"text-align: right;\"><em><span style=\"font-size: 12px;\">Acepto los <a href=\"https:\/\/www.greenrio.com.br\/arquivos\/eventos\/CONDICIONES_DE_USO_I_Summit_cambio_climatico_y_incendios_forestales.pdf\" target=\"_blank\" rel=\"noopener noreferrer\">t\u00e9rminos de uso<\/a> y <a href=\"https:\/\/www.greenrio.com.br\/arquivos\/eventos\/POLITICA_DE_PRIVACIDAD_I_Summit_cambio_climatico_y_incendios_forestales.pdf\" target=\"_blank\" rel=\"noopener noreferrer\">pol\u00edticas de privacidad<\/a> de Green Rio.<\/span><\/em><\/p>\n<p>[\/et_pb_text][\/et_pb_column][\/et_pb_row][\/et_pb_section][et_pb_section fb_built=&#8221;1&#8243; fullwidth=&#8221;on&#8221; _builder_version=&#8221;4.5.2&#8243; _module_preset=&#8221;default&#8221;][et_pb_fullwidth_image src=&#8221;https:\/\/www.greenrio.com.br\/wp-content\/uploads\/Faixa-mudancas-de-clima-rodape.jpg&#8221; title_text=&#8221;Faixa-mudancas-de-clima-rodape&#8221; _builder_version=&#8221;4.5.2&#8243; _module_preset=&#8221;default&#8221;][\/et_pb_fullwidth_image][\/et_pb_section]<\/p>\n","protected":false},"excerpt":{"rendered":"<p>Registrar aqu\u00edPROGRAMACI\u00d3ND\u00cdA 27 DE JUNIO (JUEVES) 08:00 \/ 08:45 &#8211; Registro 09:00 \/ 10:00 &#8211; Apertura Panel 1 &#8211; Visi\u00f3n Global del Incendio &#8211; Cooperaci\u00f3n Internacional 10:00 \/ 10:30\u00a0 \u2022\u00a0 Conferencia Master Gobernanza Integrada del Manejo del Fuego en Paisajes Naturales y Culturales: Perspectivas Globales y Latinoamericanas &#8211; Prof. Johann Georg Goldammer (Centro Global de [&hellip;]<\/p>\n","protected":false},"author":1,"featured_media":0,"parent":0,"menu_order":0,"comment_status":"closed","ping_status":"open","template":"page-template-blank.php","meta":{"_et_pb_use_builder":"on","_et_pb_old_content":"","_et_gb_content_width":"","footnotes":""},"class_list":["post-25917","page","type-page","status-publish","hentry"],"_links":{"self":[{"href":"https:\/\/www.greenrio.com.br\/index.php\/wp-json\/wp\/v2\/pages\/25917","targetHints":{"allow":["GET"]}}],"collection":[{"href":"https:\/\/www.greenrio.com.br\/index.php\/wp-json\/wp\/v2\/pages"}],"about":[{"href":"https:\/\/www.greenrio.com.br\/index.php\/wp-json\/wp\/v2\/types\/page"}],"author":[{"embeddable":true,"href":"https:\/\/www.greenrio.com.br\/index.php\/wp-json\/wp\/v2\/users\/1"}],"replies":[{"embeddable":true,"href":"https:\/\/www.greenrio.com.br\/index.php\/wp-json\/wp\/v2\/comments?post=25917"}],"version-history":[{"count":54,"href":"https:\/\/www.greenrio.com.br\/index.php\/wp-json\/wp\/v2\/pages\/25917\/revisions"}],"predecessor-version":[{"id":26662,"href":"https:\/\/www.greenrio.com.br\/index.php\/wp-json\/wp\/v2\/pages\/25917\/revisions\/26662"}],"wp:attachment":[{"href":"https:\/\/www.greenrio.com.br\/index.php\/wp-json\/wp\/v2\/media?parent=25917"}],"curies":[{"name":"wp","href":"https:\/\/api.w.org\/{rel}","templated":true}]}}