{"id":25674,"date":"2024-03-27T14:16:22","date_gmt":"2024-03-27T14:16:22","guid":{"rendered":"https:\/\/www.greenrio.com.br\/?page_id=25674"},"modified":"2024-06-21T16:27:47","modified_gmt":"2024-06-21T16:27:47","slug":"programacao-mcif","status":"publish","type":"page","link":"https:\/\/www.greenrio.com.br\/index.php\/programacao-mcif\/","title":{"rendered":"Programa\u00e7\u00e3o &#8211; I Summit Mudan\u00e7as Clim\u00e1ticas e Inc\u00eandios Florestais"},"content":{"rendered":"<p>[et_pb_section fb_built=&#8221;1&#8243; _builder_version=&#8221;4.5.2&#8243; _module_preset=&#8221;default&#8221; background_color=&#8221;#006600&#8243; locked=&#8221;off&#8221;][et_pb_row column_structure=&#8221;3_4,1_4&#8243; _builder_version=&#8221;4.5.2&#8243; _module_preset=&#8221;default&#8221;][et_pb_column type=&#8221;3_4&#8243; _builder_version=&#8221;4.5.2&#8243; _module_preset=&#8221;default&#8221;][et_pb_menu menu_id=&#8221;30&#8243; active_link_color=&#8221;#e09900&#8243; logo=&#8221;https:\/\/www.greenrio.com.br\/wp-content\/uploads\/Logo_FECI_Fundo_Branco_140px.png&#8221; logo_url=&#8221;https:\/\/www.greenrio.com.br\/index.php\/clima-incendios\/&#8221; _builder_version=&#8221;4.5.2&#8243; _module_preset=&#8221;default&#8221; menu_font=&#8221;|700|||||||&#8221; menu_text_color=&#8221;#ffffff&#8221; menu_font_size=&#8221;18px&#8221; background_color=&#8221;#006600&#8243;][\/et_pb_menu][\/et_pb_column][et_pb_column type=&#8221;1_4&#8243; _builder_version=&#8221;4.5.2&#8243; _module_preset=&#8221;default&#8221;][et_pb_text _builder_version=&#8221;4.5.2&#8243; _module_preset=&#8221;default&#8221; text_font=&#8221;|700|||||||&#8221; text_text_color=&#8221;#000000&#8243; text_font_size=&#8221;20px&#8221; text_line_height=&#8221;2.5em&#8221; background_color=&#8221;#ffffff&#8221; text_orientation=&#8221;center&#8221; width=&#8221;90%&#8221; custom_margin=&#8221;7px||||false|false&#8221; animation_style=&#8221;fade&#8221; link_option_url=&#8221;https:\/\/www.hbatools.com.br\/i-summit-mudancas-climaticas-e-incendios-florestais__1607&#8243; link_option_url_new_window=&#8221;on&#8221; border_radii=&#8221;on|5px|5px|5px|5px&#8221;]<\/p>\n<p>Inscreva-se aqui<\/p>\n<p>[\/et_pb_text][\/et_pb_column][\/et_pb_row][\/et_pb_section][et_pb_section fb_built=&#8221;1&#8243; fullwidth=&#8221;on&#8221; _builder_version=&#8221;4.5.2&#8243; _module_preset=&#8221;default&#8221;][et_pb_fullwidth_image src=&#8221;https:\/\/www.greenrio.com.br\/wp-content\/uploads\/Banner-MCEF-Programacao-3.jpg&#8221; title_text=&#8221;Banner-MCEF-Programacao-3&#8243; _builder_version=&#8221;4.5.2&#8243; _module_preset=&#8221;default&#8221;][\/et_pb_fullwidth_image][\/et_pb_section][et_pb_section fb_built=&#8221;1&#8243; _builder_version=&#8221;4.5.2&#8243; _module_preset=&#8221;default&#8221; locked=&#8221;off&#8221;][et_pb_row column_structure=&#8221;1_2,1_2&#8243; _builder_version=&#8221;4.5.2&#8243; _module_preset=&#8221;default&#8221; width=&#8221;100%&#8221; max_width=&#8221;1651px&#8221;][et_pb_column type=&#8221;1_2&#8243; _builder_version=&#8221;4.5.2&#8243; _module_preset=&#8221;default&#8221;][et_pb_image src=&#8221;https:\/\/www.greenrio.com.br\/wp-content\/uploads\/Logos-port-PPOA.jpg&#8221; title_text=&#8221;Logos-port-PPOA&#8221; url_new_window=&#8221;on&#8221; align=&#8221;center&#8221; _builder_version=&#8221;4.5.2&#8243; _module_preset=&#8221;default&#8221;][\/et_pb_image][\/et_pb_column][et_pb_column type=&#8221;1_2&#8243; _builder_version=&#8221;4.5.2&#8243; _module_preset=&#8221;default&#8221;][et_pb_image src=&#8221;https:\/\/www.greenrio.com.br\/wp-content\/uploads\/Logos-port-AAP.jpg&#8221; title_text=&#8221;Logos-port-AAP&#8221; url_new_window=&#8221;on&#8221; align=&#8221;center&#8221; _builder_version=&#8221;4.5.2&#8243; _module_preset=&#8221;default&#8221;][\/et_pb_image][\/et_pb_column][\/et_pb_row][\/et_pb_section][et_pb_section fb_built=&#8221;1&#8243; _builder_version=&#8221;4.5.2&#8243; _module_preset=&#8221;default&#8221; background_color=&#8221;#1B6600&#8243; custom_margin=&#8221;-17px||-2px||false|false&#8221; custom_padding=&#8221;15px||0px||false|false&#8221;][et_pb_row column_structure=&#8221;1_3,1_3,1_3&#8243; _builder_version=&#8221;4.5.2&#8243; _module_preset=&#8221;default&#8221;][et_pb_column type=&#8221;1_3&#8243; _builder_version=&#8221;4.5.2&#8243; _module_preset=&#8221;default&#8221;][et_pb_text _builder_version=&#8221;4.5.2&#8243; _module_preset=&#8221;default&#8221; text_font=&#8221;|600|||||||&#8221; text_text_color=&#8221;#ffffff&#8221; text_font_size=&#8221;28px&#8221; text_orientation=&#8221;right&#8221;]<\/p>\n<p>PROGRAMA\u00c7\u00c3O<\/p>\n<p>[\/et_pb_text][\/et_pb_column][et_pb_column type=&#8221;1_3&#8243; _builder_version=&#8221;4.5.2&#8243; _module_preset=&#8221;default&#8221;][\/et_pb_column][et_pb_column type=&#8221;1_3&#8243; _builder_version=&#8221;4.5.2&#8243; _module_preset=&#8221;default&#8221;][et_pb_button button_url=&#8221;https:\/\/www.greenrio.com.br\/index.php\/program-mcif&#8221; button_text=&#8221;Summit program in English&#8221; _builder_version=&#8221;4.5.2&#8243; _module_preset=&#8221;default&#8221; custom_button=&#8221;on&#8221; button_text_size=&#8221;16px&#8221; background_layout=&#8221;dark&#8221;][\/et_pb_button][\/et_pb_column][\/et_pb_row][\/et_pb_section][et_pb_section fb_built=&#8221;1&#8243; _builder_version=&#8221;4.5.2&#8243; _module_preset=&#8221;default&#8221; background_color=&#8221;rgba(0,0,0,0)&#8221; locked=&#8221;off&#8221;][et_pb_row _builder_version=&#8221;4.5.2&#8243; _module_preset=&#8221;default&#8221; background_color=&#8221;#3A3C3E&#8221; width=&#8221;100%&#8221;][et_pb_column type=&#8221;4_4&#8243; _builder_version=&#8221;4.5.2&#8243; _module_preset=&#8221;default&#8221;][et_pb_text _builder_version=&#8221;4.5.2&#8243; _module_preset=&#8221;default&#8221; text_font=&#8221;|600|||||||&#8221; text_text_color=&#8221;#ffffff&#8221; text_font_size=&#8221;22px&#8221; custom_padding=&#8221;|45px||45px|false|true&#8221;]<\/p>\n<p>DIA 27 DE JUNHO (QUINTA-FEIRA)<\/p>\n<p>[\/et_pb_text][et_pb_text _builder_version=&#8221;4.5.2&#8243; _module_preset=&#8221;default&#8221; text_font=&#8221;||||||||&#8221; text_text_color=&#8221;#ffffff&#8221; text_font_size=&#8221;16px&#8221; custom_padding=&#8221;4px|||||&#8221;]<\/p>\n<table style=\"width: 90%; border-color: #fefefe; margin-left: auto; margin-right: auto;\" border=\"#FEFEFE\">\n<tbody>\n<tr style=\"height: 24px;\">\n<td style=\"width: 767.05px; height: 24px;\" colspan=\"2\"><strong>08:00 \/ 08:45 &#8211; Credenciamento<\/strong><\/td>\n<\/tr>\n<tr style=\"height: 24px;\">\n<td style=\"width: 767.05px; height: 24px;\" colspan=\"2\"><strong>09:00 \/ 10:00 &#8211; Abertura<\/strong><\/td>\n<\/tr>\n<tr style=\"height: 24px;\">\n<td style=\"width: 767.05px; background-color: #9acd74; height: 24px;\" colspan=\"2\"><strong>Painel 1 &#8211; Vis\u00e3o Global de Inc\u00eandios &#8211; Coopera\u00e7\u00e3o Internacional<\/strong><\/td>\n<\/tr>\n<tr style=\"height: 96px;\">\n<td style=\"width: 767.05px; height: 96px;\" colspan=\"2\"><strong>10:00 \/ 10:30\u00a0 \u2022\u00a0 Palestra Magna<\/strong><br \/> <strong> Governan\u00e7a Integrada do Manejo do Fogo em Paisagens Naturais e Culturais: Perspectivas Globais e Latino-Americanas<\/strong><br \/> &#8211; Prof. Johann Georg Goldammer (Centro Global de Monitoramento de Inc\u00eandio \u2013 GFMC &#8211; Alemanha)<\/td>\n<\/tr>\n<tr style=\"height: 96px;\">\n<td style=\"width: 767.05px; height: 96px;\" colspan=\"2\"><strong>10:30 \/ 11:00\u00a0 \u2022\u00a0 Coopera\u00e7\u00e3o entre Portugal (AGIF) e Brasil (IBAMA) &#8211; Entendendo a Realidade de Inc\u00eandios Tropicais e do Mediterr\u00e2neo<\/strong><br \/> &#8211; Tiago Oliveira (AGIF)<br \/> &#8211; Fl\u00e1via Leite (IBAMA\/PREVFOGO)<br \/>&#8211; <em><strong>Moderador<\/strong> <\/em>\u2013 Pieter van Lierop (FAO Am\u00e9rica Latina e o Caribe)<\/td>\n<\/tr>\n<tr style=\"height: 96px;\">\n<td style=\"width: 767.05px; height: 96px;\" colspan=\"2\"><strong>11:00 \/ 11:50\u00a0 \u2022\u00a0 Apoio na Gest\u00e3o dos Inc\u00eandios Florestais na Am\u00e9rica Latina e no Caribe<\/strong><br \/> &#8211; Sr. Rolando Pardo Vergara (CONAF &#8211; Chile)<br \/> &#8211; Patricio Sanhueza (Organizador e Coordinador das Confer\u00eancias Mundiais de Inc\u00eandios Florestais na Representa\u00e7\u00e3o dos pa\u00edses Latinoamericanos &#8211; Chile)<br \/> &#8211; Mariana Senra de Oliveira (IBAMA\/PREVFOGO &#8211; Brasil)<br \/> &#8211; Guillermo Defoss\u00e9 (Secretaria de Ciencia y Tecnolog\u00eda de la provincia del Chubut)<\/td>\n<\/tr>\n<tr style=\"height: 72px;\">\n<td style=\"width: 767.05px; height: 72px;\" colspan=\"2\">\n<p><strong>11:50 \/ 12:20\u00a0 \u2022\u00a0 Centro de Monitoramento Ambiental e Manejo do Fogo \u2013 Regional Am\u00e9rica do Sul<\/strong><br \/> &#8211; Prof. Marcos Giongo (UFT\/CeMAF)<br \/> &#8211; Prof. Ant\u00f4nio Carlos Batista (UFPR\/Laborat\u00f3rio de Inc\u00eandios)<br \/>&#8211; <em><strong>Moderador<\/strong><\/em> \u2013 Domingos Xavier Viegas (Universidade de Coimbra)<\/p>\n<\/td>\n<\/tr>\n<tr style=\"background-color: #9acd74; height: 24px;\">\n<td style=\"width: 767.05px; height: 24px;\" colspan=\"2\"><strong>12:20 \/ 13:10 &#8211; Painel 2 &#8211; Experi\u00eancias de Preven\u00e7\u00e3o e Combate em V\u00e1rios Biomas \u2013 A Realidade Brasileira<\/strong><\/td>\n<\/tr>\n<tr style=\"height: 48px;\">\n<td style=\"width: 767.05px; height: 48px;\" colspan=\"2\"><strong>\u2022 Inc\u00eandios &#8211; A Amea\u00e7a ao Bioma do Pantanal<\/strong><br \/> &#8211; Coronel Paulo Barroso (MS\/MT)<\/td>\n<\/tr>\n<tr style=\"height: 72px;\">\n<td style=\"width: 767.05px; height: 72px;\" colspan=\"2\"><strong>\u2022 Inc\u00eandios em Parques Nacionais e Estaduais<\/strong><br \/> &#8211; Jo\u00e3o Morita (ICM-Bio &#8211; Bras\u00edlia)<br \/> &#8211; Rodrigo Belo (IEF-MG &#8211; Belo Horizonte)<\/td>\n<\/tr>\n<tr style=\"height: 47.6px;\">\n<td style=\"width: 767.05px; height: 47.6px;\" colspan=\"2\"><strong>\u2022 Inc\u00eandios em Florestas Tropicais com Foco no Bioma Amaz\u00f4nico<\/strong><br \/> &#8211; Ane Alencar (IPAM \u2013 Par\u00e1)<\/td>\n<\/tr>\n<tr style=\"background-color: #434647; height: 65px;\">\n<td style=\"width: 767.05px; text-align: center; height: 65px;\" colspan=\"2\">\n<h3 style=\"text-align: left;\"><span style=\"color: #9acd74;\"><strong>13:10 \/ 14:00 &#8211; Almo\u00e7o<\/strong><\/span><\/h3>\n<\/td>\n<\/tr>\n<\/tbody>\n<\/table>\n<p>[\/et_pb_text][et_pb_text _builder_version=&#8221;4.5.2&#8243; _module_preset=&#8221;default&#8221; text_font=&#8221;||||||||&#8221; text_text_color=&#8221;#ffffff&#8221; text_font_size=&#8221;16px&#8221; custom_padding=&#8221;4px|||||&#8221; hover_enabled=&#8221;0&#8243;]<\/p>\n<p>&nbsp;<\/p>\n<table style=\"width: 90%; border-color: #fefefe; margin-left: auto; margin-right: auto;\" border=\"#FEFEFE\">\n<tbody>\n<tr style=\"height: 24px;\">\n<td style=\"width: 767.05px; background-color: #9acd74; height: 24px;\"><strong>14:10 \/ 14:50 &#8211; Painel 3 &#8211; A Relev\u00e2ncia do Setor Florestal na Economia<\/strong><\/td>\n<\/tr>\n<tr style=\"height: 48px;\">\n<td style=\"width: 767.05px; height: 48px;\"><strong>\u2022 Panorama do Setor Privado no Brasil<\/strong><br \/> &#8211; Embaixador Jos\u00e9 Carlos da Fonseca Jr. \u2013 Representando IB\u00c1 \u2013 Ind\u00fastria Brasileira de \u00c1rvores e Associa\u00e7\u00e3o Brasileira de Embalagens em Papel<\/td>\n<\/tr>\n<tr style=\"height: 72px;\">\n<td style=\"width: 767.05px; height: 72px;\"><strong>\u2022 A Vis\u00e3o Europeia &#8211; A Transforma\u00e7\u00e3o do Conhecimento em Valor: Um Novo Modelo de Interface entre a Academia e o Setor Privado<\/strong><br \/> &#8211; Carlos Fonseca &#8211; Forest Wise &#8211; Portugal<\/td>\n<\/tr>\n<tr style=\"background-color: #9acd74; height: 24px;\">\n<td style=\"width: 767.05px; height: 24px;\"><strong>14:50 \/ 15:30 &#8211; O Papel das Empresas na Preserva\u00e7\u00e3o das Florestas Nativas e no Combate aos Inc\u00eandios<\/strong><\/td>\n<\/tr>\n<tr style=\"height: 96px;\">\n<td style=\"width: 767.05px; height: 96px;\"><strong>\u2022 Cases de Sucesso &#8211; A Contribui\u00e7\u00e3o na Redu\u00e7\u00e3o dos Focos e o Trabalho com as Comunidades Locais<\/strong><br \/> &#8211;\u00a0Douglas Guedes de Oliveira (Suzano \u2013 Brasil)<br \/> &#8211; Jos\u00e9 Baptista (Eucatex \u2013 Brasil)<br \/> &#8211; Jozebio Gomes (Eldorado \u2013 MG)<\/td>\n<\/tr>\n<tr style=\"background-color: #9acd74; height: 48px;\">\n<td style=\"width: 767.05px; height: 48px;\"><strong>Painel 4 &#8211; A Import\u00e2ncia da Cadeia &#8211; Empresas Produtoras de Equipamentos, Insumos, Monitoramento, Novas Tecnologias e Treinamento de Brigadas<\/strong><\/td>\n<\/tr>\n<tr style=\"height: 123px;\">\n<td style=\"width: 767.05px; height: 123px;\"><strong>15:30 \/ 16:20\u00a0 \u2022\u00a0 Ind\u00fastria:<\/strong><br \/> &#8211; Supressantes e Retardantes &#8211; Mark Siem (Perimeter, EUA) <em>Online<\/em><br \/> &#8211; Equipamento de Combate &#8211; C\u00e2ndido Sim\u00f5es,\u00a0Gerente da Divis\u00e3o de Inc\u00eandios Florestais da Guarany<br \/> &#8211; Implementos e M\u00e1quinas &#8211; Humberto Eufrades (Impacto, Jau)<br \/> &#8211; Monitoramento com Precis\u00e3o &#8211; Osmar Bambini (umgrauemeio, Piracicaba)<br \/> &#8211; <em><strong>Moderador<\/strong><\/em> \u2013 Paulo Cardoso (Mais Florestas)<\/td>\n<\/tr>\n<tr style=\"height: 64.9875px;\">\n<td style=\"width: 767.05px; height: 64.9875px;\">\n<p><strong>16:20 \/ 17:20<\/strong><\/p>\n<p><strong>\u2022 A Import\u00e2ncia da Ci\u00eancia Aplicada ao Setor Florestal<\/strong><br \/> &#8211; Erich Gomes Schaitza (EMBRAPA Florestas)\u00a0<em>Online<\/em><br \/> &#8211; Jose Otavio Brito (Diretor Executivo do Instituto de Pesquisas e Estudos Florestais \u2013 IPEF)<strong><\/strong><\/p>\n<p><strong>\u2022\u00a0 Treinamento das Brigadas<\/strong><br \/> &#8211; Maria Luisa Alfaro (USAID &#8211; Costa Rica)<br \/> &#8211; Paulo Jose de Souza (DRMS &#8211; Brasil)<br \/> &#8211; S\u00e9rgio Delgado (Delace &#8211; Panam\u00e1)<\/p>\n<\/td>\n<\/tr>\n<tr style=\"height: 23px; background-color: #9acd74;\">\n<td style=\"width: 767.05px; height: 23px;\"><strong>17:20 \/ 18:00 &#8211; Palestra Encerramento<\/strong><\/td>\n<\/tr>\n<tr style=\"height: 19px;\">\n<td style=\"width: 767.05px; height: 19px;\"><strong>\u2022 A \u00cdntima Rela\u00e7\u00e3o das Mudan\u00e7as Clim\u00e1ticas e Inc\u00eandios Florestais<\/strong><br \/> &#8211; Dra. Thelma Krug (OMM\/IPCC &#8211; Brasil) <em>Online<\/em><\/td>\n<\/tr>\n<tr style=\"height: 19px;\">\n<td style=\"width: 767.05px; height: 19px;\">\n<p style=\"text-align: left;\"><strong>18:00 \/ 18:30 &#8211; Encerramento<\/strong><\/p>\n<p style=\"text-align: left;\"><strong>Palavras finais do presidente da mesa, autoridades\/principais conferencistas \u2013 Conclus\u00f5es<\/strong><\/p>\n<\/td>\n<\/tr>\n<\/tbody>\n<\/table>\n<p>[\/et_pb_text][et_pb_text _builder_version=&#8221;4.5.2&#8243; _module_preset=&#8221;default&#8221; text_font=&#8221;|600|||||||&#8221; text_text_color=&#8221;#ffffff&#8221; text_font_size=&#8221;22px&#8221; custom_padding=&#8221;|45px||45px|false|true&#8221;]<\/p>\n<p>DIA 28 DE JUNHO (SEXTA-FEIRA)<\/p>\n<p>[\/et_pb_text][et_pb_text _builder_version=&#8221;4.5.2&#8243; _module_preset=&#8221;default&#8221; text_font=&#8221;||||||||&#8221; text_text_color=&#8221;#ffffff&#8221; text_font_size=&#8221;16px&#8221; custom_padding=&#8221;4px|||||&#8221; locked=&#8221;off&#8221;]<\/p>\n<table style=\"width: 90%; border-color: #fefefe; margin-left: auto; margin-right: auto;\" border=\"#FEFEFE\">\n<tbody>\n<tr style=\"height: 24px;\">\n<td style=\"width: 767.05px; background-color: #9acd74; height: 24px;\"><strong>Dia De Campo<\/strong><\/td>\n<\/tr>\n<tr style=\"height: 48px;\">\n<td style=\"width: 767.05px; height: 48px;\"><strong>\u2022 Visita \u00e0 Eucatex restrita a convidados.<\/strong><br \/> &#8211; Uma das principais reflorestadoras consideradas refer\u00eancia<\/td>\n<\/tr>\n<tr style=\"background-color: #9acd74; height: 24px;\">\n<td style=\"width: 767.05px; height: 24px;\"><strong>Curso de Investiga\u00e7\u00e3o de Inc\u00eandios Florestais<\/strong><\/td>\n<\/tr>\n<tr style=\"height: 24px;\">\n<td style=\"width: 767.05px; height: 24px;\">Vagas Limitadas<\/td>\n<\/tr>\n<tr style=\"height: 24px;\">\n<td style=\"width: 767.05px; height: 24px;\">\n<p>O curso de investiga\u00e7\u00e3o em inc\u00eandios florestais ir\u00e1 abordar de forma abrangente, os principais aspectos da per\u00edcia relacionada aos casos de ocorr\u00eancia de fogo em vegeta\u00e7\u00e3o fornecendo aos participantes as habilidades e o conhecimento necess\u00e1rios para identificar a origem do fogo, poss\u00edveis causas, al\u00e9m de buscar entender os elementos que influenciam seu comportamento.<\/p>\n<p>Conhecer a caracter\u00edstica dos combust\u00edveis florestais, os indicadores de queima, a zona de confus\u00e3o e o procedimento do perito na vistoria da \u00e1rea queimada ser\u00e3o alguns aspectos abordados durante o curso.<\/p>\n<\/td>\n<\/tr>\n<\/tbody>\n<\/table>\n<p><em>\u00a0 \u00a0 \u00a0 \u00a0 \u00a0 \u00a0 \u00a0 \u00a0 \u00a0 \u00a0 \u00a0 OBSV: Programa\u00e7\u00e3o sujeita a altera\u00e7\u00f5es<\/em><\/p>\n<p>[\/et_pb_text][\/et_pb_column][\/et_pb_row][\/et_pb_section][et_pb_section fb_built=&#8221;1&#8243; _builder_version=&#8221;4.5.2&#8243; _module_preset=&#8221;default&#8221; locked=&#8221;off&#8221;][et_pb_row _builder_version=&#8221;4.5.2&#8243; _module_preset=&#8221;default&#8221;][et_pb_column type=&#8221;4_4&#8243; _builder_version=&#8221;4.5.2&#8243; _module_preset=&#8221;default&#8221;][et_pb_text _builder_version=&#8221;4.5.2&#8243; _module_preset=&#8221;default&#8221;]<\/p>\n<p style=\"text-align: right;\"><em><span style=\"font-size: 12px;\">Concordo com <a href=\"https:\/\/www.greenrio.com.br\/arquivos\/eventos\/TERMO_DE_USO_I_Summit_Mudancas_Climaticas_e_Incendios_Florestais.pdf\" target=\"_blank\" rel=\"noopener noreferrer\">termos de uso<\/a> e <a href=\"https:\/\/www.greenrio.com.br\/arquivos\/eventos\/POLITICA_DE_PRIVACIDADE_I_Summit_Mudancas_Climaticas_e_Incendios_Florestais.pdf\" target=\"_blank\" rel=\"noopener noreferrer\">pol\u00edticas de privacidade<\/a> do Green Rio<\/span><\/em><\/p>\n<p>[\/et_pb_text][\/et_pb_column][\/et_pb_row][\/et_pb_section][et_pb_section fb_built=&#8221;1&#8243; fullwidth=&#8221;on&#8221; _builder_version=&#8221;4.5.2&#8243; _module_preset=&#8221;default&#8221;][et_pb_fullwidth_image src=&#8221;https:\/\/www.greenrio.com.br\/wp-content\/uploads\/Faixa-mudancas-de-clima-rodape.jpg&#8221; title_text=&#8221;Faixa-mudancas-de-clima-rodape&#8221; _builder_version=&#8221;4.5.2&#8243; _module_preset=&#8221;default&#8221;][\/et_pb_fullwidth_image][\/et_pb_section]<\/p>\n","protected":false},"excerpt":{"rendered":"<p>Inscreva-se aquiPROGRAMA\u00c7\u00c3ODIA 27 DE JUNHO (QUINTA-FEIRA) 08:00 \/ 08:45 &#8211; Credenciamento 09:00 \/ 10:00 &#8211; Abertura Painel 1 &#8211; Vis\u00e3o Global de Inc\u00eandios &#8211; Coopera\u00e7\u00e3o Internacional 10:00 \/ 10:30\u00a0 \u2022\u00a0 Palestra Magna Governan\u00e7a Integrada do Manejo do Fogo em Paisagens Naturais e Culturais: Perspectivas Globais e Latino-Americanas &#8211; Prof. Johann Georg Goldammer (Centro Global de [&hellip;]<\/p>\n","protected":false},"author":1,"featured_media":0,"parent":0,"menu_order":0,"comment_status":"closed","ping_status":"open","template":"page-template-blank.php","meta":{"_et_pb_use_builder":"on","_et_pb_old_content":"","_et_gb_content_width":"","footnotes":""},"class_list":["post-25674","page","type-page","status-publish","hentry"],"_links":{"self":[{"href":"https:\/\/www.greenrio.com.br\/index.php\/wp-json\/wp\/v2\/pages\/25674","targetHints":{"allow":["GET"]}}],"collection":[{"href":"https:\/\/www.greenrio.com.br\/index.php\/wp-json\/wp\/v2\/pages"}],"about":[{"href":"https:\/\/www.greenrio.com.br\/index.php\/wp-json\/wp\/v2\/types\/page"}],"author":[{"embeddable":true,"href":"https:\/\/www.greenrio.com.br\/index.php\/wp-json\/wp\/v2\/users\/1"}],"replies":[{"embeddable":true,"href":"https:\/\/www.greenrio.com.br\/index.php\/wp-json\/wp\/v2\/comments?post=25674"}],"version-history":[{"count":78,"href":"https:\/\/www.greenrio.com.br\/index.php\/wp-json\/wp\/v2\/pages\/25674\/revisions"}],"predecessor-version":[{"id":26663,"href":"https:\/\/www.greenrio.com.br\/index.php\/wp-json\/wp\/v2\/pages\/25674\/revisions\/26663"}],"wp:attachment":[{"href":"https:\/\/www.greenrio.com.br\/index.php\/wp-json\/wp\/v2\/media?parent=25674"}],"curies":[{"name":"wp","href":"https:\/\/api.w.org\/{rel}","templated":true}]}}