{"id":25543,"date":"2024-03-20T20:54:18","date_gmt":"2024-03-20T20:54:18","guid":{"rendered":"https:\/\/www.greenrio.com.br\/?page_id=25543"},"modified":"2024-06-20T16:37:09","modified_gmt":"2024-06-20T16:37:09","slug":"entre-em-contato","status":"publish","type":"page","link":"https:\/\/www.greenrio.com.br\/index.php\/entre-em-contato\/","title":{"rendered":"Entre em contato &#8211; I Summit Mudan\u00e7as Clim\u00e1ticas e Inc\u00eandios Florestais"},"content":{"rendered":"<p>[et_pb_section fb_built=&#8221;1&#8243; _builder_version=&#8221;4.5.2&#8243; _module_preset=&#8221;default&#8221; background_color=&#8221;#006600&#8243; locked=&#8221;off&#8221;][et_pb_row column_structure=&#8221;3_4,1_4&#8243; _builder_version=&#8221;4.5.2&#8243; _module_preset=&#8221;default&#8221;][et_pb_column type=&#8221;3_4&#8243; _builder_version=&#8221;4.5.2&#8243; _module_preset=&#8221;default&#8221;][et_pb_menu menu_id=&#8221;30&#8243; active_link_color=&#8221;#e09900&#8243; logo=&#8221;https:\/\/www.greenrio.com.br\/wp-content\/uploads\/Logo_FECI_Fundo_Branco_140px.png&#8221; logo_url=&#8221;https:\/\/www.greenrio.com.br\/index.php\/clima-incendios\/&#8221; _builder_version=&#8221;4.5.2&#8243; _module_preset=&#8221;default&#8221; menu_font=&#8221;|700|||||||&#8221; menu_text_color=&#8221;#ffffff&#8221; menu_font_size=&#8221;18px&#8221; background_color=&#8221;#006600&#8243;][\/et_pb_menu][\/et_pb_column][et_pb_column type=&#8221;1_4&#8243; _builder_version=&#8221;4.5.2&#8243; _module_preset=&#8221;default&#8221;][et_pb_text _builder_version=&#8221;4.5.2&#8243; _module_preset=&#8221;default&#8221; text_font=&#8221;|700|||||||&#8221; text_text_color=&#8221;#000000&#8243; text_font_size=&#8221;20px&#8221; text_line_height=&#8221;2.5em&#8221; background_color=&#8221;#ffffff&#8221; text_orientation=&#8221;center&#8221; width=&#8221;90%&#8221; custom_margin=&#8221;7px||||false|false&#8221; animation_style=&#8221;fade&#8221; link_option_url=&#8221;https:\/\/www.hbatools.com.br\/i-summit-mudancas-climaticas-e-incendios-florestais__1607&#8243; link_option_url_new_window=&#8221;on&#8221; border_radii=&#8221;on|5px|5px|5px|5px&#8221;]<\/p>\n<p>Inscreva-se aqui<\/p>\n<p>[\/et_pb_text][\/et_pb_column][\/et_pb_row][\/et_pb_section][et_pb_section fb_built=&#8221;1&#8243; fullwidth=&#8221;on&#8221; _builder_version=&#8221;4.5.2&#8243; _module_preset=&#8221;default&#8221;][et_pb_fullwidth_image src=&#8221;https:\/\/www.greenrio.com.br\/wp-content\/uploads\/Faixa-mudancas-de-clima-topo.jpg&#8221; title_text=&#8221;Faixa-mudancas-de-clima-topo&#8221; _builder_version=&#8221;4.5.2&#8243; _module_preset=&#8221;default&#8221;][\/et_pb_fullwidth_image][\/et_pb_section][et_pb_section fb_built=&#8221;1&#8243; _builder_version=&#8221;4.5.2&#8243; _module_preset=&#8221;default&#8221; hover_enabled=&#8221;0&#8243; locked=&#8221;off&#8221;][et_pb_row column_structure=&#8221;1_2,1_2&#8243; _builder_version=&#8221;4.5.2&#8243; _module_preset=&#8221;default&#8221; width=&#8221;100%&#8221; max_width=&#8221;1651px&#8221; hover_enabled=&#8221;0&#8243;][et_pb_column type=&#8221;1_2&#8243; _builder_version=&#8221;4.5.2&#8243; _module_preset=&#8221;default&#8221;][et_pb_image src=&#8221;https:\/\/www.greenrio.com.br\/wp-content\/uploads\/Logos-port-PPOA.jpg&#8221; title_text=&#8221;Logos-port-PPOA&#8221; url_new_window=&#8221;on&#8221; align=&#8221;center&#8221; _builder_version=&#8221;4.5.2&#8243; _module_preset=&#8221;default&#8221; hover_enabled=&#8221;0&#8243;][\/et_pb_image][\/et_pb_column][et_pb_column type=&#8221;1_2&#8243; _builder_version=&#8221;4.5.2&#8243; _module_preset=&#8221;default&#8221;][et_pb_image src=&#8221;https:\/\/www.greenrio.com.br\/wp-content\/uploads\/Logos-port-AAP.jpg&#8221; title_text=&#8221;Logos-port-AAP&#8221; url_new_window=&#8221;on&#8221; align=&#8221;center&#8221; _builder_version=&#8221;4.5.2&#8243; _module_preset=&#8221;default&#8221; hover_enabled=&#8221;0&#8243;][\/et_pb_image][\/et_pb_column][\/et_pb_row][\/et_pb_section][et_pb_section fb_built=&#8221;1&#8243; _builder_version=&#8221;4.5.2&#8243; _module_preset=&#8221;default&#8221;][et_pb_row _builder_version=&#8221;4.5.2&#8243; _module_preset=&#8221;default&#8221;][et_pb_column type=&#8221;4_4&#8243; _builder_version=&#8221;4.5.2&#8243; _module_preset=&#8221;default&#8221;][et_pb_code _builder_version=&#8221;4.5.2&#8243; _module_preset=&#8221;default&#8221;][vfb id=33][\/et_pb_code][\/et_pb_column][\/et_pb_row][\/et_pb_section][et_pb_section fb_built=&#8221;1&#8243; _builder_version=&#8221;4.5.2&#8243; _module_preset=&#8221;default&#8221;][et_pb_row _builder_version=&#8221;4.5.2&#8243; _module_preset=&#8221;default&#8221; custom_margin=&#8221;||-24px||false|false&#8221;][et_pb_column type=&#8221;4_4&#8243; _builder_version=&#8221;4.5.2&#8243; _module_preset=&#8221;default&#8221;][et_pb_divider _builder_version=&#8221;4.5.2&#8243; _module_preset=&#8221;default&#8221;][\/et_pb_divider][\/et_pb_column][\/et_pb_row][\/et_pb_section][et_pb_section fb_built=&#8221;1&#8243; _builder_version=&#8221;4.5.2&#8243; _module_preset=&#8221;default&#8221; locked=&#8221;off&#8221;][et_pb_row _builder_version=&#8221;4.5.2&#8243; _module_preset=&#8221;default&#8221;][et_pb_column type=&#8221;4_4&#8243; _builder_version=&#8221;4.5.2&#8243; _module_preset=&#8221;default&#8221;][et_pb_text _builder_version=&#8221;4.5.2&#8243; _module_preset=&#8221;default&#8221;]<\/p>\n<p style=\"text-align: right;\"><em><span style=\"font-size: 12px;\">Concordo com <a href=\"https:\/\/www.greenrio.com.br\/arquivos\/eventos\/TERMO_DE_USO_I_Summit_Mudancas_Climaticas_e_Incendios_Florestais.pdf\" target=\"_blank\" rel=\"noopener noreferrer\">termos de uso<\/a> e <a href=\"https:\/\/www.greenrio.com.br\/arquivos\/eventos\/POLITICA_DE_PRIVACIDADE_I_Summit_Mudancas_Climaticas_e_Incendios_Florestais.pdf\" target=\"_blank\" rel=\"noopener noreferrer\">pol\u00edticas de privacidade<\/a> do Green Rio<\/span><\/em><\/p>\n<p>[\/et_pb_text][\/et_pb_column][\/et_pb_row][\/et_pb_section][et_pb_section fb_built=&#8221;1&#8243; fullwidth=&#8221;on&#8221; _builder_version=&#8221;4.5.2&#8243; _module_preset=&#8221;default&#8221;][et_pb_fullwidth_image src=&#8221;https:\/\/www.greenrio.com.br\/wp-content\/uploads\/Faixa-mudancas-de-clima-rodape.jpg&#8221; title_text=&#8221;Faixa-mudancas-de-clima-rodape&#8221; _builder_version=&#8221;4.5.2&#8243; _module_preset=&#8221;default&#8221;][\/et_pb_fullwidth_image][\/et_pb_section]<\/p>\n","protected":false},"excerpt":{"rendered":"<p>Inscreva-se aqui[vfb id=33]Concordo com termos de uso e pol\u00edticas de privacidade do Green Rio<\/p>\n","protected":false},"author":1,"featured_media":0,"parent":0,"menu_order":0,"comment_status":"closed","ping_status":"open","template":"page-template-blank.php","meta":{"_et_pb_use_builder":"on","_et_pb_old_content":"","_et_gb_content_width":"","footnotes":""},"class_list":["post-25543","page","type-page","status-publish","hentry"],"_links":{"self":[{"href":"https:\/\/www.greenrio.com.br\/index.php\/wp-json\/wp\/v2\/pages\/25543","targetHints":{"allow":["GET"]}}],"collection":[{"href":"https:\/\/www.greenrio.com.br\/index.php\/wp-json\/wp\/v2\/pages"}],"about":[{"href":"https:\/\/www.greenrio.com.br\/index.php\/wp-json\/wp\/v2\/types\/page"}],"author":[{"embeddable":true,"href":"https:\/\/www.greenrio.com.br\/index.php\/wp-json\/wp\/v2\/users\/1"}],"replies":[{"embeddable":true,"href":"https:\/\/www.greenrio.com.br\/index.php\/wp-json\/wp\/v2\/comments?post=25543"}],"version-history":[{"count":16,"href":"https:\/\/www.greenrio.com.br\/index.php\/wp-json\/wp\/v2\/pages\/25543\/revisions"}],"predecessor-version":[{"id":26620,"href":"https:\/\/www.greenrio.com.br\/index.php\/wp-json\/wp\/v2\/pages\/25543\/revisions\/26620"}],"wp:attachment":[{"href":"https:\/\/www.greenrio.com.br\/index.php\/wp-json\/wp\/v2\/media?parent=25543"}],"curies":[{"name":"wp","href":"https:\/\/api.w.org\/{rel}","templated":true}]}}