{"id":25474,"date":"2024-03-15T17:01:14","date_gmt":"2024-03-15T17:01:14","guid":{"rendered":"https:\/\/www.greenrio.com.br\/?page_id=25474"},"modified":"2024-06-20T16:34:09","modified_gmt":"2024-06-20T16:34:09","slug":"clima-incendios","status":"publish","type":"page","link":"https:\/\/www.greenrio.com.br\/index.php\/clima-incendios\/","title":{"rendered":"I SUMMIT MUDAN\u00c7AS CLIM\u00c1TICAS E INC\u00caNDIOS FLORESTAIS"},"content":{"rendered":"<p>[et_pb_section fb_built=&#8221;1&#8243; _builder_version=&#8221;4.5.2&#8243; _module_preset=&#8221;default&#8221; background_color=&#8221;#006600&#8243;][et_pb_row column_structure=&#8221;3_4,1_4&#8243; _builder_version=&#8221;4.5.2&#8243; _module_preset=&#8221;default&#8221;][et_pb_column type=&#8221;3_4&#8243; _builder_version=&#8221;4.5.2&#8243; _module_preset=&#8221;default&#8221;][et_pb_menu menu_id=&#8221;30&#8243; active_link_color=&#8221;#e09900&#8243; logo=&#8221;https:\/\/www.greenrio.com.br\/wp-content\/uploads\/Logo_FECI_Fundo_Branco_140px.png&#8221; logo_url=&#8221;https:\/\/www.greenrio.com.br\/index.php\/clima-incendios\/&#8221; _builder_version=&#8221;4.5.2&#8243; _module_preset=&#8221;default&#8221; menu_font=&#8221;|700|||||||&#8221; menu_text_color=&#8221;#ffffff&#8221; menu_font_size=&#8221;18px&#8221; background_color=&#8221;#006600&#8243;][\/et_pb_menu][\/et_pb_column][et_pb_column type=&#8221;1_4&#8243; _builder_version=&#8221;4.5.2&#8243; _module_preset=&#8221;default&#8221;][et_pb_text _builder_version=&#8221;4.5.2&#8243; _module_preset=&#8221;default&#8221; text_font=&#8221;|700|||||||&#8221; text_text_color=&#8221;#000000&#8243; text_font_size=&#8221;20px&#8221; text_line_height=&#8221;2.5em&#8221; background_color=&#8221;#ffffff&#8221; text_orientation=&#8221;center&#8221; width=&#8221;90%&#8221; custom_margin=&#8221;7px||||false|false&#8221; animation_style=&#8221;fade&#8221; link_option_url=&#8221;https:\/\/www.hbatools.com.br\/i-summit-mudancas-climaticas-e-incendios-florestais__1607&#8243; link_option_url_new_window=&#8221;on&#8221; border_radii=&#8221;on|5px|5px|5px|5px&#8221;]<\/p>\n<p>Inscreva-se aqui<\/p>\n<p>[\/et_pb_text][\/et_pb_column][\/et_pb_row][\/et_pb_section][et_pb_section fb_built=&#8221;1&#8243; fullwidth=&#8221;on&#8221; _builder_version=&#8221;4.5.2&#8243; _module_preset=&#8221;default&#8221;][et_pb_fullwidth_image src=&#8221;https:\/\/www.greenrio.com.br\/wp-content\/uploads\/Banner-mudancas-de-clima1.jpg&#8221; title_text=&#8221;Banner-mudancas-de-clima1&#8243; _builder_version=&#8221;4.5.2&#8243; _module_preset=&#8221;default&#8221;][\/et_pb_fullwidth_image][\/et_pb_section][et_pb_section fb_built=&#8221;1&#8243; _builder_version=&#8221;4.5.2&#8243; _module_preset=&#8221;default&#8221; hover_enabled=&#8221;0&#8243;][et_pb_row column_structure=&#8221;1_2,1_2&#8243; _builder_version=&#8221;4.5.2&#8243; _module_preset=&#8221;default&#8221; width=&#8221;100%&#8221; max_width=&#8221;1651px&#8221; hover_enabled=&#8221;0&#8243;][et_pb_column type=&#8221;1_2&#8243; _builder_version=&#8221;4.5.2&#8243; _module_preset=&#8221;default&#8221;][et_pb_image src=&#8221;https:\/\/www.greenrio.com.br\/wp-content\/uploads\/Logos-port-PPOA.jpg&#8221; title_text=&#8221;Logos-port-PPOA&#8221; url_new_window=&#8221;on&#8221; align=&#8221;center&#8221; _builder_version=&#8221;4.5.2&#8243; _module_preset=&#8221;default&#8221; hover_enabled=&#8221;0&#8243;][\/et_pb_image][\/et_pb_column][et_pb_column type=&#8221;1_2&#8243; _builder_version=&#8221;4.5.2&#8243; _module_preset=&#8221;default&#8221;][et_pb_image src=&#8221;https:\/\/www.greenrio.com.br\/wp-content\/uploads\/Logos-port-AAP.jpg&#8221; title_text=&#8221;Logos-port-AAP&#8221; url_new_window=&#8221;on&#8221; align=&#8221;center&#8221; _builder_version=&#8221;4.5.2&#8243; _module_preset=&#8221;default&#8221; hover_enabled=&#8221;0&#8243;][\/et_pb_image][\/et_pb_column][\/et_pb_row][\/et_pb_section][et_pb_section fb_built=&#8221;1&#8243; _builder_version=&#8221;4.5.2&#8243; _module_preset=&#8221;default&#8221;][et_pb_row _builder_version=&#8221;4.5.2&#8243; _module_preset=&#8221;default&#8221; background_color=&#8221;#D2E28B&#8221;][et_pb_column type=&#8221;4_4&#8243; _builder_version=&#8221;4.5.2&#8243; _module_preset=&#8221;default&#8221;][et_pb_text _builder_version=&#8221;4.5.2&#8243; _module_preset=&#8221;default&#8221; text_font=&#8221;Arial|700|||||||&#8221; text_text_color=&#8221;#000000&#8243; text_font_size=&#8221;22px&#8221; text_orientation=&#8221;center&#8221; width=&#8221;92%&#8221; module_alignment=&#8221;center&#8221; custom_padding=&#8221;|39px||39px|false|true&#8221;]<\/p>\n<p>Participe do I Summit Mudan\u00e7as Clim\u00e1ticas e Inc\u00eandios Florestais e fa\u00e7a parte de uma rede internacional com estrat\u00e9gias para prevenir e combater inc\u00eandios, assim como reduzir o aquecimento global.<\/p>\n<p>[\/et_pb_text][\/et_pb_column][\/et_pb_row][et_pb_row column_structure=&#8221;1_3,1_3,1_3&#8243; _builder_version=&#8221;4.5.2&#8243; _module_preset=&#8221;default&#8221;][et_pb_column type=&#8221;1_3&#8243; _builder_version=&#8221;4.5.2&#8243; _module_preset=&#8221;default&#8221;][et_pb_text _builder_version=&#8221;4.5.2&#8243; _module_preset=&#8221;default&#8221; text_font=&#8221;Arial|700|||||||&#8221; text_text_color=&#8221;#000000&#8243; text_font_size=&#8221;18px&#8221; custom_margin=&#8221;|0px||35px|false|false&#8221; custom_padding=&#8221;0px|0px|0px|0px|false|false&#8221;]<\/p>\n<p>Dias 27 e 28 de junho pr\u00f3ximo reuniremos em Itu, S\u00e3o Paulo, atores p\u00fablico-privados que adotam pol\u00edticas eficazes e que estimulam a coopera\u00e7\u00e3o entre empresas, entidades, comunidades e pa\u00edses.<\/p>\n<p>[\/et_pb_text][\/et_pb_column][et_pb_column type=&#8221;1_3&#8243; _builder_version=&#8221;4.5.2&#8243; _module_preset=&#8221;default&#8221;][et_pb_image src=&#8221;https:\/\/www.greenrio.com.br\/wp-content\/uploads\/Logo-Combate-a-Incendios-200px.png&#8221; title_text=&#8221;Logo-Combate-a-Incendios-200px&#8221; align=&#8221;center&#8221; _builder_version=&#8221;4.5.2&#8243; _module_preset=&#8221;default&#8221;][\/et_pb_image][\/et_pb_column][et_pb_column type=&#8221;1_3&#8243; _builder_version=&#8221;4.5.2&#8243; _module_preset=&#8221;default&#8221;][et_pb_text _builder_version=&#8221;4.5.2&#8243; _module_preset=&#8221;default&#8221; text_font=&#8221;Arial|700|||||||&#8221; text_text_color=&#8221;#000000&#8243; text_font_size=&#8221;18px&#8221; text_orientation=&#8221;right&#8221; width=&#8221;100%&#8221; custom_margin=&#8221;|||-35px|false|false&#8221; custom_padding=&#8221;0px|0px|0px|0px|true|false&#8221;]<\/p>\n<p>Inc\u00eandios florestais v\u00eam aumentando cada vez mais em n\u00famero, frequ\u00eancia e intensidade em v\u00e1rias partes do mundo, causando a perda de vidas humanas al\u00e9m de econ\u00f4micas.<\/p>\n<p>[\/et_pb_text][\/et_pb_column][\/et_pb_row][et_pb_row _builder_version=&#8221;4.5.2&#8243; _module_preset=&#8221;default&#8221; background_color=&#8221;#FFFBD6&#8243;][et_pb_column type=&#8221;4_4&#8243; _builder_version=&#8221;4.5.2&#8243; _module_preset=&#8221;default&#8221;][et_pb_text _builder_version=&#8221;4.5.2&#8243; _module_preset=&#8221;default&#8221; text_font=&#8221;Arial||on||||||&#8221; text_text_color=&#8221;#000000&#8243; text_font_size=&#8221;18px&#8221; text_orientation=&#8221;center&#8221; width=&#8221;100%&#8221; custom_padding=&#8221;|70px||70px|false|true&#8221; custom_margin__hover_enabled=&#8221;off|desktop&#8221;]<\/p>\n<p>Uma oportunidade \u00edmpar de ouvir e interagir com os principais especialistas internacionais, como o <strong>Prof. Johann Georg Goldammer<\/strong> &#8211; diretor do Centro Global de Monitoramento de Inc\u00eandios &#8211; sobre Gerenciamento integrado de Fogo (\u201cIntegrated Fire Management\u201d) e a <strong>Dra. Thelma Krug<\/strong> &#8211; presidente da OMM (Organiza\u00e7\u00e3o Meteorol\u00f3gica Mundial).<\/p>\n<p>[\/et_pb_text][\/et_pb_column][\/et_pb_row][\/et_pb_section][et_pb_section fb_built=&#8221;1&#8243; _builder_version=&#8221;4.5.2&#8243; _module_preset=&#8221;default&#8221;][et_pb_row _builder_version=&#8221;4.5.2&#8243; _module_preset=&#8221;default&#8221; background_color=&#8221;#D2E28B&#8221;][et_pb_column type=&#8221;4_4&#8243; _builder_version=&#8221;4.5.2&#8243; _module_preset=&#8221;default&#8221;][et_pb_text _builder_version=&#8221;4.5.2&#8243; _module_preset=&#8221;default&#8221; text_font=&#8221;Arial|700|||||||&#8221; text_text_color=&#8221;#000000&#8243; text_font_size=&#8221;18px&#8221; text_orientation=&#8221;center&#8221; width=&#8221;92%&#8221; module_alignment=&#8221;center&#8221; custom_padding=&#8221;|39px||39px|false|true&#8221;]<\/p>\n<p>Dia 27 de junho (Quinta-feira)<\/p>\n<p>[\/et_pb_text][\/et_pb_column][\/et_pb_row][et_pb_row column_structure=&#8221;1_4,1_4,1_4,1_4&#8243; _builder_version=&#8221;4.5.2&#8243; _module_preset=&#8221;default&#8221;][et_pb_column type=&#8221;1_4&#8243; _builder_version=&#8221;4.5.2&#8243; _module_preset=&#8221;default&#8221;][et_pb_text _builder_version=&#8221;4.5.2&#8243; _module_preset=&#8221;default&#8221; text_font=&#8221;|600|||||||&#8221; text_text_color=&#8221;#000000&#8243; text_font_size=&#8221;16px&#8221;]<\/p>\n<p><strong>PAINEL 1<\/strong>\u00a0<\/p>\n<p>Vis\u00e3o Global de Inc\u00eandios &#8211; Coopera\u00e7\u00e3o Internacional<\/p>\n<p>[\/et_pb_text][\/et_pb_column][et_pb_column type=&#8221;1_4&#8243; _builder_version=&#8221;4.5.2&#8243; _module_preset=&#8221;default&#8221;][et_pb_text _builder_version=&#8221;4.5.2&#8243; _module_preset=&#8221;default&#8221; text_font=&#8221;|600|||||||&#8221; text_text_color=&#8221;#000000&#8243; text_font_size=&#8221;16px&#8221;]<\/p>\n<p><strong>PAINEL 2<\/strong><\/p>\n<p>Experi\u00eancias de Preven\u00e7\u00e3o e Combate em V\u00e1rios Biomas &#8211; A Realidade Brasileira<\/p>\n<p>[\/et_pb_text][\/et_pb_column][et_pb_column type=&#8221;1_4&#8243; _builder_version=&#8221;4.5.2&#8243; _module_preset=&#8221;default&#8221;][et_pb_text _builder_version=&#8221;4.5.2&#8243; _module_preset=&#8221;default&#8221; text_font=&#8221;|600|||||||&#8221; text_text_color=&#8221;#000000&#8243; text_font_size=&#8221;16px&#8221;]<\/p>\n<p><strong>PAINEL 3<\/strong><\/p>\n<p>A relev\u00e2ncia do Setor Florestal no Economia &#8211; O Papel das Empresas na Preserva\u00e7\u00e3o das Florestas Nativas e no Combate a Inc\u00eandios<\/p>\n<p>[\/et_pb_text][\/et_pb_column][et_pb_column type=&#8221;1_4&#8243; _builder_version=&#8221;4.5.2&#8243; _module_preset=&#8221;default&#8221;][et_pb_text _builder_version=&#8221;4.5.2&#8243; _module_preset=&#8221;default&#8221; text_font=&#8221;|600|||||||&#8221; text_text_color=&#8221;#000000&#8243; text_font_size=&#8221;16px&#8221;]<\/p>\n<p><strong>PAINEL 4<\/strong><\/p>\n<p>A Import\u00e2ncia da Cadeia &#8211; Empresas Produtoras de Equipamentos, Insumos, Monitoramento, Novas Tecnologias e Treinamento de Brigadas<\/p>\n<p>[\/et_pb_text][\/et_pb_column][\/et_pb_row][et_pb_row _builder_version=&#8221;4.5.2&#8243; _module_preset=&#8221;default&#8221; background_color=&#8221;#F58634&#8243;][et_pb_column type=&#8221;4_4&#8243; _builder_version=&#8221;4.5.2&#8243; _module_preset=&#8221;default&#8221;][et_pb_text _builder_version=&#8221;4.5.2&#8243; _module_preset=&#8221;default&#8221; text_font=&#8221;Arial|700|||||||&#8221; text_text_color=&#8221;#000000&#8243; text_font_size=&#8221;18px&#8221; text_orientation=&#8221;center&#8221; width=&#8221;92%&#8221; module_alignment=&#8221;center&#8221; custom_padding=&#8221;|39px||39px|false|true&#8221;]<\/p>\n<p>Dia 28 de junho (Sexta-feira) &#8211; Vagas Limitadas<\/p>\n<p>[\/et_pb_text][\/et_pb_column][\/et_pb_row][et_pb_row column_structure=&#8221;1_4,1_4,1_4,1_4&#8243; _builder_version=&#8221;4.5.2&#8243; _module_preset=&#8221;default&#8221;][et_pb_column type=&#8221;1_4&#8243; _builder_version=&#8221;4.5.2&#8243; _module_preset=&#8221;default&#8221;][\/et_pb_column][et_pb_column type=&#8221;1_4&#8243; _builder_version=&#8221;4.5.2&#8243; _module_preset=&#8221;default&#8221;][et_pb_text _builder_version=&#8221;4.5.2&#8243; _module_preset=&#8221;default&#8221; text_font=&#8221;|600|||||||&#8221; text_text_color=&#8221;#000000&#8243; text_font_size=&#8221;16px&#8221;]<\/p>\n<p><strong>DIA DE CAMPO<\/strong><\/p>\n<p>Visita \u00e0 Eucatex restrita a convidados.<br \/> &#8211; Uma das principais reflorestadoras consideradas refer\u00eancia<\/p>\n<p>[\/et_pb_text][\/et_pb_column][et_pb_column type=&#8221;1_4&#8243; _builder_version=&#8221;4.5.2&#8243; _module_preset=&#8221;default&#8221;][et_pb_text _builder_version=&#8221;4.5.2&#8243; _module_preset=&#8221;default&#8221; text_font=&#8221;|600|||||||&#8221; text_text_color=&#8221;#000000&#8243; text_font_size=&#8221;16px&#8221;]<\/p>\n<p><strong>CURSO DE INVESTIGA\u00c7\u00c3O DE INC\u00caNDIOS FLORESTAIS<\/strong><\/p>\n<p>[\/et_pb_text][\/et_pb_column][et_pb_column type=&#8221;1_4&#8243; _builder_version=&#8221;4.5.2&#8243; _module_preset=&#8221;default&#8221;][\/et_pb_column][\/et_pb_row][et_pb_row _builder_version=&#8221;4.5.2&#8243; _module_preset=&#8221;default&#8221;][et_pb_column type=&#8221;4_4&#8243; _builder_version=&#8221;4.5.2&#8243; _module_preset=&#8221;default&#8221;][et_pb_text _builder_version=&#8221;4.5.2&#8243; _module_preset=&#8221;default&#8221; text_font=&#8221;|700|||||||&#8221; text_text_color=&#8221;#ffffff&#8221; text_font_size=&#8221;26px&#8221; text_line_height=&#8221;1.4em&#8221; background_color=&#8221;#006600&#8243; text_orientation=&#8221;center&#8221; width=&#8221;100%&#8221; custom_padding=&#8221;15px||15px||true|false&#8221; animation_style=&#8221;fade&#8221; link_option_url=&#8221;https:\/\/www.hbatools.com.br\/i-summit-mudancas-climaticas-e-incendios-florestais__1607&#8243; link_option_url_new_window=&#8221;on&#8221; border_radii=&#8221;on|5px|5px|5px|5px&#8221; locked=&#8221;off&#8221;]<\/p>\n<p>Clique aqui e fa\u00e7a seu cadastramento<\/p>\n<p>[\/et_pb_text][\/et_pb_column][\/et_pb_row][et_pb_row column_structure=&#8221;1_3,1_3,1_3&#8243; _builder_version=&#8221;4.5.2&#8243; _module_preset=&#8221;default&#8221; locked=&#8221;off&#8221;][et_pb_column type=&#8221;1_3&#8243; _builder_version=&#8221;4.5.2&#8243; _module_preset=&#8221;default&#8221;][\/et_pb_column][et_pb_column type=&#8221;1_3&#8243; _builder_version=&#8221;4.5.2&#8243; _module_preset=&#8221;default&#8221;][et_pb_text admin_label=&#8221;Texto&#8221; _builder_version=&#8221;4.5.2&#8243; background_size=&#8221;initial&#8221; background_position=&#8221;top_left&#8221; background_repeat=&#8221;repeat&#8221; use_border_color=&#8221;off&#8221; border_color=&#8221;#ffffff&#8221; border_style=&#8221;solid&#8221; locked=&#8221;off&#8221;]<\/p>\n<p style=\"text-align: center;\"><span style=\"font-size: 12pt; color: #999999;\"><em><span style=\"font-family: Arial, Helvetica, sans-serif;\">Ag\u00eancia de viagem oficial do evento<\/span><\/em><\/span><\/p>\n<p>[\/et_pb_text][et_pb_image src=&#8221;https:\/\/www.greenrio.com.br\/wp-content\/uploads\/LogoFlyTour_Itu-65px.jpg&#8221; title_text=&#8221;LogoFlyTour_Itu-65px&#8221; align=&#8221;center&#8221; _builder_version=&#8221;4.5.2&#8243; _module_preset=&#8221;default&#8221;][\/et_pb_image][\/et_pb_column][et_pb_column type=&#8221;1_3&#8243; _builder_version=&#8221;4.5.2&#8243; _module_preset=&#8221;default&#8221;][\/et_pb_column][\/et_pb_row][et_pb_row _builder_version=&#8221;4.5.2&#8243; _module_preset=&#8221;default&#8221; background_color=&#8221;#FFFBD6&#8243;][et_pb_column type=&#8221;4_4&#8243; _builder_version=&#8221;4.5.2&#8243; _module_preset=&#8221;default&#8221;][et_pb_text _builder_version=&#8221;4.5.2&#8243; _module_preset=&#8221;default&#8221; text_font=&#8221;Arial|600|||||||&#8221; text_text_color=&#8221;#000000&#8243; text_font_size=&#8221;18px&#8221; text_orientation=&#8221;center&#8221; width=&#8221;100%&#8221; custom_padding=&#8221;|70px||70px|false|true&#8221; custom_margin__hover_enabled=&#8221;off|desktop&#8221;]<\/p>\n<p>Para mais informa\u00e7\u00f5es, entre em contato com:<span style=\"color: #0000ff;\">\u00a0<a href=\"mailto:cl*************@***il.com\" data-original-string=\"wfisuwzPOye2DuqIzZiXFg==910\/rvPFN\/jfTZ\/dVVDIqJlUlO975t0VfPAgWICLSesA6c=\" title=\"This contact has been encoded by Anti-Spam by CleanTalk. Click to decode. To finish the decoding make sure that JavaScript is enabled in your browser.\" style=\"color: #0000ff;\"><span \n                data-original-string='Us5dnmFwEvQVrXPEkobvRw==910s7T8sElrDIVbCt6NoRDqGpyh50RPqmquEYxiXAJCVbE='\n                class='apbct-email-encoder'\n                title='This contact has been encoded by Anti-Spam by CleanTalk. Click to decode. To finish the decoding make sure that JavaScript is enabled in your browser.'>cl<span class=\"apbct-blur\">*************<\/span>@<span class=\"apbct-blur\">***<\/span>il.com<\/span><\/a><\/span><\/p>\n<p>[\/et_pb_text][\/et_pb_column][\/et_pb_row][et_pb_row _builder_version=&#8221;4.5.2&#8243; _module_preset=&#8221;default&#8221;][et_pb_column type=&#8221;4_4&#8243; _builder_version=&#8221;4.5.2&#8243; _module_preset=&#8221;default&#8221;][et_pb_divider _builder_version=&#8221;4.5.2&#8243; _module_preset=&#8221;default&#8221;][\/et_pb_divider][\/et_pb_column][\/et_pb_row][\/et_pb_section][et_pb_section fb_built=&#8221;1&#8243; _builder_version=&#8221;4.5.2&#8243; _module_preset=&#8221;default&#8221;][et_pb_row _builder_version=&#8221;4.5.2&#8243; _module_preset=&#8221;default&#8221;][et_pb_column type=&#8221;4_4&#8243; _builder_version=&#8221;4.5.2&#8243; _module_preset=&#8221;default&#8221;][et_pb_text _builder_version=&#8221;4.5.2&#8243; _module_preset=&#8221;default&#8221;]<\/p>\n<p style=\"text-align: right;\"><em><span style=\"font-size: 12px;\">Concordo com <a href=\"https:\/\/www.greenrio.com.br\/arquivos\/eventos\/TERMO_DE_USO_I_Summit_Mudancas_Climaticas_e_Incendios_Florestais.pdf\" target=\"_blank\" rel=\"noopener noreferrer\">termos de uso<\/a> e <a href=\"https:\/\/www.greenrio.com.br\/arquivos\/eventos\/POLITICA_DE_PRIVACIDADE_I_Summit_Mudancas_Climaticas_e_Incendios_Florestais.pdf\" target=\"_blank\" rel=\"noopener noreferrer\">pol\u00edticas de privacidade<\/a> do Green Rio<\/span><\/em><\/p>\n<p>[\/et_pb_text][\/et_pb_column][\/et_pb_row][\/et_pb_section]<\/p>\n","protected":false},"excerpt":{"rendered":"<p>Inscreva-se aquiParticipe do I Summit Mudan\u00e7as Clim\u00e1ticas e Inc\u00eandios Florestais e fa\u00e7a parte de uma rede internacional com estrat\u00e9gias para prevenir e combater inc\u00eandios, assim como reduzir o aquecimento global.Dias 27 e 28 de junho pr\u00f3ximo reuniremos em Itu, S\u00e3o Paulo, atores p\u00fablico-privados que adotam pol\u00edticas eficazes e que estimulam a coopera\u00e7\u00e3o entre empresas, entidades, [&hellip;]<\/p>\n","protected":false},"author":1,"featured_media":0,"parent":0,"menu_order":0,"comment_status":"closed","ping_status":"open","template":"page-template-blank.php","meta":{"_et_pb_use_builder":"on","_et_pb_old_content":"","_et_gb_content_width":"","footnotes":""},"class_list":["post-25474","page","type-page","status-publish","hentry"],"_links":{"self":[{"href":"https:\/\/www.greenrio.com.br\/index.php\/wp-json\/wp\/v2\/pages\/25474","targetHints":{"allow":["GET"]}}],"collection":[{"href":"https:\/\/www.greenrio.com.br\/index.php\/wp-json\/wp\/v2\/pages"}],"about":[{"href":"https:\/\/www.greenrio.com.br\/index.php\/wp-json\/wp\/v2\/types\/page"}],"author":[{"embeddable":true,"href":"https:\/\/www.greenrio.com.br\/index.php\/wp-json\/wp\/v2\/users\/1"}],"replies":[{"embeddable":true,"href":"https:\/\/www.greenrio.com.br\/index.php\/wp-json\/wp\/v2\/comments?post=25474"}],"version-history":[{"count":60,"href":"https:\/\/www.greenrio.com.br\/index.php\/wp-json\/wp\/v2\/pages\/25474\/revisions"}],"predecessor-version":[{"id":26618,"href":"https:\/\/www.greenrio.com.br\/index.php\/wp-json\/wp\/v2\/pages\/25474\/revisions\/26618"}],"wp:attachment":[{"href":"https:\/\/www.greenrio.com.br\/index.php\/wp-json\/wp\/v2\/media?parent=25474"}],"curies":[{"name":"wp","href":"https:\/\/api.w.org\/{rel}","templated":true}]}}