{"id":25314,"date":"2024-02-20T23:03:10","date_gmt":"2024-02-20T23:03:10","guid":{"rendered":"https:\/\/www.greenrio.com.br\/?page_id=25314"},"modified":"2026-03-04T15:38:50","modified_gmt":"2026-03-04T15:38:50","slug":"general-information","status":"publish","type":"page","link":"https:\/\/www.greenrio.com.br\/index.php\/general-information\/","title":{"rendered":"General information"},"content":{"rendered":"<p>[et_pb_section fb_built=&#8221;1&#8243; _builder_version=&#8221;4.16&#8243; _module_preset=&#8221;default&#8221; max_width=&#8221;1600px&#8221; module_alignment=&#8221;center&#8221; custom_margin=&#8221;-28px||||false|false&#8221; locked=&#8221;off&#8221; global_colors_info=&#8221;{}&#8221;][et_pb_row _builder_version=&#8221;4.16&#8243; _module_preset=&#8221;default&#8221; width=&#8221;100%&#8221; max_width=&#8221;1520px&#8221; module_alignment=&#8221;center&#8221; global_colors_info=&#8221;{}&#8221;][et_pb_column type=&#8221;4_4&#8243; _builder_version=&#8221;4.16&#8243; _module_preset=&#8221;default&#8221; global_colors_info=&#8221;{}&#8221;][et_pb_menu menu_id=&#8221;29&#8243; menu_style=&#8221;centered&#8221; submenu_direction=&#8221;downwards&#8221; active_link_color=&#8221;#d3d3d3&#8243; show_search_icon=&#8221;on&#8221; search_icon_color=&#8221;#ffffff&#8221; search_icon_font_size=&#8221;18px&#8221; _builder_version=&#8221;4.5.2&#8243; menu_font=&#8221;|700|||||||&#8221; menu_text_color=&#8221;#ffffff&#8221; menu_font_size=&#8221;18px&#8221; menu_line_height=&#8221;2.9em&#8221; background_color=&#8221;#4d8847&#8243; vertical_offset_tablet=&#8221;0&#8243; horizontal_offset_tablet=&#8221;0&#8243; z_index_tablet=&#8221;0&#8243; menu_text_shadow_horizontal_length_tablet=&#8221;0px&#8221; menu_text_shadow_vertical_length_tablet=&#8221;0px&#8221; menu_text_shadow_blur_strength_tablet=&#8221;1px&#8221; box_shadow_horizontal_tablet=&#8221;0px&#8221; box_shadow_vertical_tablet=&#8221;0px&#8221; box_shadow_blur_tablet=&#8221;40px&#8221; box_shadow_spread_tablet=&#8221;0px&#8221; box_shadow_horizontal_image_tablet=&#8221;0px&#8221; box_shadow_vertical_image_tablet=&#8221;0px&#8221; box_shadow_blur_image_tablet=&#8221;40px&#8221; box_shadow_spread_image_tablet=&#8221;0px&#8221; global_module=&#8221;20120&#8243; global_colors_info=&#8221;{}&#8221;][\/et_pb_menu][\/et_pb_column][\/et_pb_row][\/et_pb_section][et_pb_section fb_built=&#8221;1&#8243; _builder_version=&#8221;4.16&#8243; _module_preset=&#8221;default&#8221; max_width=&#8221;1600px&#8221; module_alignment=&#8221;center&#8221; custom_margin=&#8221;-28px||||false|false&#8221; locked=&#8221;off&#8221; global_colors_info=&#8221;{}&#8221;][et_pb_row column_structure=&#8221;2_3,1_3&#8243; _builder_version=&#8221;4.27.0&#8243; background_size=&#8221;initial&#8221; background_position=&#8221;top_left&#8221; background_repeat=&#8221;repeat&#8221; custom_margin=&#8221;||-38px||false|false&#8221; global_module=&#8221;12816&#8243; global_colors_info=&#8221;{}&#8221;][et_pb_column type=&#8221;2_3&#8243; _builder_version=&#8221;4.16&#8243; custom_padding=&#8221;|||&#8221; global_colors_info=&#8221;{}&#8221; custom_padding__hover=&#8221;|||&#8221;][et_pb_image src=&#8221;https:\/\/www.greenrio.com.br\/wp-content\/uploads\/Logo-Green-Rio-Tech-2026-Eng.jpg&#8221; url=&#8221;https:\/\/www.greenrio.com.br\/index.php\/english\/&#8221; align=&#8221;center&#8221; _builder_version=&#8221;4.27.0&#8243; vertical_offset_tablet=&#8221;0&#8243; horizontal_offset_tablet=&#8221;0&#8243; width=&#8221;100%&#8221; z_index_tablet=&#8221;0&#8243; box_shadow_horizontal_tablet=&#8221;0px&#8221; box_shadow_vertical_tablet=&#8221;0px&#8221; box_shadow_blur_tablet=&#8221;40px&#8221; box_shadow_spread_tablet=&#8221;0px&#8221; global_colors_info=&#8221;{}&#8221;][\/et_pb_image][\/et_pb_column][et_pb_column type=&#8221;1_3&#8243; _builder_version=&#8221;4.16&#8243; custom_padding=&#8221;|||&#8221; global_colors_info=&#8221;{}&#8221; custom_padding__hover=&#8221;|||&#8221;][et_pb_text _builder_version=&#8221;4.27.0&#8243; vertical_offset_tablet=&#8221;0&#8243; horizontal_offset_tablet=&#8221;0&#8243; width=&#8221;100%&#8221; max_width=&#8221;100%&#8221; module_alignment=&#8221;right&#8221; custom_margin=&#8221;||-2px||false|false&#8221; custom_padding=&#8221;7px|||&#8221; z_index_tablet=&#8221;0&#8243; text_text_shadow_horizontal_length_tablet=&#8221;0px&#8221; text_text_shadow_vertical_length_tablet=&#8221;0px&#8221; text_text_shadow_blur_strength_tablet=&#8221;1px&#8221; link_text_shadow_horizontal_length_tablet=&#8221;0px&#8221; link_text_shadow_vertical_length_tablet=&#8221;0px&#8221; link_text_shadow_blur_strength_tablet=&#8221;1px&#8221; ul_text_shadow_horizontal_length_tablet=&#8221;0px&#8221; ul_text_shadow_vertical_length_tablet=&#8221;0px&#8221; ul_text_shadow_blur_strength_tablet=&#8221;1px&#8221; ol_text_shadow_horizontal_length_tablet=&#8221;0px&#8221; ol_text_shadow_vertical_length_tablet=&#8221;0px&#8221; ol_text_shadow_blur_strength_tablet=&#8221;1px&#8221; quote_text_shadow_horizontal_length_tablet=&#8221;0px&#8221; quote_text_shadow_vertical_length_tablet=&#8221;0px&#8221; quote_text_shadow_blur_strength_tablet=&#8221;1px&#8221; header_text_shadow_horizontal_length_tablet=&#8221;0px&#8221; header_text_shadow_vertical_length_tablet=&#8221;0px&#8221; header_text_shadow_blur_strength_tablet=&#8221;1px&#8221; header_2_text_shadow_horizontal_length_tablet=&#8221;0px&#8221; header_2_text_shadow_vertical_length_tablet=&#8221;0px&#8221; header_2_text_shadow_blur_strength_tablet=&#8221;1px&#8221; header_3_text_shadow_horizontal_length_tablet=&#8221;0px&#8221; header_3_text_shadow_vertical_length_tablet=&#8221;0px&#8221; header_3_text_shadow_blur_strength_tablet=&#8221;1px&#8221; header_4_text_shadow_horizontal_length_tablet=&#8221;0px&#8221; header_4_text_shadow_vertical_length_tablet=&#8221;0px&#8221; header_4_text_shadow_blur_strength_tablet=&#8221;1px&#8221; header_5_text_shadow_horizontal_length_tablet=&#8221;0px&#8221; header_5_text_shadow_vertical_length_tablet=&#8221;0px&#8221; header_5_text_shadow_blur_strength_tablet=&#8221;1px&#8221; header_6_text_shadow_horizontal_length_tablet=&#8221;0px&#8221; header_6_text_shadow_vertical_length_tablet=&#8221;0px&#8221; header_6_text_shadow_blur_strength_tablet=&#8221;1px&#8221; box_shadow_horizontal_tablet=&#8221;0px&#8221; box_shadow_vertical_tablet=&#8221;0px&#8221; box_shadow_blur_tablet=&#8221;40px&#8221; box_shadow_spread_tablet=&#8221;0px&#8221; global_colors_info=&#8221;{}&#8221;]<\/p>\n<p><a href=\"https:\/\/www.instagram.com\/greenrioplaneta\/\" target=\"_blank\" rel=\"noopener\"><img loading=\"lazy\" decoding=\"async\" class=\"alignnone wp-image-31047\" src=\"https:\/\/www.greenrio.com.br\/wp-content\/uploads\/instagram1-1.jpg\" alt=\"\" width=\"20\" height=\"20\" \/><\/a>\u00a0 \u00a0 <a href=\"https:\/\/www.facebook.com\/greenriobr#\" target=\"_blank\" rel=\"noopener\"><img loading=\"lazy\" decoding=\"async\" class=\"alignnone wp-image-31048\" src=\"https:\/\/www.greenrio.com.br\/wp-content\/uploads\/face-2.jpg\" alt=\"\" width=\"20\" height=\"20\" \/><\/a>\u00a0 \u00a0 <a href=\"https:\/\/www.linkedin.com\/company\/planeta-org-nico\/\" target=\"_blank\" rel=\"noopener\"><img loading=\"lazy\" decoding=\"async\" class=\"alignnone wp-image-31049\" src=\"https:\/\/www.greenrio.com.br\/wp-content\/uploads\/linkedin-1-1.png\" alt=\"\" width=\"20\" height=\"20\" \/><\/a>\u00a0 \u00a0 <a href=\"https:\/\/x.com\/planetaorganico\" target=\"_blank\" rel=\"noopener\"><img loading=\"lazy\" decoding=\"async\" class=\"alignnone wp-image-31045\" src=\"https:\/\/www.greenrio.com.br\/wp-content\/uploads\/RedeX.png\" alt=\"\" width=\"20\" height=\"20\" \/><\/a>\u00a0 \u00a0 <a href=\"https:\/\/www.youtube.com\/channel\/UCgHbUl62NXc625ClP360seQ\" target=\"_blank\" rel=\"noopener\"><img loading=\"lazy\" decoding=\"async\" class=\"alignnone wp-image-31050\" src=\"https:\/\/www.greenrio.com.br\/wp-content\/uploads\/youtube-1.jpg\" alt=\"\" width=\"20\" height=\"20\" \/><\/a>\u00a0 \u00a0 <a href=\"https:\/\/www.greenrio.com.br\/index.php\/green-rio-news\/\" target=\"_blank\" rel=\"noopener\"><img loading=\"lazy\" decoding=\"async\" class=\"alignnone wp-image-2616\" src=\"https:\/\/www.greenrio.com.br\/wp-content\/uploads\/newsletter.jpg\" alt=\"\" width=\"20\" height=\"20\" \/><\/a> <img loading=\"lazy\" decoding=\"async\" class=\"alignnone size-full wp-image-32801\" src=\"https:\/\/www.greenrio.com.br\/wp-content\/uploads\/Logo-home-26-eng.jpg\" alt=\"\" width=\"120\" height=\"51\" \/><\/p>\n<p>\u00a0<\/p>\n<p>\u00a0<\/p>\n<p>[\/et_pb_text][\/et_pb_column][\/et_pb_row][\/et_pb_section][et_pb_section fb_built=&#8221;1&#8243; _builder_version=&#8221;4.16&#8243; _module_preset=&#8221;default&#8221; locked=&#8221;off&#8221; global_colors_info=&#8221;{}&#8221;][et_pb_row column_structure=&#8221;3_5,2_5&#8243; admin_label=&#8221;row&#8221; _builder_version=&#8221;4.16&#8243; background_size=&#8221;initial&#8221; background_position=&#8221;top_left&#8221; background_repeat=&#8221;repeat&#8221; custom_margin=&#8221;17px||||false|false&#8221; locked=&#8221;off&#8221; global_colors_info=&#8221;{}&#8221;][et_pb_column type=&#8221;3_5&#8243; _builder_version=&#8221;4.16&#8243; custom_padding=&#8221;|||&#8221; global_colors_info=&#8221;{}&#8221; custom_padding__hover=&#8221;|||&#8221;][et_pb_text admin_label=&#8221;Texto&#8221; _builder_version=&#8221;4.27.0&#8243; background_size=&#8221;initial&#8221; background_position=&#8221;top_left&#8221; background_repeat=&#8221;repeat&#8221; hover_enabled=&#8221;0&#8243; use_border_color=&#8221;off&#8221; border_color=&#8221;#ffffff&#8221; border_style=&#8221;solid&#8221; locked=&#8221;off&#8221; global_colors_info=&#8221;{}&#8221; sticky_enabled=&#8221;0&#8243;]<\/p>\n<p><span style=\"font-family: Arial, Helvetica, sans-serif; font-size: 12pt;\"><strong>Location:<\/strong> Marina da Gl\u00f3ria \u2013 Rio de Janeiro<br \/>Av. Infante Dom Henrique S\/N, Gl\u00f3ria &#8211; Rio de Janeiro &#8211; RJ &#8211; Brazil<br \/><strong>Date:<\/strong> October 29th and 30th, 2026<br \/><strong>Hours:<\/strong> 10am to 7pm<br \/><\/span><\/p>\n<p>[\/et_pb_text][\/et_pb_column][et_pb_column type=&#8221;2_5&#8243; _builder_version=&#8221;4.16&#8243; custom_padding=&#8221;|||&#8221; global_colors_info=&#8221;{}&#8221; custom_padding__hover=&#8221;|||&#8221;][\/et_pb_column][\/et_pb_row][et_pb_row admin_label=&#8221;row&#8221; _builder_version=&#8221;4.16&#8243; background_size=&#8221;initial&#8221; background_position=&#8221;top_left&#8221; background_repeat=&#8221;repeat&#8221; locked=&#8221;off&#8221; global_colors_info=&#8221;{}&#8221;][et_pb_column type=&#8221;4_4&#8243; _builder_version=&#8221;4.16&#8243; custom_padding=&#8221;|||&#8221; global_colors_info=&#8221;{}&#8221; custom_padding__hover=&#8221;|||&#8221;][et_pb_text admin_label=&#8221;Texto&#8221; _builder_version=&#8221;4.27.0&#8243; background_size=&#8221;initial&#8221; background_position=&#8221;top_left&#8221; background_repeat=&#8221;repeat&#8221; hover_enabled=&#8221;0&#8243; use_border_color=&#8221;off&#8221; border_color=&#8221;#ffffff&#8221; border_style=&#8221;solid&#8221; global_colors_info=&#8221;{}&#8221; sticky_enabled=&#8221;0&#8243;]<\/p>\n<table style=\"height: 5px; background-color: #2b660d;\" width=\"860\">\n<tbody>\n<tr>\n<td><span style=\"color: #ffffff;\"><strong><span style=\"font-family: Arial, Helvetica, sans-serif; font-size: 18pt;\">Information<\/span><\/strong><\/span><\/td>\n<\/tr>\n<\/tbody>\n<\/table>\n<p><strong><span style=\"font-family: Arial, Helvetica, sans-serif; font-size: 12pt;\"><span style=\"font-size: 14pt;\">Green Rio Tech \/ Blue Economy Rio 2026<\/span><\/span><\/strong><span style=\"font-size: 12pt; line-height: 1.7em;\"><br \/><\/span><\/p>\n<p><span style=\"font-size: 12pt;\"><strong>Marina da Gl\u00f3ria is located in the heart of the city of Rio de Janeiro<\/strong><\/span><\/p>\n<p><span style=\"font-size: 12pt;\">Close to the city center of Rio de Janeiro and next to Santos Dumont Airport, Marina da Gl\u00f3ria is fully integrated into the city and Parque do Flamengo, with easy access..<\/span><\/p>\n<p><span style=\"font-family: Arial, Helvetica, sans-serif; font-size: 12pt;\"><strong>By car:<\/strong>\u00a0Marina da Gl\u00f3ria has outsourced parking next to the exhibition pavilion. Access via Av. Infante Don Henrique, at Aterro do Flamengo. Coming from the city center or Santos Dumont Airport, make the bypass before reaching Botafogo beach.<\/span><\/p>\n<p><span style=\"font-family: Arial, Helvetica, sans-serif; font-size: 12pt;\"><strong>By Metro (Gl\u00f3ria Station) + 10 minutes on foot:<\/strong> the Green Rio organization met with Rio de Janeiro City Hall and the Municipal Guard in order to verify the suggested access between Metr\u00f4 Gl\u00f3ria and Marina da Gl\u00f3ria. The following image has the description. The walk between the Gl\u00f3ria subway and the entrance to Marina da Gl\u00f3ria can be done in ten minutes:<\/span><\/p>\n<p><img loading=\"lazy\" decoding=\"async\" class=\"size-full wp-image-3432 alignnone\" src=\"https:\/\/www.greenrio.com.br\/wp-content\/uploads\/MAPA-DE-LOCALIZACAO-GREEN-RIO.jpg\" alt=\"\" width=\"1100\" height=\"619\" srcset=\"https:\/\/www.greenrio.com.br\/wp-content\/uploads\/MAPA-DE-LOCALIZACAO-GREEN-RIO.jpg 1100w, https:\/\/www.greenrio.com.br\/wp-content\/uploads\/MAPA-DE-LOCALIZACAO-GREEN-RIO-300x169.jpg 300w, https:\/\/www.greenrio.com.br\/wp-content\/uploads\/MAPA-DE-LOCALIZACAO-GREEN-RIO-768x432.jpg 768w, https:\/\/www.greenrio.com.br\/wp-content\/uploads\/MAPA-DE-LOCALIZACAO-GREEN-RIO-1024x576.jpg 1024w, https:\/\/www.greenrio.com.br\/wp-content\/uploads\/MAPA-DE-LOCALIZACAO-GREEN-RIO-1080x608.jpg 1080w\" sizes=\"auto, (max-width: 1100px) 100vw, 1100px\" \/><\/p>\n<p><span style=\"font-size: 12pt;\"><strong>By boat:<\/strong> Contact the Marina (ECO 37) on VHF 68 or 16 to inform you of arrival.<\/span><\/p>\n<p><span style=\"font-family: Arial, Helvetica, sans-serif; font-size: 12pt;\"><strong>By plane or helicopter:<\/strong> Santos Dumont Airport<\/span><\/p>\n<p><span style=\"font-size: 12pt;\"><strong>Contact email:\u00a0<a href=\"mailto:fa**********@***il.com\" data-original-string=\"+JNaK5xcS6\/9Y5rAjEp89g==910Z0RqYfs7fl15KqycSuNYGeCyM7LtH2XFsLwAsucLT\/A=\" title=\"This contact has been encoded by Anti-Spam by CleanTalk. Click to decode. To finish the decoding make sure that JavaScript is enabled in your browser.\" target=\"_blank\" rel=\"noopener noreferrer\"><span \n                data-original-string='VjMkgwgBdpMozVVZ+jE7UQ==910LaGe3l1LuMatQMeaav9C+FuNr2S\/UHD5IAc7vRF+v+Y='\n                class='apbct-email-encoder'\n                title='This contact has been encoded by Anti-Spam by CleanTalk. Click to decode. To finish the decoding make sure that JavaScript is enabled in your browser.'>fa<span class=\"apbct-blur\">**********<\/span>@<span class=\"apbct-blur\">***<\/span>il.com<\/span>\u00a0<\/a><\/strong><\/span><\/p>\n<p>[\/et_pb_text][et_pb_divider _builder_version=&#8221;4.16&#8243; _module_preset=&#8221;default&#8221; global_colors_info=&#8221;{}&#8221;][\/et_pb_divider][\/et_pb_column][\/et_pb_row][et_pb_row admin_label=&#8221;row&#8221; _builder_version=&#8221;4.16&#8243; background_size=&#8221;initial&#8221; background_position=&#8221;top_left&#8221; background_repeat=&#8221;repeat&#8221; locked=&#8221;off&#8221; global_colors_info=&#8221;{}&#8221;][et_pb_column type=&#8221;4_4&#8243; _builder_version=&#8221;4.16&#8243; custom_padding=&#8221;|||&#8221; global_colors_info=&#8221;{}&#8221; custom_padding__hover=&#8221;|||&#8221;][et_pb_text admin_label=&#8221;Texto&#8221; _builder_version=&#8221;4.16&#8243; background_size=&#8221;initial&#8221; background_position=&#8221;top_left&#8221; background_repeat=&#8221;repeat&#8221; use_border_color=&#8221;off&#8221; border_color=&#8221;#ffffff&#8221; border_style=&#8221;solid&#8221; global_colors_info=&#8221;{}&#8221;]<span style=\"font-size: 12pt;\"><strong><a href=\"mailto:fa**********@***il.com\" data-original-string=\"X6QZd07sp1md09hktfJrcQ==910HOiQJAVTT4uOd8EFf5CndrtwU5XzivHctT7QkeN1tk0=\" title=\"This contact has been encoded by Anti-Spam by CleanTalk. Click to decode. To finish the decoding make sure that JavaScript is enabled in your browser.\" target=\"_blank\" rel=\"noopener noreferrer\"><\/a><\/strong><\/span><\/p>\n<p><img loading=\"lazy\" decoding=\"async\" class=\"size-full wp-image-924\" src=\"https:\/\/www.greenrio.com.br\/wp-content\/uploads\/marinadagloria-greenrio.jpg\" alt=\"DCIM100GOPRO\" width=\"800\" height=\"421\" srcset=\"https:\/\/www.greenrio.com.br\/wp-content\/uploads\/marinadagloria-greenrio.jpg 800w, https:\/\/www.greenrio.com.br\/wp-content\/uploads\/marinadagloria-greenrio-300x158.jpg 300w\" sizes=\"auto, (max-width: 800px) 100vw, 800px\" \/>[\/et_pb_text][et_pb_divider _builder_version=&#8221;4.16&#8243; _module_preset=&#8221;default&#8221; global_colors_info=&#8221;{}&#8221;][\/et_pb_divider][\/et_pb_column][\/et_pb_row][et_pb_row padding_mobile=&#8221;off&#8221; column_padding_mobile=&#8221;on&#8221; admin_label=&#8221;Linha&#8221; module_class=&#8221; et_pb_row_fullwidth&#8221; _builder_version=&#8221;4.16&#8243; background_size=&#8221;initial&#8221; background_position=&#8221;top_left&#8221; background_repeat=&#8221;repeat&#8221; width=&#8221;94%&#8221; width_tablet=&#8221;80%&#8221; width_phone=&#8221;&#8221; width_last_edited=&#8221;on|desktop&#8221; max_width=&#8221;94%&#8221; max_width_tablet=&#8221;80%&#8221; max_width_phone=&#8221;&#8221; max_width_last_edited=&#8221;on|desktop&#8221; make_fullwidth=&#8221;on&#8221; use_custom_width=&#8221;off&#8221; width_unit=&#8221;on&#8221; locked=&#8221;off&#8221; global_colors_info=&#8221;{}&#8221;][et_pb_column type=&#8221;4_4&#8243; _builder_version=&#8221;4.16&#8243; custom_padding=&#8221;|||&#8221; global_colors_info=&#8221;{}&#8221; custom_padding__hover=&#8221;|||&#8221;][et_pb_text admin_label=&#8221;Texto&#8221; _builder_version=&#8221;4.16&#8243; background_size=&#8221;initial&#8221; background_position=&#8221;top_left&#8221; background_repeat=&#8221;repeat&#8221; use_border_color=&#8221;off&#8221; border_color=&#8221;#ffffff&#8221; border_style=&#8221;solid&#8221; global_colors_info=&#8221;{}&#8221;]<iframe loading=\"lazy\" style=\"border: 0;\" src=\"https:\/\/www.google.com\/maps\/embed?pb=!1m18!1m12!1m3!1d14699.36429436038!2d-43.18343424607932!3d-22.919232027249915!2m3!1f0!2f0!3f0!3m2!1i1024!2i768!4f13.1!3m3!1m2!1s0x0000000000000000%3A0xf1f26312e97db447!2sMarina+da+Gl%C3%B3ria!5e0!3m2!1spt-BR!2sbr!4v1447868491888\" width=\"1480\" height=\"450\" frameborder=\"0\" allowfullscreen=\"allowfullscreen\"><\/iframe><\/p>\n<p>&nbsp;<\/p>\n<hr \/>\n<p>&nbsp;<br \/>\n[\/et_pb_text][\/et_pb_column][\/et_pb_row][et_pb_row _builder_version=&#8221;4.16&#8243; _module_preset=&#8221;default&#8221; locked=&#8221;off&#8221; global_colors_info=&#8221;{}&#8221;][et_pb_column type=&#8221;4_4&#8243; _builder_version=&#8221;4.16&#8243; _module_preset=&#8221;default&#8221; global_colors_info=&#8221;{}&#8221;][et_pb_image src=&#8221;https:\/\/www.greenrio.com.br\/wp-content\/uploads\/branco.png&#8221; align=&#8221;center&#8221; _builder_version=&#8221;4.27.0&#8243; vertical_offset_tablet=&#8221;0&#8243; horizontal_offset_tablet=&#8221;0&#8243; width=&#8221;100%&#8221; z_index_tablet=&#8221;0&#8243; box_shadow_horizontal_tablet=&#8221;0px&#8221; box_shadow_vertical_tablet=&#8221;0px&#8221; box_shadow_blur_tablet=&#8221;40px&#8221; box_shadow_spread_tablet=&#8221;0px&#8221; global_module=&#8221;14352&#8243; global_colors_info=&#8221;{}&#8221;]<\/p>\n<p>[\/et_pb_image][et_pb_image src=&#8221;https:\/\/www.greenrio.com.br\/wp-content\/uploads\/branco.png&#8221; align=&#8221;center&#8221; _builder_version=&#8221;4.5.2&#8243; vertical_offset_tablet=&#8221;0&#8243; horizontal_offset_tablet=&#8221;0&#8243; width=&#8221;88%&#8221; z_index_tablet=&#8221;0&#8243; box_shadow_horizontal_tablet=&#8221;0px&#8221; box_shadow_vertical_tablet=&#8221;0px&#8221; box_shadow_blur_tablet=&#8221;40px&#8221; box_shadow_spread_tablet=&#8221;0px&#8221; global_module=&#8221;14358&#8243; global_colors_info=&#8221;{}&#8221;][\/et_pb_image][\/et_pb_column][\/et_pb_row][\/et_pb_section]<\/p>\n","protected":false},"excerpt":{"rendered":"<p>\u00a0 \u00a0 \u00a0 \u00a0 \u00a0 \u00a0 \u00a0 \u00a0 \u00a0 \u00a0 \u00a0 \u00a0Location: Marina da Gl\u00f3ria \u2013 Rio de JaneiroAv. Infante Dom Henrique S\/N, Gl\u00f3ria &#8211; Rio de Janeiro &#8211; RJ &#8211; BrazilDate: October 29th and 30th, 2026Hours: 10am to 7pm Information Green Rio Tech \/ Blue Economy Rio 2026 Marina da Gl\u00f3ria is located in [&hellip;]<\/p>\n","protected":false},"author":1,"featured_media":0,"parent":0,"menu_order":0,"comment_status":"closed","ping_status":"open","template":"page-template-blank.php","meta":{"_et_pb_use_builder":"on","_et_pb_old_content":"<p><span style=\"font-family: Arial, Helvetica, sans-serif; font-size: 12pt;\">Be an exhibitor at Green Rio and arrange a meeting at the same place and date with representatives of the Green Economy and of the organic sector.<\/span><\/p><p><span style=\"font-family: Arial, Helvetica, sans-serif; font-size: 12pt;\">Green Rio is disseminated nationally and internationally, and its brand will be followed by those who believe that sustainability is not an option, but the correct choice. Please fill in the form below in order to receive more information.<\/span><\/p>","_et_gb_content_width":"","footnotes":""},"class_list":["post-25314","page","type-page","status-publish","hentry"],"_links":{"self":[{"href":"https:\/\/www.greenrio.com.br\/index.php\/wp-json\/wp\/v2\/pages\/25314","targetHints":{"allow":["GET"]}}],"collection":[{"href":"https:\/\/www.greenrio.com.br\/index.php\/wp-json\/wp\/v2\/pages"}],"about":[{"href":"https:\/\/www.greenrio.com.br\/index.php\/wp-json\/wp\/v2\/types\/page"}],"author":[{"embeddable":true,"href":"https:\/\/www.greenrio.com.br\/index.php\/wp-json\/wp\/v2\/users\/1"}],"replies":[{"embeddable":true,"href":"https:\/\/www.greenrio.com.br\/index.php\/wp-json\/wp\/v2\/comments?post=25314"}],"version-history":[{"count":4,"href":"https:\/\/www.greenrio.com.br\/index.php\/wp-json\/wp\/v2\/pages\/25314\/revisions"}],"predecessor-version":[{"id":32812,"href":"https:\/\/www.greenrio.com.br\/index.php\/wp-json\/wp\/v2\/pages\/25314\/revisions\/32812"}],"wp:attachment":[{"href":"https:\/\/www.greenrio.com.br\/index.php\/wp-json\/wp\/v2\/media?parent=25314"}],"curies":[{"name":"wp","href":"https:\/\/api.w.org\/{rel}","templated":true}]}}