{"id":1238,"date":"2016-06-28T15:26:17","date_gmt":"2016-06-28T15:26:17","guid":{"rendered":"http:\/\/www.greenrio.com.br\/?page_id=1238"},"modified":"2021-08-02T20:21:06","modified_gmt":"2021-08-02T20:21:06","slug":"green-rio-rio-organico-2014","status":"publish","type":"page","link":"https:\/\/www.greenrio.com.br\/index.php\/green-rio-rio-organico-2014\/","title":{"rendered":"Green Rio \/ Rio Org\u00e2nico 2014"},"content":{"rendered":"<p>[et_pb_section fb_built=&#8221;1&#8243; admin_label=&#8221;section&#8221; _builder_version=&#8221;3.22&#8243;][et_pb_row column_structure=&#8221;2_3,1_3&#8243; _builder_version=&#8221;3.25&#8243; background_size=&#8221;initial&#8221; background_position=&#8221;top_left&#8221; background_repeat=&#8221;repeat&#8221; global_module=&#8221;12364&#8243; locked=&#8221;off&#8221;][et_pb_column type=&#8221;2_3&#8243; _builder_version=&#8221;3.25&#8243; custom_padding=&#8221;|||&#8221; custom_padding__hover=&#8221;|||&#8221;][et_pb_image src=&#8221;https:\/\/www.greenrio.com.br\/wp-content\/uploads\/Green_Rio_-_Green_Latin_America2.jpg&#8221; url=&#8221;https:\/\/www.greenrio.com.br\/&#8221; align=&#8221;center&#8221; _builder_version=&#8221;4.5.2&#8243; vertical_offset_tablet=&#8221;0&#8243; horizontal_offset_tablet=&#8221;0&#8243; width=&#8221;68%&#8221; z_index_tablet=&#8221;0&#8243; box_shadow_horizontal_tablet=&#8221;0px&#8221; box_shadow_vertical_tablet=&#8221;0px&#8221; box_shadow_blur_tablet=&#8221;40px&#8221; box_shadow_spread_tablet=&#8221;0px&#8221;][\/et_pb_image][\/et_pb_column][et_pb_column type=&#8221;1_3&#8243; _builder_version=&#8221;3.25&#8243; custom_padding=&#8221;|||&#8221; custom_padding__hover=&#8221;|||&#8221;][et_pb_text _builder_version=&#8221;4.5.2&#8243; vertical_offset_tablet=&#8221;0&#8243; horizontal_offset_tablet=&#8221;0&#8243; width=&#8221;100%&#8221; max_width=&#8221;100%&#8221; module_alignment=&#8221;right&#8221; custom_padding=&#8221;7px|||&#8221; z_index_tablet=&#8221;0&#8243; text_text_shadow_horizontal_length_tablet=&#8221;0px&#8221; text_text_shadow_vertical_length_tablet=&#8221;0px&#8221; text_text_shadow_blur_strength_tablet=&#8221;1px&#8221; link_text_shadow_horizontal_length_tablet=&#8221;0px&#8221; link_text_shadow_vertical_length_tablet=&#8221;0px&#8221; link_text_shadow_blur_strength_tablet=&#8221;1px&#8221; ul_text_shadow_horizontal_length_tablet=&#8221;0px&#8221; ul_text_shadow_vertical_length_tablet=&#8221;0px&#8221; ul_text_shadow_blur_strength_tablet=&#8221;1px&#8221; ol_text_shadow_horizontal_length_tablet=&#8221;0px&#8221; ol_text_shadow_vertical_length_tablet=&#8221;0px&#8221; ol_text_shadow_blur_strength_tablet=&#8221;1px&#8221; quote_text_shadow_horizontal_length_tablet=&#8221;0px&#8221; quote_text_shadow_vertical_length_tablet=&#8221;0px&#8221; quote_text_shadow_blur_strength_tablet=&#8221;1px&#8221; header_text_shadow_horizontal_length_tablet=&#8221;0px&#8221; header_text_shadow_vertical_length_tablet=&#8221;0px&#8221; header_text_shadow_blur_strength_tablet=&#8221;1px&#8221; header_2_text_shadow_horizontal_length_tablet=&#8221;0px&#8221; header_2_text_shadow_vertical_length_tablet=&#8221;0px&#8221; header_2_text_shadow_blur_strength_tablet=&#8221;1px&#8221; header_3_text_shadow_horizontal_length_tablet=&#8221;0px&#8221; header_3_text_shadow_vertical_length_tablet=&#8221;0px&#8221; header_3_text_shadow_blur_strength_tablet=&#8221;1px&#8221; header_4_text_shadow_horizontal_length_tablet=&#8221;0px&#8221; header_4_text_shadow_vertical_length_tablet=&#8221;0px&#8221; header_4_text_shadow_blur_strength_tablet=&#8221;1px&#8221; header_5_text_shadow_horizontal_length_tablet=&#8221;0px&#8221; header_5_text_shadow_vertical_length_tablet=&#8221;0px&#8221; header_5_text_shadow_blur_strength_tablet=&#8221;1px&#8221; header_6_text_shadow_horizontal_length_tablet=&#8221;0px&#8221; header_6_text_shadow_vertical_length_tablet=&#8221;0px&#8221; header_6_text_shadow_blur_strength_tablet=&#8221;1px&#8221; box_shadow_horizontal_tablet=&#8221;0px&#8221; box_shadow_vertical_tablet=&#8221;0px&#8221; box_shadow_blur_tablet=&#8221;40px&#8221; box_shadow_spread_tablet=&#8221;0px&#8221;]<\/p>\n<p><a href=\"https:\/\/www.facebook.com\/Planeta-Org%C3%A2nico-343634509008460\/\" target=\"_blank\" rel=\"noopener noreferrer\"><img loading=\"lazy\" decoding=\"async\" class=\"wp-image-2613 alignright\" style=\"float: left;\" src=\"https:\/\/www.greenrio.com.br\/wp-content\/uploads\/face.jpg\" alt=\"\" width=\"20\" height=\"20\" \/><\/a><a href=\"https:\/\/twitter.com\/planetaorganico\" target=\"_blank\" rel=\"noopener noreferrer\"><img loading=\"lazy\" decoding=\"async\" class=\"wp-image-2617 alignright\" style=\"float: left;\" src=\"https:\/\/www.greenrio.com.br\/wp-content\/uploads\/twitter.jpg\" alt=\"\" width=\"20\" height=\"20\" \/><\/a><a href=\"https:\/\/www.youtube.com\/channel\/UCgHbUl62NXc625ClP360seQ\" target=\"_blank\" rel=\"noopener noreferrer\"><img loading=\"lazy\" decoding=\"async\" class=\"alignright wp-image-5724\" style=\"float: left;\" src=\"https:\/\/www.greenrio.com.br\/wp-content\/uploads\/youtube.jpg\" alt=\"\" width=\"20\" height=\"20\" \/><\/a><a href=\"https:\/\/www.linkedin.com\/company\/planeta-org-nico\/\" target=\"_blank\" rel=\"noopener noreferrer\"><img loading=\"lazy\" decoding=\"async\" class=\"alignright wp-image-2615\" style=\"float: left;\" src=\"https:\/\/www.greenrio.com.br\/wp-content\/uploads\/linkedin-1.png\" alt=\"\" width=\"20\" height=\"20\" \/><\/a><a href=\"https:\/\/www.instagram.com\/greenrioplaneta\/\" target=\"_blank\" rel=\"noopener noreferrer\"><img loading=\"lazy\" decoding=\"async\" class=\"wp-image-4086 alignright\" style=\"float: left;\" src=\"https:\/\/www.greenrio.com.br\/wp-content\/uploads\/instagram1.jpg\" alt=\"\" width=\"20\" height=\"20\" \/><\/a><a href=\"https:\/\/issuu.com\/planetaorganico\" target=\"_blank\" rel=\"noopener noreferrer\"><img loading=\"lazy\" decoding=\"async\" class=\"wp-image-2614 alignright\" style=\"color: #0000ee; float: left;\" src=\"https:\/\/www.greenrio.com.br\/wp-content\/uploads\/ico_issu-1.png\" alt=\"\" width=\"20\" height=\"20\" \/><\/a><a href=\"https:\/\/www.greenrio.com.br\/index.php\/green-rio-news\" target=\"_blank\" rel=\"noopener noreferrer\"><img loading=\"lazy\" decoding=\"async\" class=\"wp-image-2616 alignright\" style=\"color: #0000ee; float: left;\" src=\"https:\/\/www.greenrio.com.br\/wp-content\/uploads\/newsletter.jpg\" alt=\"\" width=\"20\" height=\"20\" \/><\/a><img loading=\"lazy\" decoding=\"async\" class=\"wp-image-10945 aligncenter size-full\" style=\"float: left;\" src=\"https:\/\/www.greenrio.com.br\/wp-content\/uploads\/OrganizacaoGR1.png\" alt=\"\" width=\"68\" height=\"44\" \/><\/p>\n<p>&nbsp;<\/p>\n<p>&nbsp;<\/p>\n<p>[\/et_pb_text][\/et_pb_column][\/et_pb_row][et_pb_row admin_label=&#8221;row&#8221; _builder_version=&#8221;3.25&#8243; background_size=&#8221;initial&#8221; background_position=&#8221;top_left&#8221; background_repeat=&#8221;repeat&#8221;][et_pb_column type=&#8221;4_4&#8243; _builder_version=&#8221;3.25&#8243; custom_padding=&#8221;|||&#8221; custom_padding__hover=&#8221;|||&#8221;][et_pb_text admin_label=&#8221;Texto&#8221; _builder_version=&#8221;4.5.2&#8243; background_size=&#8221;initial&#8221; background_position=&#8221;top_left&#8221; background_repeat=&#8221;repeat&#8221; hover_enabled=&#8221;0&#8243;]<\/p>\n<p>&nbsp;<\/p>\n<table width=\"860\">\n<tbody>\n<tr style=\"background-color: #2b660d;\">\n<td><span style=\"font-family: Arial, Helvetica, sans-serif; font-size: 18pt; color: #ffffff;\"><strong>Green Rio \/ Rio Org\u00e2nico 2014<\/strong><\/span><\/td>\n<\/tr>\n<\/tbody>\n<\/table>\n<p style=\"text-align: justify;\"><span style=\"font-family: Arial, Helvetica, sans-serif; font-size: 12pt;\">Realizado novamente no Espa\u00e7o Tom Jobim, Jardim Bot\u00e2nico do Rio de Janeiro, o <strong>Green Rio<\/strong> 2014 se destacou pelo aumento da \u00e1rea para expositores e pela qualidade de conte\u00fado, quando 22 palestrantes abordaram temas relevantes, desde produ\u00e7\u00e3o e pesquisa at\u00e9 legado dos mega eventos.<\/span><\/p>\n<p><img loading=\"lazy\" decoding=\"async\" class=\" wp-image-224 size-full alignnone\" src=\"https:\/\/www.greenrio.com.br\/wp-content\/uploads\/colagem5001.jpg\" alt=\"\" width=\"500\" height=\"313\" srcset=\"https:\/\/www.greenrio.com.br\/wp-content\/uploads\/colagem5001.jpg 500w, https:\/\/www.greenrio.com.br\/wp-content\/uploads\/colagem5001-300x188.jpg 300w, https:\/\/www.greenrio.com.br\/wp-content\/uploads\/colagem5001-400x250.jpg 400w\" sizes=\"auto, (max-width: 500px) 100vw, 500px\" \/><\/p>\n<p style=\"text-align: justify;\"><span style=\"font-family: Arial, Helvetica, sans-serif; font-size: 12pt;\">Em 2015, o <strong>Green Rio<\/strong> aumentar\u00e1 seu perfil internacional, tanto na \u00e1rea de expositores e palestrantes quanto na <strong>Rodada de Neg\u00f3cios Green Rio.<\/strong><\/span><\/p>\n<p style=\"text-align: justify;\"><span style=\"font-family: Arial, Helvetica, sans-serif; font-size: 12pt;\">Um dos destaques do <strong>Green Rio<\/strong> 2014 foi a apresenta\u00e7\u00e3o do resultado da pesquisa realizada numa parceria UNEP-Planeta Org\u00e2nico-Sebrae, com apoio do SENAC RIO, sobre gest\u00e3o sustent\u00e1vel de res\u00edduos de alimentos em restaurantes.<\/span><\/p>\n<p style=\"text-align: justify;\"><span style=\"font-family: Arial, Helvetica, sans-serif; font-size: 12pt;\">Esta foi a primeira pesquisa feita na Am\u00e9rica Latina realizada com metodologia implantada pela UNEP.<\/span><\/p>\n<hr \/>\n<p><span style=\"font-family: Arial, Helvetica, sans-serif; font-size: 18pt;\"><strong>Rodada de Neg\u00f3cios GREEN RIO<\/strong><\/span><\/p>\n<p style=\"text-align: justify;\"><img loading=\"lazy\" decoding=\"async\" class=\"alignleft wp-image-225 size-full\" src=\"https:\/\/www.greenrio.com.br\/wp-content\/uploads\/rodadas3.jpg\" alt=\"\" width=\"352\" height=\"340\" srcset=\"https:\/\/www.greenrio.com.br\/wp-content\/uploads\/rodadas3.jpg 352w, https:\/\/www.greenrio.com.br\/wp-content\/uploads\/rodadas3-300x290.jpg 300w\" sizes=\"auto, (max-width: 352px) 100vw, 352px\" \/><span style=\"font-family: Arial, Helvetica, sans-serif; font-size: 12pt;\">Desde sua primeira edi\u00e7\u00e3o o evento <strong>Green Rio<\/strong> promove uma\u00a0Rodada de Neg\u00f3cios envolvendo os setores de gastronomia e turismo.<\/span><\/p>\n<p style=\"text-align: justify;\"><span style=\"font-family: Arial, Helvetica, sans-serif; font-size: 12pt;\">A cada ano, aumentam as reuni\u00f5es da <strong>Rodada de Neg\u00f3cios Green Rio<\/strong>.<\/span><\/p>\n<p style=\"text-align: justify;\"><span style=\"font-family: Arial, Helvetica, sans-serif; font-size: 12pt;\">Os novos participantes da Rodada <strong>Green Rio<\/strong>, tanto na oferta quanto na demanda, refletem a import\u00e2ncia e o dinamismo desta iniciativa<\/span><\/p>\n<p style=\"text-align: justify;\"><span style=\"font-family: Arial, Helvetica, sans-serif; font-size: 12pt;\">Em 2015 a <strong>Rodada Green Rio<\/strong> contar\u00e1 com a parceria da Associa\u00e7\u00e3o Brasileira dos Exp. e Imp. de Alimentos e Bebidas &#8211; A.B.B.A. que trar\u00e1 compradores internacionais para esse evento.\u00a0A presidente da A.B.B.A., Raquel Salgado, ser\u00e1 uma das palestrantes da Confer\u00eancia <strong>Green Rio<\/strong> 2015.<\/span><\/p>\n<p style=\"text-align: justify;\"><span style=\"font-family: Arial, Helvetica, sans-serif; font-size: 12pt;\"><strong>RIO 2016<\/strong> &#8211; Os caterers envolvidos nos Jogos Ol\u00edmpicos 2016 tamb\u00e9m ser\u00e3o convidados para a <strong>Rodada Green Rio<\/strong> onde poder\u00e3o conhecer os expositores deste evento.<\/span><\/p>\n<p>[\/et_pb_text][et_pb_text admin_label=&#8221;Texto&#8221; _builder_version=&#8221;4.5.2&#8243; background_size=&#8221;initial&#8221; background_position=&#8221;top_left&#8221; background_repeat=&#8221;repeat&#8221; hover_enabled=&#8221;0&#8243; use_border_color=&#8221;off&#8221; border_color=&#8221;#ffffff&#8221; border_style=&#8221;solid&#8221; locked=&#8221;off&#8221;]<\/p>\n<p>&nbsp;<\/p>\n<hr \/>\n<p>&nbsp;<\/p>\n<p>[\/et_pb_text][\/et_pb_column][\/et_pb_row][\/et_pb_section][et_pb_section fb_built=&#8221;1&#8243; _builder_version=&#8221;4.5.2&#8243; _module_preset=&#8221;default&#8221; locked=&#8221;off&#8221;][et_pb_row _builder_version=&#8221;4.5.2&#8243; _module_preset=&#8221;default&#8221;][et_pb_column type=&#8221;4_4&#8243; _builder_version=&#8221;4.5.2&#8243; _module_preset=&#8221;default&#8221;][et_pb_text _builder_version=&#8221;4.5.2&#8243; vertical_offset_tablet=&#8221;0&#8243; horizontal_offset_tablet=&#8221;0&#8243; module_alignment=&#8221;right&#8221; z_index_tablet=&#8221;0&#8243; text_text_shadow_horizontal_length_tablet=&#8221;0px&#8221; text_text_shadow_vertical_length_tablet=&#8221;0px&#8221; text_text_shadow_blur_strength_tablet=&#8221;1px&#8221; link_text_shadow_horizontal_length_tablet=&#8221;0px&#8221; link_text_shadow_vertical_length_tablet=&#8221;0px&#8221; link_text_shadow_blur_strength_tablet=&#8221;1px&#8221; ul_text_shadow_horizontal_length_tablet=&#8221;0px&#8221; ul_text_shadow_vertical_length_tablet=&#8221;0px&#8221; ul_text_shadow_blur_strength_tablet=&#8221;1px&#8221; ol_text_shadow_horizontal_length_tablet=&#8221;0px&#8221; ol_text_shadow_vertical_length_tablet=&#8221;0px&#8221; ol_text_shadow_blur_strength_tablet=&#8221;1px&#8221; quote_text_shadow_horizontal_length_tablet=&#8221;0px&#8221; quote_text_shadow_vertical_length_tablet=&#8221;0px&#8221; quote_text_shadow_blur_strength_tablet=&#8221;1px&#8221; header_text_shadow_horizontal_length_tablet=&#8221;0px&#8221; header_text_shadow_vertical_length_tablet=&#8221;0px&#8221; header_text_shadow_blur_strength_tablet=&#8221;1px&#8221; header_2_text_shadow_horizontal_length_tablet=&#8221;0px&#8221; header_2_text_shadow_vertical_length_tablet=&#8221;0px&#8221; header_2_text_shadow_blur_strength_tablet=&#8221;1px&#8221; header_3_text_shadow_horizontal_length_tablet=&#8221;0px&#8221; header_3_text_shadow_vertical_length_tablet=&#8221;0px&#8221; header_3_text_shadow_blur_strength_tablet=&#8221;1px&#8221; header_4_text_shadow_horizontal_length_tablet=&#8221;0px&#8221; header_4_text_shadow_vertical_length_tablet=&#8221;0px&#8221; header_4_text_shadow_blur_strength_tablet=&#8221;1px&#8221; header_5_text_shadow_horizontal_length_tablet=&#8221;0px&#8221; header_5_text_shadow_vertical_length_tablet=&#8221;0px&#8221; header_5_text_shadow_blur_strength_tablet=&#8221;1px&#8221; header_6_text_shadow_horizontal_length_tablet=&#8221;0px&#8221; header_6_text_shadow_vertical_length_tablet=&#8221;0px&#8221; header_6_text_shadow_blur_strength_tablet=&#8221;1px&#8221; box_shadow_horizontal_tablet=&#8221;0px&#8221; box_shadow_vertical_tablet=&#8221;0px&#8221; box_shadow_blur_tablet=&#8221;40px&#8221; box_shadow_spread_tablet=&#8221;0px&#8221; global_module=&#8221;12643&#8243;]<\/p>\n<hr \/>\n<p style=\"text-align: right;\"><em><span style=\"font-size: 12px;\">Concordo com <a href=\"https:\/\/www.greenrio.com.br\/index.php\/termo-de-uso\/\" target=\"_blank\" rel=\"noopener noreferrer\">termos de uso<\/a> e <a href=\"https:\/\/www.greenrio.com.br\/index.php\/politica-de-privacidade\/\" target=\"_blank\" rel=\"noopener noreferrer\">pol\u00edticas de privacidade<\/a> do Green Rio<\/span><\/em><\/p>\n<p>[\/et_pb_text][\/et_pb_column][\/et_pb_row][\/et_pb_section]<\/p>\n","protected":false},"excerpt":{"rendered":"<p>&nbsp; &nbsp;&nbsp; Green Rio \/ Rio Org\u00e2nico 2014 Realizado novamente no Espa\u00e7o Tom Jobim, Jardim Bot\u00e2nico do Rio de Janeiro, o Green Rio 2014 se destacou pelo aumento da \u00e1rea para expositores e pela qualidade de conte\u00fado, quando 22 palestrantes abordaram temas relevantes, desde produ\u00e7\u00e3o e pesquisa at\u00e9 legado dos mega eventos. Em 2015, o [&hellip;]<\/p>\n","protected":false},"author":1,"featured_media":0,"parent":0,"menu_order":0,"comment_status":"closed","ping_status":"open","template":"","meta":{"_et_pb_use_builder":"on","_et_pb_old_content":"<p>\u00a0<\/p><table width=\"860\"><tbody><tr style=\"background-color: #2b660d;\"><td><span style=\"font-family: Arial, Helvetica, sans-serif; font-size: 18pt; color: #ffffff;\"><strong>Green Rio \/ Rio Org\u00e2nico 2014<\/strong><\/span><\/td><\/tr><\/tbody><\/table><p style=\"text-align: justify;\"><span style=\"font-family: Arial, Helvetica, sans-serif; font-size: 12pt;\">Realizado novamente no Espa\u00e7o Tom Jobim, Jardim Bot\u00e2nico do Rio de Janeiro, o <strong>Green Rio<\/strong> 2014 se destacou pelo aumento da \u00e1rea para expositores e pela qualidade de conte\u00fado, quando 22 palestrantes abordaram temas relevantes, desde produ\u00e7\u00e3o e pesquisa at\u00e9 legado dos mega eventos.<\/span><\/p><p><img class=\" wp-image-224 size-full alignnone\" src=\"http:\/\/www.greenrio.com.br\/wp-content\/uploads\/colagem5001.jpg\" alt=\"\" width=\"500\" height=\"313\" \/><\/p><p style=\"text-align: justify;\"><span style=\"font-family: Arial, Helvetica, sans-serif; font-size: 12pt;\">Em 2015, o <strong>Green Rio<\/strong> aumentar\u00e1 seu perfil internacional, tanto na \u00e1rea de expositores e palestrantes quanto na <strong>Rodada de Neg\u00f3cios Green Rio.<\/strong><\/span><\/p><p style=\"text-align: justify;\"><span style=\"font-family: Arial, Helvetica, sans-serif; font-size: 12pt;\">Um dos destaques do <strong>Green Rio<\/strong> 2014 foi a apresenta\u00e7\u00e3o do resultado da pesquisa realizada numa parceria UNEP-Planeta Org\u00e2nico-Sebrae, com apoio do SENAC RIO, sobre gest\u00e3o sustent\u00e1vel de res\u00edduos de alimentos em restaurantes.<\/span><\/p><p style=\"text-align: justify;\"><span style=\"font-family: Arial, Helvetica, sans-serif; font-size: 12pt;\">Esta foi a primeira pesquisa feita na Am\u00e9rica Latina realizada com metodologia implantada pela UNEP.<\/span><\/p><hr \/><p><span style=\"font-family: Arial, Helvetica, sans-serif; font-size: 18pt;\"><strong>Rodada de Neg\u00f3cios GREEN RIO<\/strong><\/span><\/p><p style=\"text-align: justify;\"><img class=\"alignleft wp-image-225 size-full\" src=\"http:\/\/www.greenrio.com.br\/wp-content\/uploads\/rodadas3.jpg\" alt=\"\" width=\"352\" height=\"340\" \/><span style=\"font-family: Arial, Helvetica, sans-serif; font-size: 12pt;\">Desde sua primeira edi\u00e7\u00e3o o evento <strong>Green Rio<\/strong> promove uma\u00a0Rodada de Neg\u00f3cios envolvendo os setores de gastronomia e turismo.<\/span><\/p><p style=\"text-align: justify;\"><span style=\"font-family: Arial, Helvetica, sans-serif; font-size: 12pt;\">A cada ano, aumentam as reuni\u00f5es da <strong>Rodada de Neg\u00f3cios Green Rio<\/strong>.<\/span><\/p><p style=\"text-align: justify;\"><span style=\"font-family: Arial, Helvetica, sans-serif; font-size: 12pt;\">Os novos participantes da Rodada <strong>Green Rio<\/strong>, tanto na oferta quanto na demanda, refletem a import\u00e2ncia e o dinamismo desta iniciativa<\/span><\/p><p style=\"text-align: justify;\"><span style=\"font-family: Arial, Helvetica, sans-serif; font-size: 12pt;\">Em 2015 a <strong>Rodada Green Rio<\/strong> contar\u00e1 com a parceria da Associa\u00e7\u00e3o Brasileira dos Exp. e Imp. de Alimentos e Bebidas - A.B.B.A. que trar\u00e1 compradores internacionais para esse evento.\u00a0A presidente da A.B.B.A., Raquel Salgado, ser\u00e1 uma das palestrantes da Confer\u00eancia <strong>Green Rio<\/strong> 2015.<\/span><\/p><p style=\"text-align: justify;\"><span style=\"font-family: Arial, Helvetica, sans-serif; font-size: 12pt;\"><strong>RIO 2016<\/strong> - Os caterers envolvidos nos Jogos Ol\u00edmpicos 2016 tamb\u00e9m ser\u00e3o convidados para a <strong>Rodada Green Rio<\/strong> onde poder\u00e3o conhecer os expositores deste evento.<\/span><\/p><hr \/><p>\u00a0<\/p>","_et_gb_content_width":"","footnotes":""},"class_list":["post-1238","page","type-page","status-publish","hentry"],"_links":{"self":[{"href":"https:\/\/www.greenrio.com.br\/index.php\/wp-json\/wp\/v2\/pages\/1238","targetHints":{"allow":["GET"]}}],"collection":[{"href":"https:\/\/www.greenrio.com.br\/index.php\/wp-json\/wp\/v2\/pages"}],"about":[{"href":"https:\/\/www.greenrio.com.br\/index.php\/wp-json\/wp\/v2\/types\/page"}],"author":[{"embeddable":true,"href":"https:\/\/www.greenrio.com.br\/index.php\/wp-json\/wp\/v2\/users\/1"}],"replies":[{"embeddable":true,"href":"https:\/\/www.greenrio.com.br\/index.php\/wp-json\/wp\/v2\/comments?post=1238"}],"version-history":[{"count":12,"href":"https:\/\/www.greenrio.com.br\/index.php\/wp-json\/wp\/v2\/pages\/1238\/revisions"}],"predecessor-version":[{"id":12668,"href":"https:\/\/www.greenrio.com.br\/index.php\/wp-json\/wp\/v2\/pages\/1238\/revisions\/12668"}],"wp:attachment":[{"href":"https:\/\/www.greenrio.com.br\/index.php\/wp-json\/wp\/v2\/media?parent=1238"}],"curies":[{"name":"wp","href":"https:\/\/api.w.org\/{rel}","templated":true}]}}