{"id":1098,"date":"2016-06-08T18:12:46","date_gmt":"2016-06-08T18:12:46","guid":{"rendered":"http:\/\/www.greenrio.com.br\/?page_id=1098"},"modified":"2021-08-02T22:29:39","modified_gmt":"2021-08-02T22:29:39","slug":"green-rio-2016-mais-de-2500-visitantes","status":"publish","type":"page","link":"https:\/\/www.greenrio.com.br\/index.php\/green-rio-2016-mais-de-2500-visitantes\/","title":{"rendered":"Green Rio 2016 na Marina da Gl\u00f3ria supera expectativas e recebe mais de 2.500 visitantes!"},"content":{"rendered":"<p>[et_pb_section fb_built=&#8221;1&#8243; admin_label=&#8221;section&#8221; _builder_version=&#8221;3.22&#8243;][et_pb_row column_structure=&#8221;2_3,1_3&#8243; _builder_version=&#8221;3.25&#8243; background_size=&#8221;initial&#8221; background_position=&#8221;top_left&#8221; background_repeat=&#8221;repeat&#8221; global_module=&#8221;12364&#8243; locked=&#8221;off&#8221;][et_pb_column type=&#8221;2_3&#8243; _builder_version=&#8221;3.25&#8243; custom_padding=&#8221;|||&#8221; custom_padding__hover=&#8221;|||&#8221;][et_pb_image src=&#8221;https:\/\/www.greenrio.com.br\/wp-content\/uploads\/Green_Rio_-_Green_Latin_America2.jpg&#8221; url=&#8221;https:\/\/www.greenrio.com.br\/&#8221; align=&#8221;center&#8221; _builder_version=&#8221;4.5.2&#8243; vertical_offset_tablet=&#8221;0&#8243; horizontal_offset_tablet=&#8221;0&#8243; width=&#8221;68%&#8221; z_index_tablet=&#8221;0&#8243; box_shadow_horizontal_tablet=&#8221;0px&#8221; box_shadow_vertical_tablet=&#8221;0px&#8221; box_shadow_blur_tablet=&#8221;40px&#8221; box_shadow_spread_tablet=&#8221;0px&#8221;][\/et_pb_image][\/et_pb_column][et_pb_column type=&#8221;1_3&#8243; _builder_version=&#8221;3.25&#8243; custom_padding=&#8221;|||&#8221; custom_padding__hover=&#8221;|||&#8221;][et_pb_text _builder_version=&#8221;4.5.2&#8243; vertical_offset_tablet=&#8221;0&#8243; horizontal_offset_tablet=&#8221;0&#8243; width=&#8221;100%&#8221; max_width=&#8221;100%&#8221; module_alignment=&#8221;right&#8221; custom_padding=&#8221;7px|||&#8221; z_index_tablet=&#8221;0&#8243; text_text_shadow_horizontal_length_tablet=&#8221;0px&#8221; text_text_shadow_vertical_length_tablet=&#8221;0px&#8221; text_text_shadow_blur_strength_tablet=&#8221;1px&#8221; link_text_shadow_horizontal_length_tablet=&#8221;0px&#8221; link_text_shadow_vertical_length_tablet=&#8221;0px&#8221; link_text_shadow_blur_strength_tablet=&#8221;1px&#8221; ul_text_shadow_horizontal_length_tablet=&#8221;0px&#8221; ul_text_shadow_vertical_length_tablet=&#8221;0px&#8221; ul_text_shadow_blur_strength_tablet=&#8221;1px&#8221; ol_text_shadow_horizontal_length_tablet=&#8221;0px&#8221; ol_text_shadow_vertical_length_tablet=&#8221;0px&#8221; ol_text_shadow_blur_strength_tablet=&#8221;1px&#8221; quote_text_shadow_horizontal_length_tablet=&#8221;0px&#8221; quote_text_shadow_vertical_length_tablet=&#8221;0px&#8221; quote_text_shadow_blur_strength_tablet=&#8221;1px&#8221; header_text_shadow_horizontal_length_tablet=&#8221;0px&#8221; header_text_shadow_vertical_length_tablet=&#8221;0px&#8221; header_text_shadow_blur_strength_tablet=&#8221;1px&#8221; header_2_text_shadow_horizontal_length_tablet=&#8221;0px&#8221; header_2_text_shadow_vertical_length_tablet=&#8221;0px&#8221; header_2_text_shadow_blur_strength_tablet=&#8221;1px&#8221; header_3_text_shadow_horizontal_length_tablet=&#8221;0px&#8221; header_3_text_shadow_vertical_length_tablet=&#8221;0px&#8221; header_3_text_shadow_blur_strength_tablet=&#8221;1px&#8221; header_4_text_shadow_horizontal_length_tablet=&#8221;0px&#8221; header_4_text_shadow_vertical_length_tablet=&#8221;0px&#8221; header_4_text_shadow_blur_strength_tablet=&#8221;1px&#8221; header_5_text_shadow_horizontal_length_tablet=&#8221;0px&#8221; header_5_text_shadow_vertical_length_tablet=&#8221;0px&#8221; header_5_text_shadow_blur_strength_tablet=&#8221;1px&#8221; header_6_text_shadow_horizontal_length_tablet=&#8221;0px&#8221; header_6_text_shadow_vertical_length_tablet=&#8221;0px&#8221; header_6_text_shadow_blur_strength_tablet=&#8221;1px&#8221; box_shadow_horizontal_tablet=&#8221;0px&#8221; box_shadow_vertical_tablet=&#8221;0px&#8221; box_shadow_blur_tablet=&#8221;40px&#8221; box_shadow_spread_tablet=&#8221;0px&#8221;]<\/p>\n<p><a href=\"https:\/\/www.facebook.com\/Planeta-Org%C3%A2nico-343634509008460\/\" target=\"_blank\" rel=\"noopener noreferrer\"><img loading=\"lazy\" decoding=\"async\" class=\"wp-image-2613 alignright\" style=\"float: left;\" src=\"https:\/\/www.greenrio.com.br\/wp-content\/uploads\/face.jpg\" alt=\"\" width=\"20\" height=\"20\" \/><\/a><a href=\"https:\/\/twitter.com\/planetaorganico\" target=\"_blank\" rel=\"noopener noreferrer\"><img loading=\"lazy\" decoding=\"async\" class=\"wp-image-2617 alignright\" style=\"float: left;\" src=\"https:\/\/www.greenrio.com.br\/wp-content\/uploads\/twitter.jpg\" alt=\"\" width=\"20\" height=\"20\" \/><\/a><a href=\"https:\/\/www.youtube.com\/channel\/UCgHbUl62NXc625ClP360seQ\" target=\"_blank\" rel=\"noopener noreferrer\"><img loading=\"lazy\" decoding=\"async\" class=\"alignright wp-image-5724\" style=\"float: left;\" src=\"https:\/\/www.greenrio.com.br\/wp-content\/uploads\/youtube.jpg\" alt=\"\" width=\"20\" height=\"20\" \/><\/a><a href=\"https:\/\/www.linkedin.com\/company\/planeta-org-nico\/\" target=\"_blank\" rel=\"noopener noreferrer\"><img loading=\"lazy\" decoding=\"async\" class=\"alignright wp-image-2615\" style=\"float: left;\" src=\"https:\/\/www.greenrio.com.br\/wp-content\/uploads\/linkedin-1.png\" alt=\"\" width=\"20\" height=\"20\" \/><\/a><a href=\"https:\/\/www.instagram.com\/greenrioplaneta\/\" target=\"_blank\" rel=\"noopener noreferrer\"><img loading=\"lazy\" decoding=\"async\" class=\"wp-image-4086 alignright\" style=\"float: left;\" src=\"https:\/\/www.greenrio.com.br\/wp-content\/uploads\/instagram1.jpg\" alt=\"\" width=\"20\" height=\"20\" \/><\/a><a href=\"https:\/\/issuu.com\/planetaorganico\" target=\"_blank\" rel=\"noopener noreferrer\"><img loading=\"lazy\" decoding=\"async\" class=\"wp-image-2614 alignright\" style=\"color: #0000ee; float: left;\" src=\"https:\/\/www.greenrio.com.br\/wp-content\/uploads\/ico_issu-1.png\" alt=\"\" width=\"20\" height=\"20\" \/><\/a><a href=\"https:\/\/www.greenrio.com.br\/index.php\/green-rio-news\" target=\"_blank\" rel=\"noopener noreferrer\"><img loading=\"lazy\" decoding=\"async\" class=\"wp-image-2616 alignright\" style=\"color: #0000ee; float: left;\" src=\"https:\/\/www.greenrio.com.br\/wp-content\/uploads\/newsletter.jpg\" alt=\"\" width=\"20\" height=\"20\" \/><\/a><img loading=\"lazy\" decoding=\"async\" class=\"wp-image-10945 aligncenter size-full\" style=\"float: left;\" src=\"https:\/\/www.greenrio.com.br\/wp-content\/uploads\/OrganizacaoGR1.png\" alt=\"\" width=\"68\" height=\"44\" \/><\/p>\n<p>&nbsp;<\/p>\n<p>&nbsp;<\/p>\n<p>[\/et_pb_text][\/et_pb_column][\/et_pb_row][et_pb_row admin_label=&#8221;row&#8221; _builder_version=&#8221;3.25&#8243; background_size=&#8221;initial&#8221; background_position=&#8221;top_left&#8221; background_repeat=&#8221;repeat&#8221;][et_pb_column type=&#8221;4_4&#8243; _builder_version=&#8221;3.25&#8243; custom_padding=&#8221;|||&#8221; custom_padding__hover=&#8221;|||&#8221;][et_pb_text admin_label=&#8221;Texto&#8221; _builder_version=&#8221;3.27.4&#8243; background_size=&#8221;initial&#8221; background_position=&#8221;top_left&#8221; background_repeat=&#8221;repeat&#8221; use_border_color=&#8221;off&#8221; border_color=&#8221;#ffffff&#8221; border_style=&#8221;solid&#8221;]<span style=\"font-size: 14pt;\"><strong><span style=\"font-family: Arial, Helvetica, sans-serif;\">Green Rio 2016 na Marina da Gl\u00f3ria supera expectativas e recebe mais de 2.500 visitantes!<\/span><\/strong><\/span><\/p>\n<p><strong><span style=\"font-family: Arial, Helvetica, sans-serif; font-size: 12pt;\">Rodadas de Neg\u00f3cios movimentaram 15\u00a0milh\u00f5es de reais.<\/span><\/strong><\/p>\n<p><img loading=\"lazy\" decoding=\"async\" class=\" size-full wp-image-1099 alignnone\" src=\"https:\/\/www.greenrio.com.br\/wp-content\/uploads\/colagemGR2016.jpg\" alt=\"colagemGR2016\" width=\"650\" height=\"370\" srcset=\"https:\/\/www.greenrio.com.br\/wp-content\/uploads\/colagemGR2016.jpg 650w, https:\/\/www.greenrio.com.br\/wp-content\/uploads\/colagemGR2016-300x171.jpg 300w\" sizes=\"auto, (max-width: 650px) 100vw, 650px\" \/><\/p>\n<p style=\"text-align: justify;\"><span style=\"font-family: Arial, Helvetica, sans-serif; font-size: 12pt;\">A Marina da Gl\u00f3ria recebeu de 2 a 4 de junho a 5\u00aa edi\u00e7\u00e3o do Green Rio, evento de economia verde e do setor org\u00e2nico, reconhecido como plataforma para neg\u00f3cios sustent\u00e1veis. Mais de 60 expositores comprometidos com alimenta\u00e7\u00e3o saud\u00e1vel, produ\u00e7\u00e3o sustent\u00e1vel e bioeconomia receberam 2.500 visitantes durante o evento.<\/span><\/p>\n<p style=\"text-align: justify;\"><span style=\"font-family: Arial, Helvetica, sans-serif; font-size: 12pt;\"> Durante os tr\u00eas dias do Green Rio foram realizadas rodadas de neg\u00f3cios. No primeiro dia em parceria com a Associa\u00e7\u00e3o Brasileira dos Exportadores e Importadores de Alimentos e Bebidas (ABBA) com a presen\u00e7a de compradores internacionais. No segundo dia em parceria com Rio Alimenta\u00e7\u00e3o Sustent\u00e1vel e caterings que participar\u00e3o dos Jogos Ol\u00edmpicos e no terceiro dia em parceria com o programa Sebrae no P\u00f3dio que capacitou pequenas e m\u00e9dias empresas para o fornecimento dos Jogos 2016.<\/span><\/p>\n<p style=\"text-align: justify;\"><span style=\"font-family: Arial, Helvetica, sans-serif; font-size: 12pt;\">Palestrantes brasileiros e internacionais falaram sobre Bioeconomia no Green Rio, destacando o decl\u00ednio da economia do petr\u00f3leo, apresentando indicadores de como os investimentos globais se voltam para energias renov\u00e1veis e compromissos com produ\u00e7\u00e3o sustent\u00e1vel e seguran\u00e7a alimentar.<\/span><\/p>\n<p style=\"text-align: justify;\"><span style=\"font-family: Arial, Helvetica, sans-serif; font-size: 12pt;\">O tema NEXUS \u2013 Alimento-\u00c1gua-Energia foi abordado pelo Projeto Cultivando \u00c1gua Boa\/Itaipu Binacional e pelo projeto INTECRAL, que envolve a parceria Universidade de Col\u00f4nia e Rio Rural.<\/span><\/p>\n<p style=\"text-align: justify;\"><span style=\"font-family: Arial, Helvetica, sans-serif; font-size: 12pt;\">O SESC trouxe para o Green Rio oficinas sobre aproveitamento integral de alimentos e promoveu rodas de conversa em seu estande que ficou lotado durante os tr\u00eas dias do evento por um p\u00fablico interessado em saber mais sobre desperd\u00edcio de alimentos e alimenta\u00e7\u00e3o saud\u00e1vel.<\/span><\/p>\n<p style=\"text-align: justify;\"><span style=\"font-family: Arial, Helvetica, sans-serif; font-size: 12pt;\">A rede de supermercados Zona Sul ocupou a pra\u00e7a central do evento, na qual gestores de diversas categorias que conversaram com os expositores e participaram das rodadas de neg\u00f3cios. Al\u00e9m disso, houve veicula\u00e7\u00e3o promovendo o Green Rio no encarte semanal do Zona Sul no per\u00edodo do evento (50.000 exemplares distribu\u00eddos em 34 pontos de venda, nos seguintes bairros Flamengo, Botafogo, Urca, Copacabana, Ipanema, Leblon, S\u00e3o Conrado, Barra e Recreio.)<\/span><\/p>\n<p style=\"text-align: justify;\"><span style=\"font-family: Arial, Helvetica, sans-serif; font-size: 12pt;\">A Semana do Alimento Org\u00e2nico, foi o destaque do s\u00e1bado, quando um audit\u00f3rio lotado ouviu Rog\u00e9rio Dias, Coordenador do Agroecologia do Minist\u00e9rio do Meio Ambiente, dizer que \u201ctoda a sociedade deve participar ativamente na defini\u00e7\u00e3o do que queremos como alimento, como queremos que sejam produzidos e ofertados nossos alimentos e onde queremos comprar nossos alimentos.\u201d<\/span><\/p>\n<p style=\"text-align: justify;\"><span style=\"font-family: Arial, Helvetica, sans-serif; font-size: 12pt;\">O Green Rio apresentou este ano o resultado do pr\u00eamio Alimenta\u00e7\u00e3o Escolar Saud\u00e1vel, lan\u00e7ado no Green Rio 2015. O projeto Alimenta\u00e7\u00e3o Escolar Saud\u00e1vel RJ promovido por Planeta Org\u00e2nico, Sebrae e Firjan, tem como objetivo contribuir para a sa\u00fade de crian\u00e7as e jovens nos munic\u00edpios do Estado do Rio de Janeiro por meio da promo\u00e7\u00e3o do desenvolvimento local e regional e da alimenta\u00e7\u00e3o escolar saud\u00e1vel, beneficiando assim os pequenos neg\u00f3cios envolvidos na cadeia produtiva de alimentos e bebidas. Participaram ativamente do projeto Alimenta\u00e7\u00e3o Escolar Saud\u00e1vel 5 munic\u00edpios, 91 escolas, mais de 400 merendeiras e 30.271 alunos.<\/span><\/p>\n<p style=\"text-align: justify;\"><span style=\"font-family: Arial, Helvetica, sans-serif; font-size: 12pt;\">Para\u00edba do Sul e Tr\u00eas Rios foram os munic\u00edpios que mais se destacaram no quadro geral do projeto. Itaperuna foi a cidade que conseguiu maior redu\u00e7\u00e3o de gorduras e processados, Pinheiral do percentual de sal e Trajano de Moraes de a\u00e7\u00facar. Para os pr\u00f3ximos anos, o projeto deseja consolidar as boas pr\u00e1ticas, promovendo o padr\u00e3o saud\u00e1vel de alimenta\u00e7\u00e3o escolar e tamb\u00e9m desenvolvimento local.<\/span><\/p>\n<p style=\"text-align: justify;\"><strong><span style=\"font-family: Arial, Helvetica, sans-serif; font-size: 12pt;\">Sobre o Green Rio<\/span><\/strong><\/p>\n<p style=\"text-align: justify;\"><span style=\"font-family: Arial, Helvetica, sans-serif; font-size: 12pt;\">\u00a0O Green Rio teve sua primeira edi\u00e7\u00e3o em 2012, quando foi um side-event da Rio +20. Ao longo desses quatro anos, o evento se firmou como plataforma de neg\u00f3cios sustent\u00e1veis que re\u00fane expositores, palestrantes e representantes da economia verde e do setor org\u00e2nico. Em rodadas de neg\u00f3cios, o Green Rio j\u00e1 movimentou at\u00e9 hoje em suas quatro edi\u00e7\u00f5es mais de R$ 10 milh\u00f5es.<\/span><\/p>\n<hr \/>\n<p>&nbsp;<br \/>\n[\/et_pb_text][\/et_pb_column][\/et_pb_row][\/et_pb_section][et_pb_section fb_built=&#8221;1&#8243; _builder_version=&#8221;4.5.2&#8243; _module_preset=&#8221;default&#8221; locked=&#8221;off&#8221;][et_pb_row _builder_version=&#8221;4.5.2&#8243; _module_preset=&#8221;default&#8221;][et_pb_column type=&#8221;4_4&#8243; _builder_version=&#8221;4.5.2&#8243; _module_preset=&#8221;default&#8221;][et_pb_text _builder_version=&#8221;4.5.2&#8243; vertical_offset_tablet=&#8221;0&#8243; horizontal_offset_tablet=&#8221;0&#8243; module_alignment=&#8221;right&#8221; z_index_tablet=&#8221;0&#8243; text_text_shadow_horizontal_length_tablet=&#8221;0px&#8221; text_text_shadow_vertical_length_tablet=&#8221;0px&#8221; text_text_shadow_blur_strength_tablet=&#8221;1px&#8221; link_text_shadow_horizontal_length_tablet=&#8221;0px&#8221; link_text_shadow_vertical_length_tablet=&#8221;0px&#8221; link_text_shadow_blur_strength_tablet=&#8221;1px&#8221; ul_text_shadow_horizontal_length_tablet=&#8221;0px&#8221; ul_text_shadow_vertical_length_tablet=&#8221;0px&#8221; ul_text_shadow_blur_strength_tablet=&#8221;1px&#8221; ol_text_shadow_horizontal_length_tablet=&#8221;0px&#8221; ol_text_shadow_vertical_length_tablet=&#8221;0px&#8221; ol_text_shadow_blur_strength_tablet=&#8221;1px&#8221; quote_text_shadow_horizontal_length_tablet=&#8221;0px&#8221; quote_text_shadow_vertical_length_tablet=&#8221;0px&#8221; quote_text_shadow_blur_strength_tablet=&#8221;1px&#8221; header_text_shadow_horizontal_length_tablet=&#8221;0px&#8221; header_text_shadow_vertical_length_tablet=&#8221;0px&#8221; header_text_shadow_blur_strength_tablet=&#8221;1px&#8221; header_2_text_shadow_horizontal_length_tablet=&#8221;0px&#8221; header_2_text_shadow_vertical_length_tablet=&#8221;0px&#8221; header_2_text_shadow_blur_strength_tablet=&#8221;1px&#8221; header_3_text_shadow_horizontal_length_tablet=&#8221;0px&#8221; header_3_text_shadow_vertical_length_tablet=&#8221;0px&#8221; header_3_text_shadow_blur_strength_tablet=&#8221;1px&#8221; header_4_text_shadow_horizontal_length_tablet=&#8221;0px&#8221; header_4_text_shadow_vertical_length_tablet=&#8221;0px&#8221; header_4_text_shadow_blur_strength_tablet=&#8221;1px&#8221; header_5_text_shadow_horizontal_length_tablet=&#8221;0px&#8221; header_5_text_shadow_vertical_length_tablet=&#8221;0px&#8221; header_5_text_shadow_blur_strength_tablet=&#8221;1px&#8221; header_6_text_shadow_horizontal_length_tablet=&#8221;0px&#8221; header_6_text_shadow_vertical_length_tablet=&#8221;0px&#8221; header_6_text_shadow_blur_strength_tablet=&#8221;1px&#8221; box_shadow_horizontal_tablet=&#8221;0px&#8221; box_shadow_vertical_tablet=&#8221;0px&#8221; box_shadow_blur_tablet=&#8221;40px&#8221; box_shadow_spread_tablet=&#8221;0px&#8221; global_module=&#8221;12643&#8243;]<\/p>\n<p style=\"text-align: right;\"><em><span style=\"font-size: 12px;\">Concordo com <a href=\"https:\/\/www.greenrio.com.br\/index.php\/termo-de-uso\/\" target=\"_blank\" rel=\"noopener noreferrer\">termos de uso<\/a> e <a href=\"https:\/\/www.greenrio.com.br\/index.php\/politica-de-privacidade\/\" target=\"_blank\" rel=\"noopener noreferrer\">pol\u00edticas de privacidade<\/a> do Green Rio<\/span><\/em><\/p>\n<p>[\/et_pb_text][\/et_pb_column][\/et_pb_row][\/et_pb_section]<\/p>\n","protected":false},"excerpt":{"rendered":"<p>&nbsp; &nbsp;Green Rio 2016 na Marina da Gl\u00f3ria supera expectativas e recebe mais de 2.500 visitantes! Rodadas de Neg\u00f3cios movimentaram 15\u00a0milh\u00f5es de reais. A Marina da Gl\u00f3ria recebeu de 2 a 4 de junho a 5\u00aa edi\u00e7\u00e3o do Green Rio, evento de economia verde e do setor org\u00e2nico, reconhecido como plataforma para neg\u00f3cios sustent\u00e1veis. Mais [&hellip;]<\/p>\n","protected":false},"author":1,"featured_media":0,"parent":0,"menu_order":0,"comment_status":"closed","ping_status":"open","template":"","meta":{"_et_pb_use_builder":"on","_et_pb_old_content":"<p><span style=\"font-size: 14pt;\"><strong><span style=\"font-family: Arial, Helvetica, sans-serif;\">Green Rio 2016 na Marina da Gl\u00f3ria supera expectativas e recebe mais de 2.500 visitantes!<\/span><\/strong><\/span><\/p><p><strong><span style=\"font-family: Arial, Helvetica, sans-serif; font-size: 12pt;\">Rodadas de Neg\u00f3cios movimentaram 8 milh\u00f5es de reais.<\/span><\/strong><\/p><p><img class=\" size-full wp-image-1099 alignnone\" src=\"http:\/\/www.greenrio.com.br\/wp-content\/uploads\/colagemGR2016.jpg\" alt=\"colagemGR2016\" width=\"650\" height=\"370\" \/><\/p><p style=\"text-align: justify;\"><span style=\"font-family: Arial, Helvetica, sans-serif; font-size: 12pt;\">A Marina da Gl\u00f3ria recebeu de 2 a 4 de junho a 5\u00aa edi\u00e7\u00e3o do Green Rio, evento de economia verde e do setor org\u00e2nico, reconhecido como plataforma para neg\u00f3cios sustent\u00e1veis. Mais de 60 expositores comprometidos com alimenta\u00e7\u00e3o saud\u00e1vel, produ\u00e7\u00e3o sustent\u00e1vel e bioeconomia receberam 2.100 visitantes durante o evento.<\/span><br \/> <br \/><span style=\"font-family: Arial, Helvetica, sans-serif; font-size: 12pt;\"> Durante os tr\u00eas dias do Green Rio foram realizadas rodadas de neg\u00f3cios. No primeiro dia em parceria com a Associa\u00e7\u00e3o Brasileira dos Exportadores e Importadores de Alimentos e Bebidas (ABBA) com a presen\u00e7a de compradores internacionais. No segundo dia em parceria com Rio Alimenta\u00e7\u00e3o Sustent\u00e1vel e caterings que participar\u00e3o dos Jogos Ol\u00edmpicos e no terceiro dia em parceria com o programa Sebrae no P\u00f3dio que capacitou pequenas e m\u00e9dias empresas para o fornecimento dos Jogos 2016.<\/span><\/p><p style=\"text-align: justify;\"><span style=\"font-family: Arial, Helvetica, sans-serif; font-size: 12pt;\">Segundo Maria Beatriz Martins Costa, coordenadora do Green Rio, as rodadas somaram um volume de aproximadamente R$ 8 milh\u00f5es.<\/span><\/p><p style=\"text-align: justify;\"><span style=\"font-family: Arial, Helvetica, sans-serif; font-size: 12pt;\">Palestrantes brasileiros e internacionais falaram sobre Bioeconomia no Green Rio, destacando o decl\u00ednio da economia do petr\u00f3leo, apresentando indicadores de como os investimentos globais se voltam para energias renov\u00e1veis e compromissos com produ\u00e7\u00e3o sustent\u00e1vel e seguran\u00e7a alimentar.<\/span><\/p><p style=\"text-align: justify;\"><span style=\"font-family: Arial, Helvetica, sans-serif; font-size: 12pt;\">O tema NEXUS \u2013 Alimento-\u00c1gua-Energia foi abordado pelo Projeto Cultivando \u00c1gua Boa\/Itaipu Binacional e pelo projeto INTECRAL, que envolve a parceria Universidade de Col\u00f4nia e Rio Rural.<\/span><\/p><p style=\"text-align: justify;\"><span style=\"font-family: Arial, Helvetica, sans-serif; font-size: 12pt;\">O SESC trouxe para o Green Rio oficinas sobre aproveitamento integral de alimentos e promoveu rodas de conversa em seu estande que ficou lotado durante os tr\u00eas dias do evento por um p\u00fablico interessado em saber mais sobre desperd\u00edcio de alimentos e alimenta\u00e7\u00e3o saud\u00e1vel.<\/span><\/p><p style=\"text-align: justify;\"><span style=\"font-family: Arial, Helvetica, sans-serif; font-size: 12pt;\">A rede de supermercados Zona Sul ocupou a pra\u00e7a central do evento, na qual gestores de diversas categorias que conversaram com os expositores e participaram das rodadas de neg\u00f3cios. Al\u00e9m disso, houve veicula\u00e7\u00e3o promovendo o Green Rio no encarte semanal do Zona Sul no per\u00edodo do evento (50.000 exemplares distribu\u00eddos em 34 pontos de venda, nos seguintes bairros Flamengo, Botafogo, Urca, Copacabana, Ipanema, Leblon, S\u00e3o Conrado, Barra e Recreio.)<\/span><\/p><p style=\"text-align: justify;\"><span style=\"font-family: Arial, Helvetica, sans-serif; font-size: 12pt;\">A Semana do Alimento Org\u00e2nico, foi o destaque do s\u00e1bado, quando um audit\u00f3rio lotado ouviu Rog\u00e9rio Dias, Coordenador do Agroecologia do Minist\u00e9rio do Meio Ambiente, dizer que \u201ctoda a sociedade deve participar ativamente na defini\u00e7\u00e3o do que queremos como alimento, como queremos que sejam produzidos e ofertados nossos alimentos e onde queremos comprar nossos alimentos.\u201d<\/span><\/p><p style=\"text-align: justify;\"><span style=\"font-family: Arial, Helvetica, sans-serif; font-size: 12pt;\">O Green Rio apresentou este ano o resultado do pr\u00eamio Alimenta\u00e7\u00e3o Escolar Saud\u00e1vel, lan\u00e7ado no Green Rio 2015. O projeto Alimenta\u00e7\u00e3o Escolar Saud\u00e1vel RJ promovido por Planeta Org\u00e2nico, Sebrae e Firjan, tem como objetivo contribuir para a sa\u00fade de crian\u00e7as e jovens nos munic\u00edpios do Estado do Rio de Janeiro por meio da promo\u00e7\u00e3o do desenvolvimento local e regional e da alimenta\u00e7\u00e3o escolar saud\u00e1vel, beneficiando assim os pequenos neg\u00f3cios envolvidos na cadeia produtiva de alimentos e bebidas. Participaram ativamente do projeto Alimenta\u00e7\u00e3o Escolar Saud\u00e1vel 5 munic\u00edpios, 91 escolas, mais de 400 merendeiras e 30.271 alunos.<\/span><\/p><p style=\"text-align: justify;\"><span style=\"font-family: Arial, Helvetica, sans-serif; font-size: 12pt;\">Para\u00edba do Sul e Tr\u00eas Rios foram os munic\u00edpios que mais se destacaram no quadro geral do projeto. Itaperuna foi a cidade que conseguiu maior redu\u00e7\u00e3o de gorduras e processados, Pinheiral do percentual de sal e Trajano de Moraes de a\u00e7\u00facar. Para os pr\u00f3ximos anos, o projeto deseja consolidar as boas pr\u00e1ticas, promovendo o padr\u00e3o saud\u00e1vel de alimenta\u00e7\u00e3o escolar e tamb\u00e9m desenvolvimento local.<\/span><\/p><p style=\"text-align: justify;\"><strong><span style=\"font-family: Arial, Helvetica, sans-serif; font-size: 12pt;\">Sobre o Green Rio<\/span><\/strong><\/p><p style=\"text-align: justify;\"><span style=\"font-family: Arial, Helvetica, sans-serif; font-size: 12pt;\">\u00a0O Green Rio teve sua primeira edi\u00e7\u00e3o em 2012, quando foi um side-event da Rio +20. Ao longo desses quatro anos, o evento se firmou como plataforma de neg\u00f3cios sustent\u00e1veis que re\u00fane expositores, palestrantes e representantes da economia verde e do setor org\u00e2nico. Em rodadas de neg\u00f3cios, o Green Rio j\u00e1 movimentou at\u00e9 hoje em suas quatro edi\u00e7\u00f5es mais de R$ 10 milh\u00f5es.<\/span><\/p><hr \/><p>\u00a0<\/p>","_et_gb_content_width":"","footnotes":""},"class_list":["post-1098","page","type-page","status-publish","hentry"],"_links":{"self":[{"href":"https:\/\/www.greenrio.com.br\/index.php\/wp-json\/wp\/v2\/pages\/1098","targetHints":{"allow":["GET"]}}],"collection":[{"href":"https:\/\/www.greenrio.com.br\/index.php\/wp-json\/wp\/v2\/pages"}],"about":[{"href":"https:\/\/www.greenrio.com.br\/index.php\/wp-json\/wp\/v2\/types\/page"}],"author":[{"embeddable":true,"href":"https:\/\/www.greenrio.com.br\/index.php\/wp-json\/wp\/v2\/users\/1"}],"replies":[{"embeddable":true,"href":"https:\/\/www.greenrio.com.br\/index.php\/wp-json\/wp\/v2\/comments?post=1098"}],"version-history":[{"count":15,"href":"https:\/\/www.greenrio.com.br\/index.php\/wp-json\/wp\/v2\/pages\/1098\/revisions"}],"predecessor-version":[{"id":12775,"href":"https:\/\/www.greenrio.com.br\/index.php\/wp-json\/wp\/v2\/pages\/1098\/revisions\/12775"}],"wp:attachment":[{"href":"https:\/\/www.greenrio.com.br\/index.php\/wp-json\/wp\/v2\/media?parent=1098"}],"curies":[{"name":"wp","href":"https:\/\/api.w.org\/{rel}","templated":true}]}}